{"id":2274,"date":"2015-01-30T16:16:52","date_gmt":"2015-01-30T15:16:52","guid":{"rendered":"http:\/\/fcce.webs.uvigo.es\/calidade\/queixas-suxestions-e-parabens\/"},"modified":"2019-10-11T11:09:05","modified_gmt":"2019-10-11T09:09:05","slug":"quejas-sugerencias-y-felicitaciones","status":"publish","type":"page","link":"https:\/\/cytaa.uvigo.es\/es\/facultad\/calidad\/quejas-sugerencias-y-felicitaciones\/","title":{"rendered":"Quejas, sugerencias y felicitaciones"},"content":{"rendered":"<p>Las quejas, sugerencias y felicitaciones se pueden enviar de manera an\u00f3nima. Si el usuario o usuaria desea una respuesta deber\u00e1 facilitar un correo electr\u00f3nico o los datos necesarios para una respuesta por correo ordinario. El plazo de respuesta ser\u00e1 como m\u00e1ximo de 15 d\u00edas h\u00e1biles.<\/p>\n<p>Este sistema es independiente de las actuaciones del Tribunal de Garant\u00edas y del sistema de recursos administrativos previsto en la Ley 30\/1992, del 26 de noviembre, del R\u00e9gimen Jur\u00eddico de las Administraciones P\u00fablicas y del Procedimiento Administrativo Com\u00fan. Las quejas presentadas no tendr\u00e1n car\u00e1cter de recurso administrativo ni su presentaci\u00f3n interrumpir\u00e1 los plazos establecidos en la normativa vigente. La presentaci\u00f3n de quejas no supondr\u00e1, en ning\u00fan caso, la renuncia al ejercicio de otros derechos y acciones que puedan ejercer cualquier interesado o interesada.<\/p>\n<p class=\"mb-2\"><a class=\"btn btn-outline-primary btn-icon\" style=\"text-transform: none;\" href=\"https:\/\/secretaria.uvigo.gal\/uv\/web\/qsp\/\" target=\"_blank\" rel=\"noopener\">Accede al buz\u00f3n QSP<\/a><\/p>\n","protected":false},"excerpt":{"rendered":"<p>Bienvenida\/o al sistema de quejas, sugerencias y felicitaciones de la Universidade de Vigo. Esta caja est\u00e1 abierta a que estudiantes, personal y ciudadan\u00eda en general, dispongan de una v\u00eda a trav\u00e9s de la que exponer cuestiones relacionadas con la calidad y mejora del servicio p\u00fablico prestado por las unidades, oficinas y servicios de la universidad<\/p>\n","protected":false},"author":8,"featured_media":0,"parent":2259,"menu_order":5,"comment_status":"closed","ping_status":"closed","template":"","meta":{"_acf_changed":false,"footnotes":""},"acf":[],"yoast_head":"<title>Quejas, sugerencias y felicitaciones | Facultade de Ciencias<\/title>\n<meta name=\"robots\" content=\"index, follow, max-snippet:-1, max-image-preview:large, max-video-preview:-1\" \/>\n<link rel=\"canonical\" href=\"https:\/\/fcou.uvigo.es\/es\/facultad\/calidad\/quejas-sugerencias-y-felicitaciones\/\" \/>\n<meta property=\"og:locale\" content=\"es_ES\" \/>\n<meta property=\"og:type\" content=\"article\" \/>\n<meta property=\"og:title\" content=\"Quejas, sugerencias y felicitaciones | Facultade de Ciencias\" \/>\n<meta property=\"og:description\" content=\"Bienvenida\/o al sistema de quejas, sugerencias y felicitaciones de la Universidade de Vigo. Esta caja est\u00e1 abierta a que estudiantes, personal y ciudadan\u00eda en general, dispongan de una v\u00eda a trav\u00e9s de la que exponer cuestiones relacionadas con la calidad y mejora del servicio p\u00fablico prestado por las unidades, oficinas y servicios de la universidad\" \/>\n<meta property=\"og:url\" content=\"https:\/\/fcou.uvigo.es\/es\/facultad\/calidad\/quejas-sugerencias-y-felicitaciones\/\" \/>\n<meta property=\"og:site_name\" content=\"Facultade de Ciencias\" \/>\n<meta property=\"article:modified_time\" content=\"2019-10-11T09:09:05+00:00\" \/>\n<meta name=\"twitter:card\" content=\"summary_large_image\" \/>\n<meta name=\"twitter:label1\" content=\"Est. reading time\" \/>\n\t<meta name=\"twitter:data1\" content=\"1 minute\" \/>\n<script type=\"application\/ld+json\" class=\"yoast-schema-graph\">{\"@context\":\"https:\/\/schema.org\",\"@graph\":[{\"@type\":\"WebPage\",\"@id\":\"https:\/\/fcou.uvigo.es\/es\/facultad\/calidad\/quejas-sugerencias-y-felicitaciones\/\",\"url\":\"https:\/\/fcou.uvigo.es\/es\/facultad\/calidad\/quejas-sugerencias-y-felicitaciones\/\",\"name\":\"Quejas, sugerencias y felicitaciones | Facultade de Ciencias\",\"isPartOf\":{\"@id\":\"https:\/\/fcou.uvigo.es\/#website\"},\"datePublished\":\"2015-01-30T15:16:52+00:00\",\"dateModified\":\"2019-10-11T09:09:05+00:00\",\"breadcrumb\":{\"@id\":\"https:\/\/fcou.uvigo.es\/es\/facultad\/calidad\/quejas-sugerencias-y-felicitaciones\/#breadcrumb\"},\"inLanguage\":\"es-ES\",\"potentialAction\":[{\"@type\":\"ReadAction\",\"target\":[\"https:\/\/fcou.uvigo.es\/es\/facultad\/calidad\/quejas-sugerencias-y-felicitaciones\/\"]}]},{\"@type\":\"BreadcrumbList\",\"@id\":\"https:\/\/fcou.uvigo.es\/es\/facultad\/calidad\/quejas-sugerencias-y-felicitaciones\/#breadcrumb\",\"itemListElement\":[{\"@type\":\"ListItem\",\"position\":1,\"name\":\"Facultad\",\"item\":\"https:\/\/www.fcou.uvigo.es\/es\/facultad\/\"},{\"@type\":\"ListItem\",\"position\":2,\"name\":\"Calidad\",\"item\":\"https:\/\/www.fcou.uvigo.es\/es\/facultad\/calidad\/\"},{\"@type\":\"ListItem\",\"position\":3,\"name\":\"Quejas, sugerencias y felicitaciones\"}]},{\"@type\":\"WebSite\",\"@id\":\"https:\/\/fcou.uvigo.es\/#website\",\"url\":\"https:\/\/fcou.uvigo.es\/\",\"name\":\"Facultade de Ciencias da Universidade de Vigo\",\"description\":\"Sitio web da Facultade de Ciencias\",\"publisher\":{\"@id\":\"https:\/\/fcou.uvigo.es\/#organization\"},\"potentialAction\":[{\"@type\":\"SearchAction\",\"target\":{\"@type\":\"EntryPoint\",\"urlTemplate\":\"https:\/\/fcou.uvigo.es\/?s={search_term_string}\"},\"query-input\":{\"@type\":\"PropertyValueSpecification\",\"valueRequired\":true,\"valueName\":\"search_term_string\"}}],\"inLanguage\":\"es-ES\"},{\"@type\":\"Organization\",\"@id\":\"https:\/\/fcou.uvigo.es\/#organization\",\"name\":\"Facultade de Ciencias da Universidade de Vigo\",\"url\":\"https:\/\/fcou.uvigo.es\/\",\"logo\":{\"@type\":\"ImageObject\",\"inLanguage\":\"es-ES\",\"@id\":\"https:\/\/fcou.uvigo.es\/#\/schema\/logo\/image\/\",\"url\":\"https:\/\/cytaa.uvigo.es\/wp-content\/uploads\/2024\/04\/facultade-ciencias-ourense.png\",\"contentUrl\":\"https:\/\/cytaa.uvigo.es\/wp-content\/uploads\/2024\/04\/facultade-ciencias-ourense.png\",\"width\":717,\"height\":165,\"caption\":\"Facultade de Ciencias da Universidade de Vigo\"},\"image\":{\"@id\":\"https:\/\/fcou.uvigo.es\/#\/schema\/logo\/image\/\"}}]}<\/script>","yoast_head_json":{"title":"Quejas, sugerencias y felicitaciones | Facultade de Ciencias","robots":{"index":"index","follow":"follow","max-snippet":"max-snippet:-1","max-image-preview":"max-image-preview:large","max-video-preview":"max-video-preview:-1"},"canonical":"https:\/\/fcou.uvigo.es\/es\/facultad\/calidad\/quejas-sugerencias-y-felicitaciones\/","og_locale":"es_ES","og_type":"article","og_title":"Quejas, sugerencias y felicitaciones | Facultade de Ciencias","og_description":"Bienvenida\/o al sistema de quejas, sugerencias y felicitaciones de la Universidade de Vigo. Esta caja est\u00e1 abierta a que estudiantes, personal y ciudadan\u00eda en general, dispongan de una v\u00eda a trav\u00e9s de la que exponer cuestiones relacionadas con la calidad y mejora del servicio p\u00fablico prestado por las unidades, oficinas y servicios de la universidad","og_url":"https:\/\/fcou.uvigo.es\/es\/facultad\/calidad\/quejas-sugerencias-y-felicitaciones\/","og_site_name":"Facultade de Ciencias","article_modified_time":"2019-10-11T09:09:05+00:00","twitter_card":"summary_large_image","twitter_misc":{"Est. reading time":"1 minute"},"schema":{"@context":"https:\/\/schema.org","@graph":[{"@type":"WebPage","@id":"https:\/\/fcou.uvigo.es\/es\/facultad\/calidad\/quejas-sugerencias-y-felicitaciones\/","url":"https:\/\/fcou.uvigo.es\/es\/facultad\/calidad\/quejas-sugerencias-y-felicitaciones\/","name":"Quejas, sugerencias y felicitaciones | Facultade de Ciencias","isPartOf":{"@id":"https:\/\/fcou.uvigo.es\/#website"},"datePublished":"2015-01-30T15:16:52+00:00","dateModified":"2019-10-11T09:09:05+00:00","breadcrumb":{"@id":"https:\/\/fcou.uvigo.es\/es\/facultad\/calidad\/quejas-sugerencias-y-felicitaciones\/#breadcrumb"},"inLanguage":"es-ES","potentialAction":[{"@type":"ReadAction","target":["https:\/\/fcou.uvigo.es\/es\/facultad\/calidad\/quejas-sugerencias-y-felicitaciones\/"]}]},{"@type":"BreadcrumbList","@id":"https:\/\/fcou.uvigo.es\/es\/facultad\/calidad\/quejas-sugerencias-y-felicitaciones\/#breadcrumb","itemListElement":[{"@type":"ListItem","position":1,"name":"Facultad","item":"https:\/\/www.fcou.uvigo.es\/es\/facultad\/"},{"@type":"ListItem","position":2,"name":"Calidad","item":"https:\/\/www.fcou.uvigo.es\/es\/facultad\/calidad\/"},{"@type":"ListItem","position":3,"name":"Quejas, sugerencias y felicitaciones"}]},{"@type":"WebSite","@id":"https:\/\/fcou.uvigo.es\/#website","url":"https:\/\/fcou.uvigo.es\/","name":"Facultade de Ciencias da Universidade de Vigo","description":"Sitio web da Facultade de Ciencias","publisher":{"@id":"https:\/\/fcou.uvigo.es\/#organization"},"potentialAction":[{"@type":"SearchAction","target":{"@type":"EntryPoint","urlTemplate":"https:\/\/fcou.uvigo.es\/?s={search_term_string}"},"query-input":{"@type":"PropertyValueSpecification","valueRequired":true,"valueName":"search_term_string"}}],"inLanguage":"es-ES"},{"@type":"Organization","@id":"https:\/\/fcou.uvigo.es\/#organization","name":"Facultade de Ciencias da Universidade de Vigo","url":"https:\/\/fcou.uvigo.es\/","logo":{"@type":"ImageObject","inLanguage":"es-ES","@id":"https:\/\/fcou.uvigo.es\/#\/schema\/logo\/image\/","url":"https:\/\/cytaa.uvigo.es\/wp-content\/uploads\/2024\/04\/facultade-ciencias-ourense.png","contentUrl":"https:\/\/cytaa.uvigo.es\/wp-content\/uploads\/2024\/04\/facultade-ciencias-ourense.png","width":717,"height":165,"caption":"Facultade de Ciencias da Universidade de Vigo"},"image":{"@id":"https:\/\/fcou.uvigo.es\/#\/schema\/logo\/image\/"}}]}},"_links":{"self":[{"href":"https:\/\/cytaa.uvigo.es\/es\/wp-json\/wp\/v2\/pages\/2274"}],"collection":[{"href":"https:\/\/cytaa.uvigo.es\/es\/wp-json\/wp\/v2\/pages"}],"about":[{"href":"https:\/\/cytaa.uvigo.es\/es\/wp-json\/wp\/v2\/types\/page"}],"author":[{"embeddable":true,"href":"https:\/\/cytaa.uvigo.es\/es\/wp-json\/wp\/v2\/users\/8"}],"replies":[{"embeddable":true,"href":"https:\/\/cytaa.uvigo.es\/es\/wp-json\/wp\/v2\/comments?post=2274"}],"version-history":[{"count":10,"href":"https:\/\/cytaa.uvigo.es\/es\/wp-json\/wp\/v2\/pages\/2274\/revisions"}],"predecessor-version":[{"id":16801,"href":"https:\/\/cytaa.uvigo.es\/es\/wp-json\/wp\/v2\/pages\/2274\/revisions\/16801"}],"up":[{"embeddable":true,"href":"https:\/\/cytaa.uvigo.es\/es\/wp-json\/wp\/v2\/pages\/2259"}],"wp:attachment":[{"href":"https:\/\/cytaa.uvigo.es\/es\/wp-json\/wp\/v2\/media?parent=2274"}],"curies":[{"name":"wp","href":"https:\/\/api.w.org\/{rel}","templated":true}]}}