{"id":2267,"date":"2015-01-30T16:16:52","date_gmt":"2015-01-30T15:16:52","guid":{"rendered":"http:\/\/fcce.webs.uvigo.es\/calidade\/seguimento-de-titulos\/"},"modified":"2024-05-24T12:15:28","modified_gmt":"2024-05-24T10:15:28","slug":"seguimiento-de-titulos","status":"publish","type":"page","link":"https:\/\/cytaa.uvigo.es\/es\/facultad\/calidad\/seguimiento-de-titulos\/","title":{"rendered":"Seguimiento de T\u00edtulos"},"content":{"rendered":"<p>El procedimiento <a href=\"\/images\/docs\/calidade\/procedementos\/DO-0102_P1.pdf\" target=\"_blank\" rel=\"noopener\">DO-0102 P1<\/a> recoge la sistem\u00e1tica que permite asegurar la ejecuci\u00f3n efectiva de las ense\u00f1anzas conforme a lo recogido en el plan de estudios de la titulaci\u00f3n correspondiente y identificar las principales debilidades y buenas pr\u00e1cticas, todo esto como punto de partida hacia la mejora continua y como garant\u00eda para la acreditaci\u00f3n de los t\u00edtulos adscritos al centro.<\/p>\n<p>Su objetivo es garantizar que el desarrollo de la ense\u00f1anza es coherente con la memoria de la titulaci\u00f3n, incluye los elementos adecuados de informaci\u00f3n p\u00fablica y los mecanismos que permiten la mejora continua.<\/p>\n<p>Puedes consultar m\u00e1s informaci\u00f3n en:<\/p>\n<ul class=\"list-peak\">\n<li><a href=\"http:\/\/www.acsug.es\/gl\/titulos\/seguimento\" target=\"_blank\" rel=\"noopener\">Informaci\u00f3n sobre el seguimiento de los T\u00edtulos<\/a> &#8211; ACSUG<\/li>\n<li><a href=\"http:\/\/www.acsug.es\/sites\/default\/files\/guia_seg.-acred_grado_y_master_v2_2018.pdf\" target=\"_blank\" rel=\"noopener\">Gu\u00eda seguimiento y acreditaci\u00f3n grado y m\u00e1ster 2018<\/a> &#8211; ACSUG<\/li>\n<\/ul>\n","protected":false},"excerpt":{"rendered":"<p>El procedimiento DO-0102 P1 recoge la sistem\u00e1tica que permite asegurar la ejecuci\u00f3n efectiva de las ense\u00f1anzas conforme a lo recogido en el plan de estudios &hellip; <a class=\"excerpt_more\" href=\"https:\/\/cytaa.uvigo.es\/es\/facultad\/calidad\/seguimiento-de-titulos\/\">Contin\u00faa<\/a><\/p>\n","protected":false},"author":8,"featured_media":0,"parent":2259,"menu_order":3,"comment_status":"closed","ping_status":"closed","template":"","meta":{"_acf_changed":false,"footnotes":""},"acf":[],"yoast_head":"<title>Seguimiento de T\u00edtulos | Facultade de Ciencias<\/title>\n<meta name=\"robots\" content=\"index, follow, max-snippet:-1, max-image-preview:large, max-video-preview:-1\" \/>\n<link rel=\"canonical\" href=\"https:\/\/www.fcou.uvigo.es\/es\/facultad\/calidad\/seguimiento-de-titulos\/\" \/>\n<meta property=\"og:locale\" content=\"es_ES\" \/>\n<meta property=\"og:type\" content=\"article\" \/>\n<meta property=\"og:title\" content=\"Seguimiento de T\u00edtulos | Facultade de Ciencias\" \/>\n<meta property=\"og:description\" content=\"El procedimiento DO-0102 P1 recoge la sistem\u00e1tica que permite asegurar la ejecuci\u00f3n efectiva de las ense\u00f1anzas conforme a lo recogido en el plan de estudios &hellip; Contin\u00faa\" \/>\n<meta property=\"og:url\" content=\"https:\/\/www.fcou.uvigo.es\/es\/facultad\/calidad\/seguimiento-de-titulos\/\" \/>\n<meta property=\"og:site_name\" content=\"Facultade de Ciencias\" \/>\n<meta property=\"article:modified_time\" content=\"2024-05-24T10:15:28+00:00\" \/>\n<meta name=\"twitter:card\" content=\"summary_large_image\" \/>\n<meta name=\"twitter:label1\" content=\"Est. reading time\" \/>\n\t<meta name=\"twitter:data1\" content=\"1 minute\" \/>\n<script type=\"application\/ld+json\" class=\"yoast-schema-graph\">{\"@context\":\"https:\/\/schema.org\",\"@graph\":[{\"@type\":\"WebPage\",\"@id\":\"https:\/\/www.fcou.uvigo.es\/es\/facultad\/calidad\/seguimiento-de-titulos\/\",\"url\":\"https:\/\/www.fcou.uvigo.es\/es\/facultad\/calidad\/seguimiento-de-titulos\/\",\"name\":\"Seguimiento de T\u00edtulos | Facultade de Ciencias\",\"isPartOf\":{\"@id\":\"https:\/\/fcou.uvigo.es\/#website\"},\"datePublished\":\"2015-01-30T15:16:52+00:00\",\"dateModified\":\"2024-05-24T10:15:28+00:00\",\"breadcrumb\":{\"@id\":\"https:\/\/www.fcou.uvigo.es\/es\/facultad\/calidad\/seguimiento-de-titulos\/#breadcrumb\"},\"inLanguage\":\"es-ES\",\"potentialAction\":[{\"@type\":\"ReadAction\",\"target\":[\"https:\/\/www.fcou.uvigo.es\/es\/facultad\/calidad\/seguimiento-de-titulos\/\"]}]},{\"@type\":\"BreadcrumbList\",\"@id\":\"https:\/\/www.fcou.uvigo.es\/es\/facultad\/calidad\/seguimiento-de-titulos\/#breadcrumb\",\"itemListElement\":[{\"@type\":\"ListItem\",\"position\":1,\"name\":\"Facultad\",\"item\":\"https:\/\/www.fcou.uvigo.es\/es\/facultad\/\"},{\"@type\":\"ListItem\",\"position\":2,\"name\":\"Calidad\",\"item\":\"https:\/\/www.fcou.uvigo.es\/es\/facultad\/calidad\/\"},{\"@type\":\"ListItem\",\"position\":3,\"name\":\"Seguimiento de T\u00edtulos\"}]},{\"@type\":\"WebSite\",\"@id\":\"https:\/\/fcou.uvigo.es\/#website\",\"url\":\"https:\/\/fcou.uvigo.es\/\",\"name\":\"Facultade de Ciencias da Universidade de Vigo\",\"description\":\"Sitio web da Facultade de Ciencias\",\"publisher\":{\"@id\":\"https:\/\/fcou.uvigo.es\/#organization\"},\"potentialAction\":[{\"@type\":\"SearchAction\",\"target\":{\"@type\":\"EntryPoint\",\"urlTemplate\":\"https:\/\/fcou.uvigo.es\/?s={search_term_string}\"},\"query-input\":{\"@type\":\"PropertyValueSpecification\",\"valueRequired\":true,\"valueName\":\"search_term_string\"}}],\"inLanguage\":\"es-ES\"},{\"@type\":\"Organization\",\"@id\":\"https:\/\/fcou.uvigo.es\/#organization\",\"name\":\"Facultade de Ciencias da Universidade de Vigo\",\"url\":\"https:\/\/fcou.uvigo.es\/\",\"logo\":{\"@type\":\"ImageObject\",\"inLanguage\":\"es-ES\",\"@id\":\"https:\/\/fcou.uvigo.es\/#\/schema\/logo\/image\/\",\"url\":\"https:\/\/cytaa.uvigo.es\/wp-content\/uploads\/2024\/04\/facultade-ciencias-ourense.png\",\"contentUrl\":\"https:\/\/cytaa.uvigo.es\/wp-content\/uploads\/2024\/04\/facultade-ciencias-ourense.png\",\"width\":717,\"height\":165,\"caption\":\"Facultade de Ciencias da Universidade de Vigo\"},\"image\":{\"@id\":\"https:\/\/fcou.uvigo.es\/#\/schema\/logo\/image\/\"}}]}<\/script>","yoast_head_json":{"title":"Seguimiento de T\u00edtulos | Facultade de Ciencias","robots":{"index":"index","follow":"follow","max-snippet":"max-snippet:-1","max-image-preview":"max-image-preview:large","max-video-preview":"max-video-preview:-1"},"canonical":"https:\/\/www.fcou.uvigo.es\/es\/facultad\/calidad\/seguimiento-de-titulos\/","og_locale":"es_ES","og_type":"article","og_title":"Seguimiento de T\u00edtulos | Facultade de Ciencias","og_description":"El procedimiento DO-0102 P1 recoge la sistem\u00e1tica que permite asegurar la ejecuci\u00f3n efectiva de las ense\u00f1anzas conforme a lo recogido en el plan de estudios &hellip; Contin\u00faa","og_url":"https:\/\/www.fcou.uvigo.es\/es\/facultad\/calidad\/seguimiento-de-titulos\/","og_site_name":"Facultade de Ciencias","article_modified_time":"2024-05-24T10:15:28+00:00","twitter_card":"summary_large_image","twitter_misc":{"Est. reading time":"1 minute"},"schema":{"@context":"https:\/\/schema.org","@graph":[{"@type":"WebPage","@id":"https:\/\/www.fcou.uvigo.es\/es\/facultad\/calidad\/seguimiento-de-titulos\/","url":"https:\/\/www.fcou.uvigo.es\/es\/facultad\/calidad\/seguimiento-de-titulos\/","name":"Seguimiento de T\u00edtulos | Facultade de Ciencias","isPartOf":{"@id":"https:\/\/fcou.uvigo.es\/#website"},"datePublished":"2015-01-30T15:16:52+00:00","dateModified":"2024-05-24T10:15:28+00:00","breadcrumb":{"@id":"https:\/\/www.fcou.uvigo.es\/es\/facultad\/calidad\/seguimiento-de-titulos\/#breadcrumb"},"inLanguage":"es-ES","potentialAction":[{"@type":"ReadAction","target":["https:\/\/www.fcou.uvigo.es\/es\/facultad\/calidad\/seguimiento-de-titulos\/"]}]},{"@type":"BreadcrumbList","@id":"https:\/\/www.fcou.uvigo.es\/es\/facultad\/calidad\/seguimiento-de-titulos\/#breadcrumb","itemListElement":[{"@type":"ListItem","position":1,"name":"Facultad","item":"https:\/\/www.fcou.uvigo.es\/es\/facultad\/"},{"@type":"ListItem","position":2,"name":"Calidad","item":"https:\/\/www.fcou.uvigo.es\/es\/facultad\/calidad\/"},{"@type":"ListItem","position":3,"name":"Seguimiento de T\u00edtulos"}]},{"@type":"WebSite","@id":"https:\/\/fcou.uvigo.es\/#website","url":"https:\/\/fcou.uvigo.es\/","name":"Facultade de Ciencias da Universidade de Vigo","description":"Sitio web da Facultade de Ciencias","publisher":{"@id":"https:\/\/fcou.uvigo.es\/#organization"},"potentialAction":[{"@type":"SearchAction","target":{"@type":"EntryPoint","urlTemplate":"https:\/\/fcou.uvigo.es\/?s={search_term_string}"},"query-input":{"@type":"PropertyValueSpecification","valueRequired":true,"valueName":"search_term_string"}}],"inLanguage":"es-ES"},{"@type":"Organization","@id":"https:\/\/fcou.uvigo.es\/#organization","name":"Facultade de Ciencias da Universidade de Vigo","url":"https:\/\/fcou.uvigo.es\/","logo":{"@type":"ImageObject","inLanguage":"es-ES","@id":"https:\/\/fcou.uvigo.es\/#\/schema\/logo\/image\/","url":"https:\/\/cytaa.uvigo.es\/wp-content\/uploads\/2024\/04\/facultade-ciencias-ourense.png","contentUrl":"https:\/\/cytaa.uvigo.es\/wp-content\/uploads\/2024\/04\/facultade-ciencias-ourense.png","width":717,"height":165,"caption":"Facultade de Ciencias da Universidade de Vigo"},"image":{"@id":"https:\/\/fcou.uvigo.es\/#\/schema\/logo\/image\/"}}]}},"_links":{"self":[{"href":"https:\/\/cytaa.uvigo.es\/es\/wp-json\/wp\/v2\/pages\/2267"}],"collection":[{"href":"https:\/\/cytaa.uvigo.es\/es\/wp-json\/wp\/v2\/pages"}],"about":[{"href":"https:\/\/cytaa.uvigo.es\/es\/wp-json\/wp\/v2\/types\/page"}],"author":[{"embeddable":true,"href":"https:\/\/cytaa.uvigo.es\/es\/wp-json\/wp\/v2\/users\/8"}],"replies":[{"embeddable":true,"href":"https:\/\/cytaa.uvigo.es\/es\/wp-json\/wp\/v2\/comments?post=2267"}],"version-history":[{"count":17,"href":"https:\/\/cytaa.uvigo.es\/es\/wp-json\/wp\/v2\/pages\/2267\/revisions"}],"predecessor-version":[{"id":267953,"href":"https:\/\/cytaa.uvigo.es\/es\/wp-json\/wp\/v2\/pages\/2267\/revisions\/267953"}],"up":[{"embeddable":true,"href":"https:\/\/cytaa.uvigo.es\/es\/wp-json\/wp\/v2\/pages\/2259"}],"wp:attachment":[{"href":"https:\/\/cytaa.uvigo.es\/es\/wp-json\/wp\/v2\/media?parent=2267"}],"curies":[{"name":"wp","href":"https:\/\/api.w.org\/{rel}","templated":true}]}}