{"id":2252,"date":"2015-01-28T16:15:03","date_gmt":"2015-01-28T15:15:03","guid":{"rendered":"http:\/\/fcce.webs.uvigo.es\/mobilidade\/mobilidade-nacional\/"},"modified":"2024-05-23T18:34:14","modified_gmt":"2024-05-23T16:34:14","slug":"movilidad-nacional","status":"publish","type":"page","link":"https:\/\/cytaa.uvigo.es\/es\/estudiantes\/movilidad\/movilidad-nacional\/","title":{"rendered":"Movilidad nacional"},"content":{"rendered":"<h2>Programa SICUE<\/h2>\n<p>El programa SICUE (Sistema de Intercambio entre Centros Universitarios Espa\u00f1oles) permite realizar un periodo de estudios (un semestre o curso completo) en una universidad espa\u00f1ola diferente a la de origen del estudiante, sin que este pierda su condici\u00f3n de estudiante de la propia universidad, es decir, sin traslado de expediente.<\/p>\n<p>El Coordinador\/a de movilidad es la persona encargada, con apoyo del equipo administrativo del centro y de la universidad, de gestionar todo o proceso administrativo, del asesoramiento del estudiantado, tanto propio como de acogida, y de organizar la difusi\u00f3n de la informaci\u00f3n. La informaci\u00f3n sobre el programa se difunde en la p\u00e1gina web de la facultad y se organizan anualmente reuniones informativas y de asesoramiento.<\/p>\n<p>El estudiantado tiene a su disposici\u00f3n informaci\u00f3n sobre los planes de estudios de los centros de destino.<\/p>\n<p class=\"mb-2\"><a class=\"btn btn-outline-primary btn-icon\" style=\"text-transform: none;\" href=\"https:\/\/secretaria.uvigo.gal\/uv\/web\/convocatoria\/public\/tipo\/mobilidade-estudantes?qSearch=sicue\" target=\"_blank\" rel=\"noopener\">Consulta la convocatoria<\/a><\/p>\n","protected":false},"excerpt":{"rendered":"<p>Programa SICUE El programa SICUE (Sistema de Intercambio entre Centros Universitarios Espa\u00f1oles) permite realizar un periodo de estudios (un semestre o curso completo) en una &hellip; <a class=\"excerpt_more\" href=\"https:\/\/cytaa.uvigo.es\/es\/estudiantes\/movilidad\/movilidad-nacional\/\">Contin\u00faa<\/a><\/p>\n","protected":false},"author":8,"featured_media":0,"parent":2248,"menu_order":1,"comment_status":"closed","ping_status":"closed","template":"","meta":{"_acf_changed":false,"footnotes":""},"acf":[],"yoast_head":"<title>Movilidad nacional | Facultade de Ciencias<\/title>\n<meta name=\"robots\" content=\"index, follow, max-snippet:-1, max-image-preview:large, max-video-preview:-1\" \/>\n<link rel=\"canonical\" href=\"https:\/\/fcou.uvigo.es\/es\/estudiantes\/movilidad\/movilidad-nacional\/\" \/>\n<meta property=\"og:locale\" content=\"es_ES\" \/>\n<meta property=\"og:type\" content=\"article\" \/>\n<meta property=\"og:title\" content=\"Movilidad nacional | Facultade de Ciencias\" \/>\n<meta property=\"og:description\" content=\"Programa SICUE El programa SICUE (Sistema de Intercambio entre Centros Universitarios Espa\u00f1oles) permite realizar un periodo de estudios (un semestre o curso completo) en una &hellip; Contin\u00faa\" \/>\n<meta property=\"og:url\" content=\"https:\/\/fcou.uvigo.es\/es\/estudiantes\/movilidad\/movilidad-nacional\/\" \/>\n<meta property=\"og:site_name\" content=\"Facultade de Ciencias\" \/>\n<meta property=\"article:modified_time\" content=\"2024-05-23T16:34:14+00:00\" \/>\n<meta name=\"twitter:card\" content=\"summary_large_image\" \/>\n<meta name=\"twitter:label1\" content=\"Est. reading time\" \/>\n\t<meta name=\"twitter:data1\" content=\"1 minute\" \/>\n<script type=\"application\/ld+json\" class=\"yoast-schema-graph\">{\"@context\":\"https:\/\/schema.org\",\"@graph\":[{\"@type\":\"WebPage\",\"@id\":\"https:\/\/fcou.uvigo.es\/es\/estudiantes\/movilidad\/movilidad-nacional\/\",\"url\":\"https:\/\/fcou.uvigo.es\/es\/estudiantes\/movilidad\/movilidad-nacional\/\",\"name\":\"Movilidad nacional | Facultade de Ciencias\",\"isPartOf\":{\"@id\":\"https:\/\/fcou.uvigo.es\/#website\"},\"datePublished\":\"2015-01-28T15:15:03+00:00\",\"dateModified\":\"2024-05-23T16:34:14+00:00\",\"breadcrumb\":{\"@id\":\"https:\/\/fcou.uvigo.es\/es\/estudiantes\/movilidad\/movilidad-nacional\/#breadcrumb\"},\"inLanguage\":\"es-ES\",\"potentialAction\":[{\"@type\":\"ReadAction\",\"target\":[\"https:\/\/fcou.uvigo.es\/es\/estudiantes\/movilidad\/movilidad-nacional\/\"]}]},{\"@type\":\"BreadcrumbList\",\"@id\":\"https:\/\/fcou.uvigo.es\/es\/estudiantes\/movilidad\/movilidad-nacional\/#breadcrumb\",\"itemListElement\":[{\"@type\":\"ListItem\",\"position\":1,\"name\":\"Estudiantes\",\"item\":\"https:\/\/www.fcou.uvigo.es\/es\/estudiantes\/\"},{\"@type\":\"ListItem\",\"position\":2,\"name\":\"Movilidad\",\"item\":\"https:\/\/fcou.uvigo.es\/es\/estudiantes\/movilidad\/\"},{\"@type\":\"ListItem\",\"position\":3,\"name\":\"Movilidad nacional\"}]},{\"@type\":\"WebSite\",\"@id\":\"https:\/\/fcou.uvigo.es\/#website\",\"url\":\"https:\/\/fcou.uvigo.es\/\",\"name\":\"Facultade de Ciencias da Universidade de Vigo\",\"description\":\"Sitio web da Facultade de Ciencias\",\"publisher\":{\"@id\":\"https:\/\/fcou.uvigo.es\/#organization\"},\"potentialAction\":[{\"@type\":\"SearchAction\",\"target\":{\"@type\":\"EntryPoint\",\"urlTemplate\":\"https:\/\/fcou.uvigo.es\/?s={search_term_string}\"},\"query-input\":{\"@type\":\"PropertyValueSpecification\",\"valueRequired\":true,\"valueName\":\"search_term_string\"}}],\"inLanguage\":\"es-ES\"},{\"@type\":\"Organization\",\"@id\":\"https:\/\/fcou.uvigo.es\/#organization\",\"name\":\"Facultade de Ciencias da Universidade de Vigo\",\"url\":\"https:\/\/fcou.uvigo.es\/\",\"logo\":{\"@type\":\"ImageObject\",\"inLanguage\":\"es-ES\",\"@id\":\"https:\/\/fcou.uvigo.es\/#\/schema\/logo\/image\/\",\"url\":\"https:\/\/cytaa.uvigo.es\/wp-content\/uploads\/2024\/04\/facultade-ciencias-ourense.png\",\"contentUrl\":\"https:\/\/cytaa.uvigo.es\/wp-content\/uploads\/2024\/04\/facultade-ciencias-ourense.png\",\"width\":717,\"height\":165,\"caption\":\"Facultade de Ciencias da Universidade de Vigo\"},\"image\":{\"@id\":\"https:\/\/fcou.uvigo.es\/#\/schema\/logo\/image\/\"}}]}<\/script>","yoast_head_json":{"title":"Movilidad nacional | Facultade de Ciencias","robots":{"index":"index","follow":"follow","max-snippet":"max-snippet:-1","max-image-preview":"max-image-preview:large","max-video-preview":"max-video-preview:-1"},"canonical":"https:\/\/fcou.uvigo.es\/es\/estudiantes\/movilidad\/movilidad-nacional\/","og_locale":"es_ES","og_type":"article","og_title":"Movilidad nacional | Facultade de Ciencias","og_description":"Programa SICUE El programa SICUE (Sistema de Intercambio entre Centros Universitarios Espa\u00f1oles) permite realizar un periodo de estudios (un semestre o curso completo) en una &hellip; Contin\u00faa","og_url":"https:\/\/fcou.uvigo.es\/es\/estudiantes\/movilidad\/movilidad-nacional\/","og_site_name":"Facultade de Ciencias","article_modified_time":"2024-05-23T16:34:14+00:00","twitter_card":"summary_large_image","twitter_misc":{"Est. reading time":"1 minute"},"schema":{"@context":"https:\/\/schema.org","@graph":[{"@type":"WebPage","@id":"https:\/\/fcou.uvigo.es\/es\/estudiantes\/movilidad\/movilidad-nacional\/","url":"https:\/\/fcou.uvigo.es\/es\/estudiantes\/movilidad\/movilidad-nacional\/","name":"Movilidad nacional | Facultade de Ciencias","isPartOf":{"@id":"https:\/\/fcou.uvigo.es\/#website"},"datePublished":"2015-01-28T15:15:03+00:00","dateModified":"2024-05-23T16:34:14+00:00","breadcrumb":{"@id":"https:\/\/fcou.uvigo.es\/es\/estudiantes\/movilidad\/movilidad-nacional\/#breadcrumb"},"inLanguage":"es-ES","potentialAction":[{"@type":"ReadAction","target":["https:\/\/fcou.uvigo.es\/es\/estudiantes\/movilidad\/movilidad-nacional\/"]}]},{"@type":"BreadcrumbList","@id":"https:\/\/fcou.uvigo.es\/es\/estudiantes\/movilidad\/movilidad-nacional\/#breadcrumb","itemListElement":[{"@type":"ListItem","position":1,"name":"Estudiantes","item":"https:\/\/www.fcou.uvigo.es\/es\/estudiantes\/"},{"@type":"ListItem","position":2,"name":"Movilidad","item":"https:\/\/fcou.uvigo.es\/es\/estudiantes\/movilidad\/"},{"@type":"ListItem","position":3,"name":"Movilidad nacional"}]},{"@type":"WebSite","@id":"https:\/\/fcou.uvigo.es\/#website","url":"https:\/\/fcou.uvigo.es\/","name":"Facultade de Ciencias da Universidade de Vigo","description":"Sitio web da Facultade de Ciencias","publisher":{"@id":"https:\/\/fcou.uvigo.es\/#organization"},"potentialAction":[{"@type":"SearchAction","target":{"@type":"EntryPoint","urlTemplate":"https:\/\/fcou.uvigo.es\/?s={search_term_string}"},"query-input":{"@type":"PropertyValueSpecification","valueRequired":true,"valueName":"search_term_string"}}],"inLanguage":"es-ES"},{"@type":"Organization","@id":"https:\/\/fcou.uvigo.es\/#organization","name":"Facultade de Ciencias da Universidade de Vigo","url":"https:\/\/fcou.uvigo.es\/","logo":{"@type":"ImageObject","inLanguage":"es-ES","@id":"https:\/\/fcou.uvigo.es\/#\/schema\/logo\/image\/","url":"https:\/\/cytaa.uvigo.es\/wp-content\/uploads\/2024\/04\/facultade-ciencias-ourense.png","contentUrl":"https:\/\/cytaa.uvigo.es\/wp-content\/uploads\/2024\/04\/facultade-ciencias-ourense.png","width":717,"height":165,"caption":"Facultade de Ciencias da Universidade de Vigo"},"image":{"@id":"https:\/\/fcou.uvigo.es\/#\/schema\/logo\/image\/"}}]}},"_links":{"self":[{"href":"https:\/\/cytaa.uvigo.es\/es\/wp-json\/wp\/v2\/pages\/2252"}],"collection":[{"href":"https:\/\/cytaa.uvigo.es\/es\/wp-json\/wp\/v2\/pages"}],"about":[{"href":"https:\/\/cytaa.uvigo.es\/es\/wp-json\/wp\/v2\/types\/page"}],"author":[{"embeddable":true,"href":"https:\/\/cytaa.uvigo.es\/es\/wp-json\/wp\/v2\/users\/8"}],"replies":[{"embeddable":true,"href":"https:\/\/cytaa.uvigo.es\/es\/wp-json\/wp\/v2\/comments?post=2252"}],"version-history":[{"count":11,"href":"https:\/\/cytaa.uvigo.es\/es\/wp-json\/wp\/v2\/pages\/2252\/revisions"}],"predecessor-version":[{"id":267852,"href":"https:\/\/cytaa.uvigo.es\/es\/wp-json\/wp\/v2\/pages\/2252\/revisions\/267852"}],"up":[{"embeddable":true,"href":"https:\/\/cytaa.uvigo.es\/es\/wp-json\/wp\/v2\/pages\/2248"}],"wp:attachment":[{"href":"https:\/\/cytaa.uvigo.es\/es\/wp-json\/wp\/v2\/media?parent=2252"}],"curies":[{"name":"wp","href":"https:\/\/api.w.org\/{rel}","templated":true}]}}