{"id":2233,"date":"2015-07-14T08:36:52","date_gmt":"2015-07-14T06:36:52","guid":{"rendered":"http:\/\/fcce.webs.uvigo.es\/alumnado\/orientacion-ao-estudantado\/"},"modified":"2019-10-11T09:55:11","modified_gmt":"2019-10-11T07:55:11","slug":"orientacion-al-estudiantado","status":"publish","type":"page","link":"https:\/\/cytaa.uvigo.es\/es\/estudiantes\/orientacion-al-estudiantado\/","title":{"rendered":"Orientaci\u00f3n al estudiantado"},"content":{"rendered":"<h2>En la Facultad de Ciencias<\/h2>\n<p>La Facultad de Ciencias dispone de los siguientes mecanismos de apoyo y orientaci\u00f3n a los estudiantes matriculados en el centro:<\/p>\n<h3>Acto de bienvenida<\/h3>\n<p>El Acto de Bienvenida al nuevo estudiantado de 1\u00ba curso de grado se celebra al comienzo del curso acad\u00e9mico para dar a conocer el centro y sus \u00f3rganos colegiados, la organizaci\u00f3n acad\u00e9mica, el PAT, los programas de movilidad, &#8230;<\/p>\n<p>En el acto tambi\u00e9n participa personal de la Biblioteca, del Servicio de Deportes, de la Oficina de Voluntariado, y de la Oficina de Relaciones Internacionales para explicar los servicios que ofrecen y los principales programas que gestionan.<\/p>\n<p class=\"mb-2\"><a class=\"btn btn-outline-primary btn-icon\" style=\"text-transform: none;\" href=\"\/estudiantes\/acto-de-bienvenida\/\">Consulta el acto<\/a><\/p>\n<p>&nbsp;<\/p>\n<h3>Acto de Presentaci\u00f3n<\/h3>\n<p>El Acto de Presentaci\u00f3n al estudiantado de 2\u00ba, 3\u00ba y 4\u00ba curso de grado se realiza durante la primera semana del curso acad\u00e9mico.<\/p>\n<p>En este acto, el coordinador\/a de cada curso informa, fundamentalmente, sobre las distintas asignaturas del curso. Tambi\u00e9n se potencia su participaci\u00f3n en los programas de movilidad y voluntariado. Se recuerda la importancia de que participen en los \u00f3rganos de decisi\u00f3n del centro y de la universidad y tambi\u00e9n en los distintos procesos de evaluaci\u00f3n de la satisfacci\u00f3n, por constituir dos instrumentos fundamentales para la mejora.<\/p>\n<p>&nbsp;<\/p>\n<h3>Plan de Acci\u00f3n Tutorial<\/h3>\n<p>El Plan de acci\u00f3n tutorial (PAT) de la Facultad de Ciencias se configura como el instrumento a trav\u00e9s del cual se dise\u00f1a el contenido y la ejecuci\u00f3n de las distintas acciones relativas a la tutor\u00eda universitaria para las titulaciones de grado y m\u00e1ster del centro. Se le presta una especial atenci\u00f3n al estudiantado de nuevo ingreso, de cara a favorecer su integraci\u00f3n en la vida universitaria y a atender sus necesidades formativas e informativas, y a los que se est\u00e1n terminando sus estudios.<\/p>\n<p class=\"mb-2\"><a class=\"btn btn-outline-primary btn-icon\" style=\"text-transform: none;\" href=\"\/estudiantes\/plan-de-accion-tutorial\/\">Consulta el PAT<\/a><\/p>\n<p>&nbsp;<\/p>\n<h2>En la Universidade de Vigo<\/h2>\n<p>La Universidade de Vigo cuenta con los siguientes sistemas de apoyo y orientaci\u00f3n del estudiantado una vez matriculado:<\/p>\n<div id=\"accordion\" class=\"accordion\" role=\"tablist\" aria-multiselectable=\"true\">\n<div class=\"card\" style=\"margin-top: -5px;\">\n<div class=\"card-header\"><a class=\"collapse h3 collapsed\" href=\"#gabinete\" data-toggle=\"collapse\" data-parent=\"#accordion\" aria-controls=\"gabinete\">Gabinete psicopedag\u00f3gico<\/a><\/div>\n<div id=\"gabinete\" class=\"collapse\" data-parent=\"#accordion\">\n<div class=\"card-body\">\n<p>A disposici\u00f3n del estudiantado para orientar y asistir tanto en cuestiones acad\u00e9micas como en otras de \u00edndole personal. Se pretende cumplir los siguientes objetivos:<\/p>\n<ul class=\"list-peak\" style=\"margin-top: 10px;\">\n<li>Asesorar al estudiantado en la planificaci\u00f3n y desarrollo de su trayectoria acad\u00e9mica y profesional.<\/li>\n<li>Adecuar y optimizar las decisiones acad\u00e9micas, maximizando la variedad de posibilidades de las salidas profesionales.<\/li>\n<li>Incrementar los niveles de autoestima y de motivaci\u00f3n personal y profesional.<\/li>\n<li>Mejorar los h\u00e1bitos de estudio, la organizaci\u00f3n de los trabajos y aprender distintas t\u00e9cnicas de estudio para lograr un mayor \u00e9xito a lo largo de la carrera.<\/li>\n<\/ul>\n<p class=\"mb-2\"><a class=\"btn btn-outline-primary btn-icon\" style=\"text-transform: none;\" href=\"https:\/\/www.uvigo.gal\/campus\/saude-benestar\/gabinete-psicopedagoxico\" target=\"_blank\" rel=\"noopener\">Visita la web del gabinete<\/a><\/p>\n<p>&nbsp;<\/p>\n<\/div>\n<\/div>\n<\/div>\n<div class=\"card\" style=\"margin-top: -5px;\">\n<div class=\"card-header\"><a class=\"collapse h3 collapsed\" href=\"#piune\" data-toggle=\"collapse\" data-parent=\"#accordion\" aria-controls=\"piune\">Apoyo a la integraci\u00f3n del alumnado con Necesidades Especiales<\/a><\/div>\n<div id=\"piune\" class=\"collapse\" data-parent=\"#accordion\">\n<div class=\"card-body\">\n<p>El programa de Apoyo a la Integraci\u00f3n del Alumnado con Necesidades Especiales (PIUNE) fue dise\u00f1ado para facilitar su vida acad\u00e9mica y garantizar su derecho al estudio.<\/p>\n<p class=\"mb-2\"><a class=\"btn btn-outline-primary btn-icon\" style=\"text-transform: none;\" href=\"https:\/\/www.uvigo.gal\/campus\/atencion-diversidade\/que-podemos-axudar\" target=\"_blank\" rel=\"noopener\">Visita la web del PIUNE<\/a><\/p>\n<p>&nbsp;<\/p>\n<\/div>\n<\/div>\n<\/div>\n<div class=\"card\" style=\"margin-top: -5px;\">\n<div class=\"card-header\"><a class=\"collapse h3 collapsed\" href=\"#sie\" data-toggle=\"collapse\" data-parent=\"#accordion\" aria-controls=\"sie\">Secci\u00f3n de informaci\u00f3n al estudiante (SIE)<\/a><\/div>\n<div id=\"sie\" class=\"collapse\" data-parent=\"#accordion\">\n<div class=\"card-body\">\n<p>Los objetivos de este servicio son:<\/p>\n<ul class=\"list-peak\" style=\"margin-top: 10px;\">\n<li>Informar y orientar al futuro estudiantado universitario sobre:\n<ul class=\"list-peak\">\n<li>El acceso a la universidad, notas de corte, vinculaciones de los estudios medios con los universitarios, pasarelas, etc&#8230;<\/li>\n<li>La oferta educativa de la Universidade de Vigo y otras universidades nacionales.<\/li>\n<\/ul>\n<\/li>\n<li>Informar tanto al actual estudiantado universitario, como al que ya acab\u00f3 su carrera sobre:\n<ul class=\"list-peak\" style=\"margin-top: 10px;\">\n<li>Todo lo que la Universidade de Vigo ofrece durante su permanencia en la misma.<\/li>\n<li>Las posibilidades de formaci\u00f3n una vez terminada la carrera (m\u00e1ster y cursos de especializaci\u00f3n, otros cursos, jornadas, premios, congresos, &#8230;) y tambi\u00e9n becas o ayudas convocadas por instituciones externas a la Universidade de Vigo.<\/li>\n<\/ul>\n<\/li>\n<\/ul>\n<p class=\"mb-2\"><a class=\"btn btn-outline-primary btn-icon\" style=\"text-transform: none;\" href=\"https:\/\/www.uvigo.gal\/estudar\/asesoramoste\" target=\"_blank\" rel=\"noopener\">Visita la web del SIE<\/a><\/p>\n<p>&nbsp;<\/p>\n<\/div>\n<\/div>\n<\/div>\n<div class=\"card\" style=\"margin-top: -5px;\">\n<div class=\"card-header\"><a class=\"collapse h3 collapsed\" href=\"#fundacion\" data-toggle=\"collapse\" data-parent=\"#accordion\" aria-controls=\"fundacion\">Fundaci\u00f3n Universidade de Vigo<\/a><\/div>\n<div id=\"fundacion\" class=\"collapse\" data-parent=\"#accordion\">\n<div class=\"card-body\">\n<p>Se encuentra dotada de personal t\u00e9cnico que trabaja para:<\/p>\n<ul class=\"list-peak\" style=\"margin-top: 10px;\">\n<li>Proporcionar un servicio integral de informaci\u00f3n, asesoramiento y formaci\u00f3n en el \u00e1mbito de la orientaci\u00f3n profesional para el empleo.<\/li>\n<li>Fomentar las oportunidades de acercamiento a la pr\u00e1ctica y al ejercicio profesional del estudiantado.<\/li>\n<li>Las principales \u00e1reas de actuaci\u00f3n son:\n<ul class=\"list-peak\" style=\"margin-top: 10px;\">\n<li>Gesti\u00f3n de pr\u00e1cticas en empresas y instituciones p\u00fablicas y privadas.<\/li>\n<li>Gesti\u00f3n de ofertas de empleo.<\/li>\n<li>Orientaci\u00f3n y asesoramiento individualizado en la b\u00fasqueda de empleo.<\/li>\n<li>Formaci\u00f3n para el empleo.<\/li>\n<\/ul>\n<\/li>\n<\/ul>\n<p class=\"mb-2\"><a class=\"btn btn-outline-primary btn-icon\" style=\"text-transform: none;\" href=\"http:\/\/www.fundacionuvigo.es\/\" target=\"_blank\" rel=\"noopener\">Visita la web de la FUVI<\/a><\/p>\n<p>&nbsp;<\/p>\n<\/div>\n<\/div>\n<\/div>\n<div class=\"card\" style=\"margin-top: -5px;\">\n<div class=\"card-header\"><a class=\"collapse h3 collapsed\" href=\"#emprego\" data-toggle=\"collapse\" data-parent=\"#accordion\" aria-controls=\"emprego\">\u00c1rea de Empleo<\/a><\/div>\n<div id=\"emprego\" class=\"collapse\" data-parent=\"#accordion\">\n<div class=\"card-body\">\n<p>Las principales \u00e1reas de actuaci\u00f3n son:<\/p>\n<ul class=\"list-peak\" style=\"margin-top: 10px;\">\n<li>Gesti\u00f3n de pr\u00e1cticas preprofesionales en empresas y instituciones p\u00fablicas y privadas.<\/li>\n<li>Gesti\u00f3n de ofertas de empleo.<\/li>\n<li>Asesoramiento personalizado para la elaboraci\u00f3n del itinerario profesional ajustado a cada perfil.<\/li>\n<li>Orientaci\u00f3n y asesoramiento individualizado en la b\u00fasqueda de empleo.<\/li>\n<li>Acciones en grupo para la b\u00fasqueda activa de empleo.<\/li>\n<li>Informaci\u00f3n y asesoramiento a empresas y instituciones en la b\u00fasqueda del perfil universitario adecuado para cubrir pr\u00e1cticas\/puestos de trabajo.<\/li>\n<li>Dise\u00f1o y implementaci\u00f3n de estudios sobre diversos temas que afecten al mercado laboral y a la inserci\u00f3n laboral del estudiantado.<\/li>\n<\/ul>\n<p class=\"mb-2\"><a class=\"btn btn-outline-primary btn-icon\" style=\"text-transform: none;\" href=\"https:\/\/www.uvigo.gal\/estudar\/empregabilidade\" target=\"_blank\" rel=\"noopener\">Visita la web del \u00c1rea de Empleo<\/a><\/p>\n<p>&nbsp;<\/p>\n<\/div>\n<\/div>\n<\/div>\n<div class=\"card\" style=\"margin-top: -5px;\">\n<div class=\"card-header\"><a class=\"collapse h3 collapsed\" href=\"#ori\" data-toggle=\"collapse\" data-parent=\"#accordion\" aria-controls=\"ori\">Oficina de Relaciones Internacionales (ORI)<\/a><\/div>\n<div id=\"ori\" class=\"collapse\" data-parent=\"#accordion\">\n<div class=\"card-body\">\n<p>Lleva a cabo, entre otras, las siguientes actividades:<\/p>\n<ul class=\"list-peak\" style=\"margin-top: 10px;\">\n<li>Informaci\u00f3n y asesoramiento a la comunidad universitaria sobre los diferentes programas internacionales en el \u00e1mbito de la educaci\u00f3n superior.<\/li>\n<li>Fomento y gesti\u00f3n de la movilidad de estudiantado y profesorado propio y extranjero, en especial en el marco de los programas S\u00f3crates, ISEP, becas MAE y programas de cooperaci\u00f3n de la Universidade de Vigo.<\/li>\n<li>Con respeto al estudiantado de la Universidade de Vigo proporciona: asesoramiento a las personas seleccionadas con estos programas sobre la documentaci\u00f3n que deben presentar, informaci\u00f3n sobre la cuant\u00eda de las becas y posibles ayudas complementarias, as\u00ed como sobre las gestiones que tienen que realizar con las universidades de destino.<\/li>\n<li>Con respeto al profesorado de la Universidade de Vigo, la ORI facilita informaci\u00f3n sobre los programas de intercambio de docencia y programas de cooperaci\u00f3n internacional.<\/li>\n<li>Con respeto al estudiantado extranjero, gestiona la aceptaci\u00f3n del que participa en un programa de intercambio, elabora la Gu\u00eda del estudiantado extranjero y env\u00eda los paquetes informativos sobre la Universidade de Vigo, con informaci\u00f3n sobre los diferentes campus y ciudades, recepci\u00f3n, visados, viaje, busca de alojamiento, matr\u00edcula y posibilidades de estudios en colaboraci\u00f3n con los responsables de relaciones internacionales.<\/li>\n<li>Elaboraci\u00f3n y negociaci\u00f3n de acuerdos de cooperaci\u00f3n internacional.<\/li>\n<li>Asegura la presencia de la Universidade de Vigo en foros y encuentros de educaci\u00f3n internacionales.<\/li>\n<\/ul>\n<p class=\"mb-2\"><a class=\"btn btn-outline-primary btn-icon\" style=\"text-transform: none;\" href=\"https:\/\/www.uvigo.gal\/estudar\/mobilidade\" target=\"_blank\" rel=\"noopener\">Visita la web de la ORI<\/a><\/p>\n<p>&nbsp;<\/p>\n<\/div>\n<\/div>\n<\/div>\n<div class=\"card\" style=\"margin-top: -5px;\">\n<div class=\"card-header\"><a class=\"collapse h3 collapsed\" href=\"#igualdade\" data-toggle=\"collapse\" data-parent=\"#accordion\" aria-controls=\"igualdade\">Unidad de Igualdad<\/a><\/div>\n<div id=\"igualdade\" class=\"collapse\" data-parent=\"#accordion\">\n<div class=\"card-body\">\n<p>La Universidade de Vigo tiene como prioridad, en l\u00ednea con la Agenda 2030, favorecer la cultura del respeto, de la igualdad y de la inclusi\u00f3n, garantizando que todas las personas que conforman nuestra comunidad puedan desarrollar su actividad acad\u00e9mica y laboral con dignidad y en un espacio libre de violencias de g\u00e9nero y de m\u00e1ximo respeto de los derechos humanos.<\/p>\n<p>La Unidad de Igualdad dispone de los siguientes recursos:<\/p>\n<ul class=\"list-peak\" style=\"margin-top: 10px;\">\n<li><a href=\"https:\/\/www.uvigo.gal\/campus\/igualdade\/politicas-igualdade\" target=\"_blank\" rel=\"noopener\">Pol\u00edticas de igualdad<\/a><\/li>\n<li><a href=\"https:\/\/www.uvigo.gal\/campus\/igualdade\/prevencion-acoso-sexual-razon-sexo\" target=\"_blank\" rel=\"noopener\">Prevenci\u00f3n del acoso<\/a><\/li>\n<li><a href=\"https:\/\/www.uvigo.gal\/campus\/igualdade\/afondar-igualdade\" target=\"_blank\" rel=\"noopener\">Para profundizar en la igualdad<\/a><\/li>\n<li><a href=\"https:\/\/www.uvigo.gal\/campus\/igualdade\/boletin-recursos\" target=\"_blank\" rel=\"noopener\">Bolet\u00edn y recursos<\/a><\/li>\n<\/ul>\n<p class=\"mb-2\"><a class=\"btn btn-outline-primary btn-icon\" style=\"text-transform: none;\" href=\"https:\/\/www.uvigo.gal\/campus\/igualdade\" target=\"_blank\" rel=\"noopener\">Visita la web de Igualdad<\/a><\/p>\n<p>&nbsp;<\/p>\n<\/div>\n<\/div>\n<\/div>\n<\/div>\n","protected":false},"excerpt":{"rendered":"<p>En la Facultad de Ciencias La Facultad de Ciencias dispone de los siguientes mecanismos de apoyo y orientaci\u00f3n a los estudiantes matriculados en el centro: &hellip; <a class=\"excerpt_more\" href=\"https:\/\/cytaa.uvigo.es\/es\/estudiantes\/orientacion-al-estudiantado\/\">Contin\u00faa<\/a><\/p>\n","protected":false},"author":8,"featured_media":0,"parent":2217,"menu_order":2,"comment_status":"closed","ping_status":"closed","template":"","meta":{"_acf_changed":false,"footnotes":""},"acf":[],"yoast_head":"<title>Orientaci\u00f3n al estudiantado | Facultade de Ciencias<\/title>\n<meta name=\"robots\" content=\"index, follow, max-snippet:-1, max-image-preview:large, max-video-preview:-1\" \/>\n<link rel=\"canonical\" href=\"https:\/\/fcou.uvigo.es\/es\/estudiantes\/orientacion-al-estudiantado\/\" \/>\n<meta property=\"og:locale\" content=\"es_ES\" \/>\n<meta property=\"og:type\" content=\"article\" \/>\n<meta property=\"og:title\" content=\"Orientaci\u00f3n al estudiantado | Facultade de Ciencias\" \/>\n<meta property=\"og:description\" content=\"En la Facultad de Ciencias La Facultad de Ciencias dispone de los siguientes mecanismos de apoyo y orientaci\u00f3n a los estudiantes matriculados en el centro: &hellip; Contin\u00faa\" \/>\n<meta property=\"og:url\" content=\"https:\/\/fcou.uvigo.es\/es\/estudiantes\/orientacion-al-estudiantado\/\" \/>\n<meta property=\"og:site_name\" content=\"Facultade de Ciencias\" \/>\n<meta property=\"article:modified_time\" content=\"2019-10-11T07:55:11+00:00\" \/>\n<meta name=\"twitter:card\" content=\"summary_large_image\" \/>\n<meta name=\"twitter:label1\" content=\"Est. reading time\" \/>\n\t<meta name=\"twitter:data1\" content=\"6 minutes\" \/>\n<script type=\"application\/ld+json\" class=\"yoast-schema-graph\">{\"@context\":\"https:\/\/schema.org\",\"@graph\":[{\"@type\":\"WebPage\",\"@id\":\"https:\/\/fcou.uvigo.es\/es\/estudiantes\/orientacion-al-estudiantado\/\",\"url\":\"https:\/\/fcou.uvigo.es\/es\/estudiantes\/orientacion-al-estudiantado\/\",\"name\":\"Orientaci\u00f3n al estudiantado | Facultade de Ciencias\",\"isPartOf\":{\"@id\":\"https:\/\/fcou.uvigo.es\/#website\"},\"datePublished\":\"2015-07-14T06:36:52+00:00\",\"dateModified\":\"2019-10-11T07:55:11+00:00\",\"breadcrumb\":{\"@id\":\"https:\/\/fcou.uvigo.es\/es\/estudiantes\/orientacion-al-estudiantado\/#breadcrumb\"},\"inLanguage\":\"es-ES\",\"potentialAction\":[{\"@type\":\"ReadAction\",\"target\":[\"https:\/\/fcou.uvigo.es\/es\/estudiantes\/orientacion-al-estudiantado\/\"]}]},{\"@type\":\"BreadcrumbList\",\"@id\":\"https:\/\/fcou.uvigo.es\/es\/estudiantes\/orientacion-al-estudiantado\/#breadcrumb\",\"itemListElement\":[{\"@type\":\"ListItem\",\"position\":1,\"name\":\"Estudiantes\",\"item\":\"https:\/\/www.fcou.uvigo.es\/es\/estudiantes\/\"},{\"@type\":\"ListItem\",\"position\":2,\"name\":\"Orientaci\u00f3n al estudiantado\"}]},{\"@type\":\"WebSite\",\"@id\":\"https:\/\/fcou.uvigo.es\/#website\",\"url\":\"https:\/\/fcou.uvigo.es\/\",\"name\":\"Facultade de Ciencias da Universidade de Vigo\",\"description\":\"Sitio web da Facultade de Ciencias\",\"publisher\":{\"@id\":\"https:\/\/fcou.uvigo.es\/#organization\"},\"potentialAction\":[{\"@type\":\"SearchAction\",\"target\":{\"@type\":\"EntryPoint\",\"urlTemplate\":\"https:\/\/fcou.uvigo.es\/?s={search_term_string}\"},\"query-input\":{\"@type\":\"PropertyValueSpecification\",\"valueRequired\":true,\"valueName\":\"search_term_string\"}}],\"inLanguage\":\"es-ES\"},{\"@type\":\"Organization\",\"@id\":\"https:\/\/fcou.uvigo.es\/#organization\",\"name\":\"Facultade de Ciencias da Universidade de Vigo\",\"url\":\"https:\/\/fcou.uvigo.es\/\",\"logo\":{\"@type\":\"ImageObject\",\"inLanguage\":\"es-ES\",\"@id\":\"https:\/\/fcou.uvigo.es\/#\/schema\/logo\/image\/\",\"url\":\"https:\/\/cytaa.uvigo.es\/wp-content\/uploads\/2024\/04\/facultade-ciencias-ourense.png\",\"contentUrl\":\"https:\/\/cytaa.uvigo.es\/wp-content\/uploads\/2024\/04\/facultade-ciencias-ourense.png\",\"width\":717,\"height\":165,\"caption\":\"Facultade de Ciencias da Universidade de Vigo\"},\"image\":{\"@id\":\"https:\/\/fcou.uvigo.es\/#\/schema\/logo\/image\/\"}}]}<\/script>","yoast_head_json":{"title":"Orientaci\u00f3n al estudiantado | Facultade de Ciencias","robots":{"index":"index","follow":"follow","max-snippet":"max-snippet:-1","max-image-preview":"max-image-preview:large","max-video-preview":"max-video-preview:-1"},"canonical":"https:\/\/fcou.uvigo.es\/es\/estudiantes\/orientacion-al-estudiantado\/","og_locale":"es_ES","og_type":"article","og_title":"Orientaci\u00f3n al estudiantado | Facultade de Ciencias","og_description":"En la Facultad de Ciencias La Facultad de Ciencias dispone de los siguientes mecanismos de apoyo y orientaci\u00f3n a los estudiantes matriculados en el centro: &hellip; Contin\u00faa","og_url":"https:\/\/fcou.uvigo.es\/es\/estudiantes\/orientacion-al-estudiantado\/","og_site_name":"Facultade de Ciencias","article_modified_time":"2019-10-11T07:55:11+00:00","twitter_card":"summary_large_image","twitter_misc":{"Est. reading time":"6 minutes"},"schema":{"@context":"https:\/\/schema.org","@graph":[{"@type":"WebPage","@id":"https:\/\/fcou.uvigo.es\/es\/estudiantes\/orientacion-al-estudiantado\/","url":"https:\/\/fcou.uvigo.es\/es\/estudiantes\/orientacion-al-estudiantado\/","name":"Orientaci\u00f3n al estudiantado | Facultade de Ciencias","isPartOf":{"@id":"https:\/\/fcou.uvigo.es\/#website"},"datePublished":"2015-07-14T06:36:52+00:00","dateModified":"2019-10-11T07:55:11+00:00","breadcrumb":{"@id":"https:\/\/fcou.uvigo.es\/es\/estudiantes\/orientacion-al-estudiantado\/#breadcrumb"},"inLanguage":"es-ES","potentialAction":[{"@type":"ReadAction","target":["https:\/\/fcou.uvigo.es\/es\/estudiantes\/orientacion-al-estudiantado\/"]}]},{"@type":"BreadcrumbList","@id":"https:\/\/fcou.uvigo.es\/es\/estudiantes\/orientacion-al-estudiantado\/#breadcrumb","itemListElement":[{"@type":"ListItem","position":1,"name":"Estudiantes","item":"https:\/\/www.fcou.uvigo.es\/es\/estudiantes\/"},{"@type":"ListItem","position":2,"name":"Orientaci\u00f3n al estudiantado"}]},{"@type":"WebSite","@id":"https:\/\/fcou.uvigo.es\/#website","url":"https:\/\/fcou.uvigo.es\/","name":"Facultade de Ciencias da Universidade de Vigo","description":"Sitio web da Facultade de Ciencias","publisher":{"@id":"https:\/\/fcou.uvigo.es\/#organization"},"potentialAction":[{"@type":"SearchAction","target":{"@type":"EntryPoint","urlTemplate":"https:\/\/fcou.uvigo.es\/?s={search_term_string}"},"query-input":{"@type":"PropertyValueSpecification","valueRequired":true,"valueName":"search_term_string"}}],"inLanguage":"es-ES"},{"@type":"Organization","@id":"https:\/\/fcou.uvigo.es\/#organization","name":"Facultade de Ciencias da Universidade de Vigo","url":"https:\/\/fcou.uvigo.es\/","logo":{"@type":"ImageObject","inLanguage":"es-ES","@id":"https:\/\/fcou.uvigo.es\/#\/schema\/logo\/image\/","url":"https:\/\/cytaa.uvigo.es\/wp-content\/uploads\/2024\/04\/facultade-ciencias-ourense.png","contentUrl":"https:\/\/cytaa.uvigo.es\/wp-content\/uploads\/2024\/04\/facultade-ciencias-ourense.png","width":717,"height":165,"caption":"Facultade de Ciencias da Universidade de Vigo"},"image":{"@id":"https:\/\/fcou.uvigo.es\/#\/schema\/logo\/image\/"}}]}},"_links":{"self":[{"href":"https:\/\/cytaa.uvigo.es\/es\/wp-json\/wp\/v2\/pages\/2233"}],"collection":[{"href":"https:\/\/cytaa.uvigo.es\/es\/wp-json\/wp\/v2\/pages"}],"about":[{"href":"https:\/\/cytaa.uvigo.es\/es\/wp-json\/wp\/v2\/types\/page"}],"author":[{"embeddable":true,"href":"https:\/\/cytaa.uvigo.es\/es\/wp-json\/wp\/v2\/users\/8"}],"replies":[{"embeddable":true,"href":"https:\/\/cytaa.uvigo.es\/es\/wp-json\/wp\/v2\/comments?post=2233"}],"version-history":[{"count":28,"href":"https:\/\/cytaa.uvigo.es\/es\/wp-json\/wp\/v2\/pages\/2233\/revisions"}],"predecessor-version":[{"id":16781,"href":"https:\/\/cytaa.uvigo.es\/es\/wp-json\/wp\/v2\/pages\/2233\/revisions\/16781"}],"up":[{"embeddable":true,"href":"https:\/\/cytaa.uvigo.es\/es\/wp-json\/wp\/v2\/pages\/2217"}],"wp:attachment":[{"href":"https:\/\/cytaa.uvigo.es\/es\/wp-json\/wp\/v2\/media?parent=2233"}],"curies":[{"name":"wp","href":"https:\/\/api.w.org\/{rel}","templated":true}]}}