{"id":2200,"date":"2015-07-13T20:27:06","date_gmt":"2015-07-13T18:27:06","guid":{"rendered":"http:\/\/fcce.webs.uvigo.es\/docencia\/guias-docentes\/"},"modified":"2024-05-23T17:51:53","modified_gmt":"2024-05-23T15:51:53","slug":"guias-docentes","status":"publish","type":"page","link":"https:\/\/cytaa.uvigo.es\/es\/docencia\/guias-docentes\/","title":{"rendered":"Gu\u00edas docentes"},"content":{"rendered":"<h2>Titulaciones de grado<\/h2>\n<ul class=\"list-peak\">\n<li><a href=\"https:\/\/secretaria.uvigo.gal\/docnet-nuevo\/guia_docent\/?ensenyament=O01G041V01&amp;consulta=assignatures&amp;idioma=cast\" target=\"_blank\" rel=\"noopener noreferrer\">Grado en Ciencia y Tec. de los Alimentos<\/a><\/li>\n<li><a href=\"https:\/\/secretaria.uvigo.gal\/docnet-nuevo\/guia_docent\/?ensenyament=O01G261V01&amp;consulta=assignatures&amp;idioma=cast\" target=\"_blank\" rel=\"noopener noreferrer\">Grado en Ciencias Ambientales<\/a><\/li>\n<li><a href=\"https:\/\/secretaria.uvigo.gal\/docnet-nuevo\/guia_docent\/?ensenyament=O01G281V01&amp;consulta=assignatures&amp;idioma=cast\" target=\"_blank\" rel=\"noopener noreferrer\">Grado en Ingenier\u00eda Agraria<\/a><\/li>\n<\/ul>\n<h2>Titulaciones de m\u00e1ster<\/h2>\n<ul class=\"list-peak\">\n<li><a href=\"https:\/\/secretaria.uvigo.gal\/docnet-nuevo\/guia_docent\/?ensenyament=O01M142V01&amp;consulta=assignatures&amp;idioma=cast\" target=\"_blank\" rel=\"noopener noreferrer\">M\u00e1ster en Ciencia y Tecnolog\u00eda Agroalimentaria y Ambiental<\/a><\/li>\n<li><a href=\"https:\/\/secretaria.uvigo.gal\/docnet-nuevo\/guia_docent\/?ensenyament=O01M139V01&amp;consulta=assignatures&amp;idioma=cast\" target=\"_blank\" rel=\"noopener noreferrer\">M\u00e1ster en Nutrici\u00f3n<\/a><\/li>\n<\/ul>\n","protected":false},"excerpt":{"rendered":"<p>Titulaciones de grado Grado en Ciencia y Tec. de los Alimentos Grado en Ciencias Ambientales Grado en Ingenier\u00eda Agraria Titulaciones de m\u00e1ster M\u00e1ster en Ciencia &hellip; <a class=\"excerpt_more\" href=\"https:\/\/cytaa.uvigo.es\/es\/docencia\/guias-docentes\/\">Contin\u00faa<\/a><\/p>\n","protected":false},"author":8,"featured_media":0,"parent":2176,"menu_order":6,"comment_status":"closed","ping_status":"closed","template":"","meta":{"_acf_changed":false,"footnotes":""},"acf":[],"yoast_head":"<title>Gu\u00edas docentes | Facultade de Ciencias<\/title>\n<meta name=\"robots\" content=\"index, follow, max-snippet:-1, max-image-preview:large, max-video-preview:-1\" \/>\n<link rel=\"canonical\" href=\"https:\/\/fcou.uvigo.es\/es\/docencia\/guias-docentes\/\" \/>\n<meta property=\"og:locale\" content=\"es_ES\" \/>\n<meta property=\"og:type\" content=\"article\" \/>\n<meta property=\"og:title\" content=\"Gu\u00edas docentes | Facultade de Ciencias\" \/>\n<meta property=\"og:description\" content=\"Titulaciones de grado Grado en Ciencia y Tec. de los Alimentos Grado en Ciencias Ambientales Grado en Ingenier\u00eda Agraria Titulaciones de m\u00e1ster M\u00e1ster en Ciencia &hellip; Contin\u00faa\" \/>\n<meta property=\"og:url\" content=\"https:\/\/fcou.uvigo.es\/es\/docencia\/guias-docentes\/\" \/>\n<meta property=\"og:site_name\" content=\"Facultade de Ciencias\" \/>\n<meta property=\"article:modified_time\" content=\"2024-05-23T15:51:53+00:00\" \/>\n<meta name=\"twitter:card\" content=\"summary_large_image\" \/>\n<meta name=\"twitter:label1\" content=\"Est. reading time\" \/>\n\t<meta name=\"twitter:data1\" content=\"1 minute\" \/>\n<script type=\"application\/ld+json\" class=\"yoast-schema-graph\">{\"@context\":\"https:\/\/schema.org\",\"@graph\":[{\"@type\":\"WebPage\",\"@id\":\"https:\/\/fcou.uvigo.es\/es\/docencia\/guias-docentes\/\",\"url\":\"https:\/\/fcou.uvigo.es\/es\/docencia\/guias-docentes\/\",\"name\":\"Gu\u00edas docentes | Facultade de Ciencias\",\"isPartOf\":{\"@id\":\"https:\/\/fcou.uvigo.es\/#website\"},\"datePublished\":\"2015-07-13T18:27:06+00:00\",\"dateModified\":\"2024-05-23T15:51:53+00:00\",\"breadcrumb\":{\"@id\":\"https:\/\/fcou.uvigo.es\/es\/docencia\/guias-docentes\/#breadcrumb\"},\"inLanguage\":\"es-ES\",\"potentialAction\":[{\"@type\":\"ReadAction\",\"target\":[\"https:\/\/fcou.uvigo.es\/es\/docencia\/guias-docentes\/\"]}]},{\"@type\":\"BreadcrumbList\",\"@id\":\"https:\/\/fcou.uvigo.es\/es\/docencia\/guias-docentes\/#breadcrumb\",\"itemListElement\":[{\"@type\":\"ListItem\",\"position\":1,\"name\":\"Docencia\",\"item\":\"https:\/\/fcou.uvigo.es\/es\/docencia\/\"},{\"@type\":\"ListItem\",\"position\":2,\"name\":\"Gu\u00edas docentes\"}]},{\"@type\":\"WebSite\",\"@id\":\"https:\/\/fcou.uvigo.es\/#website\",\"url\":\"https:\/\/fcou.uvigo.es\/\",\"name\":\"Facultade de Ciencias da Universidade de Vigo\",\"description\":\"Sitio web da Facultade de Ciencias\",\"publisher\":{\"@id\":\"https:\/\/fcou.uvigo.es\/#organization\"},\"potentialAction\":[{\"@type\":\"SearchAction\",\"target\":{\"@type\":\"EntryPoint\",\"urlTemplate\":\"https:\/\/fcou.uvigo.es\/?s={search_term_string}\"},\"query-input\":{\"@type\":\"PropertyValueSpecification\",\"valueRequired\":true,\"valueName\":\"search_term_string\"}}],\"inLanguage\":\"es-ES\"},{\"@type\":\"Organization\",\"@id\":\"https:\/\/fcou.uvigo.es\/#organization\",\"name\":\"Facultade de Ciencias da Universidade de Vigo\",\"url\":\"https:\/\/fcou.uvigo.es\/\",\"logo\":{\"@type\":\"ImageObject\",\"inLanguage\":\"es-ES\",\"@id\":\"https:\/\/fcou.uvigo.es\/#\/schema\/logo\/image\/\",\"url\":\"https:\/\/cytaa.uvigo.es\/wp-content\/uploads\/2024\/04\/facultade-ciencias-ourense.png\",\"contentUrl\":\"https:\/\/cytaa.uvigo.es\/wp-content\/uploads\/2024\/04\/facultade-ciencias-ourense.png\",\"width\":717,\"height\":165,\"caption\":\"Facultade de Ciencias da Universidade de Vigo\"},\"image\":{\"@id\":\"https:\/\/fcou.uvigo.es\/#\/schema\/logo\/image\/\"}}]}<\/script>","yoast_head_json":{"title":"Gu\u00edas docentes | Facultade de Ciencias","robots":{"index":"index","follow":"follow","max-snippet":"max-snippet:-1","max-image-preview":"max-image-preview:large","max-video-preview":"max-video-preview:-1"},"canonical":"https:\/\/fcou.uvigo.es\/es\/docencia\/guias-docentes\/","og_locale":"es_ES","og_type":"article","og_title":"Gu\u00edas docentes | Facultade de Ciencias","og_description":"Titulaciones de grado Grado en Ciencia y Tec. de los Alimentos Grado en Ciencias Ambientales Grado en Ingenier\u00eda Agraria Titulaciones de m\u00e1ster M\u00e1ster en Ciencia &hellip; Contin\u00faa","og_url":"https:\/\/fcou.uvigo.es\/es\/docencia\/guias-docentes\/","og_site_name":"Facultade de Ciencias","article_modified_time":"2024-05-23T15:51:53+00:00","twitter_card":"summary_large_image","twitter_misc":{"Est. reading time":"1 minute"},"schema":{"@context":"https:\/\/schema.org","@graph":[{"@type":"WebPage","@id":"https:\/\/fcou.uvigo.es\/es\/docencia\/guias-docentes\/","url":"https:\/\/fcou.uvigo.es\/es\/docencia\/guias-docentes\/","name":"Gu\u00edas docentes | Facultade de Ciencias","isPartOf":{"@id":"https:\/\/fcou.uvigo.es\/#website"},"datePublished":"2015-07-13T18:27:06+00:00","dateModified":"2024-05-23T15:51:53+00:00","breadcrumb":{"@id":"https:\/\/fcou.uvigo.es\/es\/docencia\/guias-docentes\/#breadcrumb"},"inLanguage":"es-ES","potentialAction":[{"@type":"ReadAction","target":["https:\/\/fcou.uvigo.es\/es\/docencia\/guias-docentes\/"]}]},{"@type":"BreadcrumbList","@id":"https:\/\/fcou.uvigo.es\/es\/docencia\/guias-docentes\/#breadcrumb","itemListElement":[{"@type":"ListItem","position":1,"name":"Docencia","item":"https:\/\/fcou.uvigo.es\/es\/docencia\/"},{"@type":"ListItem","position":2,"name":"Gu\u00edas docentes"}]},{"@type":"WebSite","@id":"https:\/\/fcou.uvigo.es\/#website","url":"https:\/\/fcou.uvigo.es\/","name":"Facultade de Ciencias da Universidade de Vigo","description":"Sitio web da Facultade de Ciencias","publisher":{"@id":"https:\/\/fcou.uvigo.es\/#organization"},"potentialAction":[{"@type":"SearchAction","target":{"@type":"EntryPoint","urlTemplate":"https:\/\/fcou.uvigo.es\/?s={search_term_string}"},"query-input":{"@type":"PropertyValueSpecification","valueRequired":true,"valueName":"search_term_string"}}],"inLanguage":"es-ES"},{"@type":"Organization","@id":"https:\/\/fcou.uvigo.es\/#organization","name":"Facultade de Ciencias da Universidade de Vigo","url":"https:\/\/fcou.uvigo.es\/","logo":{"@type":"ImageObject","inLanguage":"es-ES","@id":"https:\/\/fcou.uvigo.es\/#\/schema\/logo\/image\/","url":"https:\/\/cytaa.uvigo.es\/wp-content\/uploads\/2024\/04\/facultade-ciencias-ourense.png","contentUrl":"https:\/\/cytaa.uvigo.es\/wp-content\/uploads\/2024\/04\/facultade-ciencias-ourense.png","width":717,"height":165,"caption":"Facultade de Ciencias da Universidade de Vigo"},"image":{"@id":"https:\/\/fcou.uvigo.es\/#\/schema\/logo\/image\/"}}]}},"_links":{"self":[{"href":"https:\/\/cytaa.uvigo.es\/es\/wp-json\/wp\/v2\/pages\/2200"}],"collection":[{"href":"https:\/\/cytaa.uvigo.es\/es\/wp-json\/wp\/v2\/pages"}],"about":[{"href":"https:\/\/cytaa.uvigo.es\/es\/wp-json\/wp\/v2\/types\/page"}],"author":[{"embeddable":true,"href":"https:\/\/cytaa.uvigo.es\/es\/wp-json\/wp\/v2\/users\/8"}],"replies":[{"embeddable":true,"href":"https:\/\/cytaa.uvigo.es\/es\/wp-json\/wp\/v2\/comments?post=2200"}],"version-history":[{"count":18,"href":"https:\/\/cytaa.uvigo.es\/es\/wp-json\/wp\/v2\/pages\/2200\/revisions"}],"predecessor-version":[{"id":267829,"href":"https:\/\/cytaa.uvigo.es\/es\/wp-json\/wp\/v2\/pages\/2200\/revisions\/267829"}],"up":[{"embeddable":true,"href":"https:\/\/cytaa.uvigo.es\/es\/wp-json\/wp\/v2\/pages\/2176"}],"wp:attachment":[{"href":"https:\/\/cytaa.uvigo.es\/es\/wp-json\/wp\/v2\/media?parent=2200"}],"curies":[{"name":"wp","href":"https:\/\/api.w.org\/{rel}","templated":true}]}}