{"id":2179,"date":"2015-01-28T10:12:12","date_gmt":"2015-01-28T09:12:12","guid":{"rendered":"http:\/\/fcce.webs.uvigo.es\/docencia\/calendario-academico\/"},"modified":"2026-05-11T09:49:08","modified_gmt":"2026-05-11T07:49:08","slug":"calendario-academico","status":"publish","type":"page","link":"https:\/\/cytaa.uvigo.es\/es\/docencia\/calendario-academico\/","title":{"rendered":"Calendario acad\u00e9mico"},"content":{"rendered":"<p><span style=\"color: inherit; font-family: inherit; font-size: calc(1.3125rem + 0.75vw); letter-spacing: 1px;\">Curso acad\u00e9mico 2025\/2026<\/span><\/p>\n<h3>Titulaciones de Grado y PCEOs<\/h3>\n<ul class=\"list-peak\">\n<li><a href=\"https:\/\/fcou.uvigo.es\/wp-content\/uploads\/2026\/02\/Calendario_Academico_FCOU_2025-26_nuevo.pdf\" target=\"_blank\" rel=\"noopener\">Calendario acad\u00e9mico &#8211; Facultad de Ciencias<\/a><\/li>\n<\/ul>\n<h3>Titulaciones de M\u00e1ster<\/h3>\n<ul class=\"list-peak\">\n<li><a href=\"https:\/\/fcou.uvigo.es\/es\/estudios\/master-cytaa-2\/docencia\/calendario-academico\/\" target=\"_blank\" rel=\"noopener noreferrer\">Calendario acad\u00e9mico &#8211; M\u00e1ster en CyTAA<\/a><\/li>\n<li><a href=\"https:\/\/nutricion.webs.uvigo.es\/es\/docencia\/calendario-academico\" target=\"_blank\" rel=\"noopener noreferrer\">Calendario acad\u00e9mico &#8211; M\u00e1ster en Nutrici\u00f3n<\/a><\/li>\n<\/ul>\n<p><span style=\"color: #ff0000; font-family: inherit; font-size: calc(1.3125rem + 0.75vw); letter-spacing: 1px;\">Curso acad\u00e9mico 2026\/2027<\/span><\/p>\n<h3>Titulaciones de Grado y PCEOs<\/h3>\n<ul class=\"list-peak\">\n<li><a href=\"https:\/\/fcou.uvigo.es\/wp-content\/uploads\/2026\/05\/Calendario_Academico_FCOU_2026-27.pdf\" target=\"_blank\" rel=\"noopener\">Calendario acad\u00e9mico &#8211; Facultad de Ciencias<\/a><\/li>\n<\/ul>\n<h2>Universidade de Vigo<\/h2>\n<p>En el siguiente enlace podr\u00e1s consultar el calendario acad\u00e9mico del curso actual as\u00ed como el de los anteriores:<\/p>\n<a href=\"https:\/\/www.uvigo.gal\/universidade\/informacion-institucional\/calendario\" target=\"_blank\" rel=\"noopener noreferrer\" class=\"btn btn-primary btn-icon\">Calendario Acad\u00e9mico<\/a>\n<!--<\/div>\n\n\n<\/div>\n\n\n--><\/p>\n","protected":false},"excerpt":{"rendered":"<p>Curso acad\u00e9mico 2025\/2026 Titulaciones de Grado y PCEOs Calendario acad\u00e9mico &#8211; Facultad de Ciencias Titulaciones de M\u00e1ster Calendario acad\u00e9mico &#8211; M\u00e1ster en CyTAA Calendario acad\u00e9mico &hellip; <a class=\"excerpt_more\" href=\"https:\/\/cytaa.uvigo.es\/es\/docencia\/calendario-academico\/\">Contin\u00faa<\/a><\/p>\n","protected":false},"author":8,"featured_media":0,"parent":2176,"menu_order":1,"comment_status":"closed","ping_status":"closed","template":"","meta":{"_acf_changed":false,"footnotes":""},"acf":[],"yoast_head":"<title>Calendario acad\u00e9mico | Facultade de Ciencias<\/title>\n<meta name=\"robots\" content=\"index, follow, max-snippet:-1, max-image-preview:large, max-video-preview:-1\" \/>\n<link rel=\"canonical\" href=\"https:\/\/fcou.uvigo.es\/es\/docencia\/calendario-academico\/\" \/>\n<meta property=\"og:locale\" content=\"es_ES\" \/>\n<meta property=\"og:type\" content=\"article\" \/>\n<meta property=\"og:title\" content=\"Calendario acad\u00e9mico | Facultade de Ciencias\" \/>\n<meta property=\"og:description\" content=\"Curso acad\u00e9mico 2025\/2026 Titulaciones de Grado y PCEOs Calendario acad\u00e9mico &#8211; Facultad de Ciencias Titulaciones de M\u00e1ster Calendario acad\u00e9mico &#8211; M\u00e1ster en CyTAA Calendario acad\u00e9mico &hellip; Contin\u00faa\" \/>\n<meta property=\"og:url\" content=\"https:\/\/fcou.uvigo.es\/es\/docencia\/calendario-academico\/\" \/>\n<meta property=\"og:site_name\" content=\"Facultade de Ciencias\" \/>\n<meta property=\"article:modified_time\" content=\"2026-05-11T07:49:08+00:00\" \/>\n<meta name=\"twitter:card\" content=\"summary_large_image\" \/>\n<meta name=\"twitter:label1\" content=\"Est. reading time\" \/>\n\t<meta name=\"twitter:data1\" content=\"1 minute\" \/>\n<script type=\"application\/ld+json\" class=\"yoast-schema-graph\">{\"@context\":\"https:\/\/schema.org\",\"@graph\":[{\"@type\":\"WebPage\",\"@id\":\"https:\/\/fcou.uvigo.es\/es\/docencia\/calendario-academico\/\",\"url\":\"https:\/\/fcou.uvigo.es\/es\/docencia\/calendario-academico\/\",\"name\":\"Calendario acad\u00e9mico | Facultade de Ciencias\",\"isPartOf\":{\"@id\":\"https:\/\/fcou.uvigo.es\/#website\"},\"datePublished\":\"2015-01-28T09:12:12+00:00\",\"dateModified\":\"2026-05-11T07:49:08+00:00\",\"breadcrumb\":{\"@id\":\"https:\/\/fcou.uvigo.es\/es\/docencia\/calendario-academico\/#breadcrumb\"},\"inLanguage\":\"es-ES\",\"potentialAction\":[{\"@type\":\"ReadAction\",\"target\":[\"https:\/\/fcou.uvigo.es\/es\/docencia\/calendario-academico\/\"]}]},{\"@type\":\"BreadcrumbList\",\"@id\":\"https:\/\/fcou.uvigo.es\/es\/docencia\/calendario-academico\/#breadcrumb\",\"itemListElement\":[{\"@type\":\"ListItem\",\"position\":1,\"name\":\"Docencia\",\"item\":\"https:\/\/fcou.uvigo.es\/es\/docencia\/\"},{\"@type\":\"ListItem\",\"position\":2,\"name\":\"Calendario acad\u00e9mico\"}]},{\"@type\":\"WebSite\",\"@id\":\"https:\/\/fcou.uvigo.es\/#website\",\"url\":\"https:\/\/fcou.uvigo.es\/\",\"name\":\"Facultade de Ciencias da Universidade de Vigo\",\"description\":\"Sitio web da Facultade de Ciencias\",\"publisher\":{\"@id\":\"https:\/\/fcou.uvigo.es\/#organization\"},\"potentialAction\":[{\"@type\":\"SearchAction\",\"target\":{\"@type\":\"EntryPoint\",\"urlTemplate\":\"https:\/\/fcou.uvigo.es\/?s={search_term_string}\"},\"query-input\":{\"@type\":\"PropertyValueSpecification\",\"valueRequired\":true,\"valueName\":\"search_term_string\"}}],\"inLanguage\":\"es-ES\"},{\"@type\":\"Organization\",\"@id\":\"https:\/\/fcou.uvigo.es\/#organization\",\"name\":\"Facultade de Ciencias da Universidade de Vigo\",\"url\":\"https:\/\/fcou.uvigo.es\/\",\"logo\":{\"@type\":\"ImageObject\",\"inLanguage\":\"es-ES\",\"@id\":\"https:\/\/fcou.uvigo.es\/#\/schema\/logo\/image\/\",\"url\":\"https:\/\/cytaa.uvigo.es\/wp-content\/uploads\/2024\/04\/facultade-ciencias-ourense.png\",\"contentUrl\":\"https:\/\/cytaa.uvigo.es\/wp-content\/uploads\/2024\/04\/facultade-ciencias-ourense.png\",\"width\":717,\"height\":165,\"caption\":\"Facultade de Ciencias da Universidade de Vigo\"},\"image\":{\"@id\":\"https:\/\/fcou.uvigo.es\/#\/schema\/logo\/image\/\"}}]}<\/script>","yoast_head_json":{"title":"Calendario acad\u00e9mico | Facultade de Ciencias","robots":{"index":"index","follow":"follow","max-snippet":"max-snippet:-1","max-image-preview":"max-image-preview:large","max-video-preview":"max-video-preview:-1"},"canonical":"https:\/\/fcou.uvigo.es\/es\/docencia\/calendario-academico\/","og_locale":"es_ES","og_type":"article","og_title":"Calendario acad\u00e9mico | Facultade de Ciencias","og_description":"Curso acad\u00e9mico 2025\/2026 Titulaciones de Grado y PCEOs Calendario acad\u00e9mico &#8211; Facultad de Ciencias Titulaciones de M\u00e1ster Calendario acad\u00e9mico &#8211; M\u00e1ster en CyTAA Calendario acad\u00e9mico &hellip; Contin\u00faa","og_url":"https:\/\/fcou.uvigo.es\/es\/docencia\/calendario-academico\/","og_site_name":"Facultade de Ciencias","article_modified_time":"2026-05-11T07:49:08+00:00","twitter_card":"summary_large_image","twitter_misc":{"Est. reading time":"1 minute"},"schema":{"@context":"https:\/\/schema.org","@graph":[{"@type":"WebPage","@id":"https:\/\/fcou.uvigo.es\/es\/docencia\/calendario-academico\/","url":"https:\/\/fcou.uvigo.es\/es\/docencia\/calendario-academico\/","name":"Calendario acad\u00e9mico | Facultade de Ciencias","isPartOf":{"@id":"https:\/\/fcou.uvigo.es\/#website"},"datePublished":"2015-01-28T09:12:12+00:00","dateModified":"2026-05-11T07:49:08+00:00","breadcrumb":{"@id":"https:\/\/fcou.uvigo.es\/es\/docencia\/calendario-academico\/#breadcrumb"},"inLanguage":"es-ES","potentialAction":[{"@type":"ReadAction","target":["https:\/\/fcou.uvigo.es\/es\/docencia\/calendario-academico\/"]}]},{"@type":"BreadcrumbList","@id":"https:\/\/fcou.uvigo.es\/es\/docencia\/calendario-academico\/#breadcrumb","itemListElement":[{"@type":"ListItem","position":1,"name":"Docencia","item":"https:\/\/fcou.uvigo.es\/es\/docencia\/"},{"@type":"ListItem","position":2,"name":"Calendario acad\u00e9mico"}]},{"@type":"WebSite","@id":"https:\/\/fcou.uvigo.es\/#website","url":"https:\/\/fcou.uvigo.es\/","name":"Facultade de Ciencias da Universidade de Vigo","description":"Sitio web da Facultade de Ciencias","publisher":{"@id":"https:\/\/fcou.uvigo.es\/#organization"},"potentialAction":[{"@type":"SearchAction","target":{"@type":"EntryPoint","urlTemplate":"https:\/\/fcou.uvigo.es\/?s={search_term_string}"},"query-input":{"@type":"PropertyValueSpecification","valueRequired":true,"valueName":"search_term_string"}}],"inLanguage":"es-ES"},{"@type":"Organization","@id":"https:\/\/fcou.uvigo.es\/#organization","name":"Facultade de Ciencias da Universidade de Vigo","url":"https:\/\/fcou.uvigo.es\/","logo":{"@type":"ImageObject","inLanguage":"es-ES","@id":"https:\/\/fcou.uvigo.es\/#\/schema\/logo\/image\/","url":"https:\/\/cytaa.uvigo.es\/wp-content\/uploads\/2024\/04\/facultade-ciencias-ourense.png","contentUrl":"https:\/\/cytaa.uvigo.es\/wp-content\/uploads\/2024\/04\/facultade-ciencias-ourense.png","width":717,"height":165,"caption":"Facultade de Ciencias da Universidade de Vigo"},"image":{"@id":"https:\/\/fcou.uvigo.es\/#\/schema\/logo\/image\/"}}]}},"_links":{"self":[{"href":"https:\/\/cytaa.uvigo.es\/es\/wp-json\/wp\/v2\/pages\/2179"}],"collection":[{"href":"https:\/\/cytaa.uvigo.es\/es\/wp-json\/wp\/v2\/pages"}],"about":[{"href":"https:\/\/cytaa.uvigo.es\/es\/wp-json\/wp\/v2\/types\/page"}],"author":[{"embeddable":true,"href":"https:\/\/cytaa.uvigo.es\/es\/wp-json\/wp\/v2\/users\/8"}],"replies":[{"embeddable":true,"href":"https:\/\/cytaa.uvigo.es\/es\/wp-json\/wp\/v2\/comments?post=2179"}],"version-history":[{"count":35,"href":"https:\/\/cytaa.uvigo.es\/es\/wp-json\/wp\/v2\/pages\/2179\/revisions"}],"predecessor-version":[{"id":270429,"href":"https:\/\/cytaa.uvigo.es\/es\/wp-json\/wp\/v2\/pages\/2179\/revisions\/270429"}],"up":[{"embeddable":true,"href":"https:\/\/cytaa.uvigo.es\/es\/wp-json\/wp\/v2\/pages\/2176"}],"wp:attachment":[{"href":"https:\/\/cytaa.uvigo.es\/es\/wp-json\/wp\/v2\/media?parent=2179"}],"curies":[{"name":"wp","href":"https:\/\/api.w.org\/{rel}","templated":true}]}}