{"id":2135,"date":"2015-01-26T16:16:24","date_gmt":"2015-01-26T15:16:24","guid":{"rendered":"http:\/\/fcce.webs.uvigo.es\/estudos\/master-iqqi\/"},"modified":"2024-05-23T17:34:59","modified_gmt":"2024-05-23T15:34:59","slug":"master-nutricion","status":"publish","type":"page","link":"https:\/\/cytaa.uvigo.es\/es\/estudios\/master-nutricion\/","title":{"rendered":"M\u00e1ster en Nutrici\u00f3n"},"content":{"rendered":"<p>La nutrici\u00f3n y todos los aspectos relacionados que incluyen la patolog\u00eda por alteraciones metab\u00f3licas m\u00e1s frecuentes, es una de las \u00e1reas de la biomedicina que experiment\u00f3 un mayor avance en los \u00faltimos a\u00f1os, lo cual determina la necesidad de contar con profesionales cada vez mejor formados en su \u00e1mbito para poder dar una id\u00f3nea respuesta a los problemas sociosanitarios que se presentan, pero tambi\u00e9n con una s\u00f3lida formaci\u00f3n acad\u00e9mica que les permita adaptarse a los continuos avances cient\u00edficos y tecnol\u00f3gicos.<\/p>\n<p class=\"mb-2\"><a class=\"btn btn-outline-primary btn-icon\" style=\"text-transform: none;\" href=\"http:\/\/webs.uvigo.es\/nutricion\" target=\"_blank\" rel=\"noopener noreferrer\">P\u00e1gina web del T\u00edtulo<\/a><\/p>\n<p>&nbsp;<\/p>\n<h2>Informaci\u00f3n de inter\u00e9s<\/h2>\n<div class=\"row\">\n<div class=\"col-sm-6\">\n<ul class=\"list-peak\">\n<li><strong>Plazas:<\/strong> 24 plazas<\/li>\n<li><strong>Tipo de ense\u00f1anza:<\/strong> semipresencial<\/li>\n<li><strong>Periodicidad de la oferta:<\/strong> anual<\/li>\n<li><strong>Duraci\u00f3n:<\/strong> 60 cr\u00e9ditos ECTS<\/li>\n<\/ul>\n<\/div>\n<div class=\"col-sm-6\">\n<ul class=\"list-peak\">\n<li><a href=\"\/es\/estudiantes\/matricula\/\">Matr\u00edcula<\/a><\/li>\n<li><i class=\"fa fa-globe\"><\/i> <a href=\"https:\/\/secretaria.uvigo.gal\/docnet-nuevo\/guia_docent\/?centre=101&amp;ensenyament=O01M139V01&amp;consulta=assignatures\" target=\"_blank\" rel=\"noopener noreferrer\">Gu\u00edas docentes<\/a><\/li>\n<li><i class=\"fa fa-file-pdf-o\"><\/i> <a href=\"\/docs\/estudos\/Ficha_Nutricion.pdf\" target=\"_blank\" rel=\"noopener noreferrer\">Ficha del T\u00edtulo<\/a><\/li>\n<li><i class=\"fa fa-file-pdf-o\"><\/i> <a href=\"https:\/\/sede.educacion.gob.es\/cid\/consultaCID?cid=104193933628774311555647\" target=\"_blank\" rel=\"noopener noreferrer\">Memoria del T\u00edtulo<\/a><\/li>\n<\/ul>\n<\/div>\n<\/div>\n<p>&nbsp;<\/p>\n<div class=\"row\">\n<div class=\"col-sm-5\">\n<div class=\"custom-block graylight\">\n<h3>Coordinaci\u00f3n<\/h3>\n<p>Lucas C. Gonz\u00e1lez Mat\u00edas<br \/>\n+34 986 130 138<br \/>\n<a href=\"mailto:lucascgm@uvigo.es\">lucascgm@uvigo.es<\/a><\/p>\n<\/div>\n<\/div>\n<div class=\"col-sm-7\">\n<div class=\"custom-block graylight\">\n<h3>Matr\u00edcula<\/h3>\n<p>\u00c1rea de estudios de m\u00e1ster<br \/>\n988 368 803 | 988 368 910 | 988 368 909<br \/>\n<a href=\"mailto:administracionposgrao.ourense@uvigo.es\">administracionposgrao.ourense@uvigo.es<\/a><\/p>\n<\/div>\n<\/div>\n<\/div>\n","protected":false},"excerpt":{"rendered":"<p>La nutrici\u00f3n y todos los aspectos relacionados que incluyen la patolog\u00eda por alteraciones metab\u00f3licas m\u00e1s frecuentes, es una de las \u00e1reas de la biomedicina que &hellip; <a class=\"excerpt_more\" href=\"https:\/\/cytaa.uvigo.es\/es\/estudios\/master-nutricion\/\">Contin\u00faa<\/a><\/p>\n","protected":false},"author":8,"featured_media":0,"parent":2117,"menu_order":6,"comment_status":"closed","ping_status":"closed","template":"","meta":{"_acf_changed":false,"footnotes":""},"acf":[],"yoast_head":"<title>M\u00e1ster en Nutrici\u00f3n | Facultade de Ciencias<\/title>\n<meta name=\"robots\" content=\"index, follow, max-snippet:-1, max-image-preview:large, max-video-preview:-1\" \/>\n<link rel=\"canonical\" href=\"https:\/\/fcou.uvigo.es\/es\/estudios\/master-nutricion\/\" \/>\n<meta property=\"og:locale\" content=\"es_ES\" \/>\n<meta property=\"og:type\" content=\"article\" \/>\n<meta property=\"og:title\" content=\"M\u00e1ster en Nutrici\u00f3n | Facultade de Ciencias\" \/>\n<meta property=\"og:description\" content=\"La nutrici\u00f3n y todos los aspectos relacionados que incluyen la patolog\u00eda por alteraciones metab\u00f3licas m\u00e1s frecuentes, es una de las \u00e1reas de la biomedicina que &hellip; Contin\u00faa\" \/>\n<meta property=\"og:url\" content=\"https:\/\/fcou.uvigo.es\/es\/estudios\/master-nutricion\/\" \/>\n<meta property=\"og:site_name\" content=\"Facultade de Ciencias\" \/>\n<meta property=\"article:modified_time\" content=\"2024-05-23T15:34:59+00:00\" \/>\n<meta name=\"twitter:card\" content=\"summary_large_image\" \/>\n<meta name=\"twitter:label1\" content=\"Est. reading time\" \/>\n\t<meta name=\"twitter:data1\" content=\"1 minute\" \/>\n<script type=\"application\/ld+json\" class=\"yoast-schema-graph\">{\"@context\":\"https:\/\/schema.org\",\"@graph\":[{\"@type\":\"WebPage\",\"@id\":\"https:\/\/fcou.uvigo.es\/es\/estudios\/master-nutricion\/\",\"url\":\"https:\/\/fcou.uvigo.es\/es\/estudios\/master-nutricion\/\",\"name\":\"M\u00e1ster en Nutrici\u00f3n | Facultade de Ciencias\",\"isPartOf\":{\"@id\":\"https:\/\/fcou.uvigo.es\/#website\"},\"datePublished\":\"2015-01-26T15:16:24+00:00\",\"dateModified\":\"2024-05-23T15:34:59+00:00\",\"breadcrumb\":{\"@id\":\"https:\/\/fcou.uvigo.es\/es\/estudios\/master-nutricion\/#breadcrumb\"},\"inLanguage\":\"es-ES\",\"potentialAction\":[{\"@type\":\"ReadAction\",\"target\":[\"https:\/\/fcou.uvigo.es\/es\/estudios\/master-nutricion\/\"]}]},{\"@type\":\"BreadcrumbList\",\"@id\":\"https:\/\/fcou.uvigo.es\/es\/estudios\/master-nutricion\/#breadcrumb\",\"itemListElement\":[{\"@type\":\"ListItem\",\"position\":1,\"name\":\"Estudios\",\"item\":\"https:\/\/fcou.uvigo.es\/es\/estudios\/\"},{\"@type\":\"ListItem\",\"position\":2,\"name\":\"M\u00e1ster en Nutrici\u00f3n\"}]},{\"@type\":\"WebSite\",\"@id\":\"https:\/\/fcou.uvigo.es\/#website\",\"url\":\"https:\/\/fcou.uvigo.es\/\",\"name\":\"Facultade de Ciencias da Universidade de Vigo\",\"description\":\"Sitio web da Facultade de Ciencias\",\"publisher\":{\"@id\":\"https:\/\/fcou.uvigo.es\/#organization\"},\"potentialAction\":[{\"@type\":\"SearchAction\",\"target\":{\"@type\":\"EntryPoint\",\"urlTemplate\":\"https:\/\/fcou.uvigo.es\/?s={search_term_string}\"},\"query-input\":{\"@type\":\"PropertyValueSpecification\",\"valueRequired\":true,\"valueName\":\"search_term_string\"}}],\"inLanguage\":\"es-ES\"},{\"@type\":\"Organization\",\"@id\":\"https:\/\/fcou.uvigo.es\/#organization\",\"name\":\"Facultade de Ciencias da Universidade de Vigo\",\"url\":\"https:\/\/fcou.uvigo.es\/\",\"logo\":{\"@type\":\"ImageObject\",\"inLanguage\":\"es-ES\",\"@id\":\"https:\/\/fcou.uvigo.es\/#\/schema\/logo\/image\/\",\"url\":\"https:\/\/cytaa.uvigo.es\/wp-content\/uploads\/2024\/04\/facultade-ciencias-ourense.png\",\"contentUrl\":\"https:\/\/cytaa.uvigo.es\/wp-content\/uploads\/2024\/04\/facultade-ciencias-ourense.png\",\"width\":717,\"height\":165,\"caption\":\"Facultade de Ciencias da Universidade de Vigo\"},\"image\":{\"@id\":\"https:\/\/fcou.uvigo.es\/#\/schema\/logo\/image\/\"}}]}<\/script>","yoast_head_json":{"title":"M\u00e1ster en Nutrici\u00f3n | Facultade de Ciencias","robots":{"index":"index","follow":"follow","max-snippet":"max-snippet:-1","max-image-preview":"max-image-preview:large","max-video-preview":"max-video-preview:-1"},"canonical":"https:\/\/fcou.uvigo.es\/es\/estudios\/master-nutricion\/","og_locale":"es_ES","og_type":"article","og_title":"M\u00e1ster en Nutrici\u00f3n | Facultade de Ciencias","og_description":"La nutrici\u00f3n y todos los aspectos relacionados que incluyen la patolog\u00eda por alteraciones metab\u00f3licas m\u00e1s frecuentes, es una de las \u00e1reas de la biomedicina que &hellip; Contin\u00faa","og_url":"https:\/\/fcou.uvigo.es\/es\/estudios\/master-nutricion\/","og_site_name":"Facultade de Ciencias","article_modified_time":"2024-05-23T15:34:59+00:00","twitter_card":"summary_large_image","twitter_misc":{"Est. reading time":"1 minute"},"schema":{"@context":"https:\/\/schema.org","@graph":[{"@type":"WebPage","@id":"https:\/\/fcou.uvigo.es\/es\/estudios\/master-nutricion\/","url":"https:\/\/fcou.uvigo.es\/es\/estudios\/master-nutricion\/","name":"M\u00e1ster en Nutrici\u00f3n | Facultade de Ciencias","isPartOf":{"@id":"https:\/\/fcou.uvigo.es\/#website"},"datePublished":"2015-01-26T15:16:24+00:00","dateModified":"2024-05-23T15:34:59+00:00","breadcrumb":{"@id":"https:\/\/fcou.uvigo.es\/es\/estudios\/master-nutricion\/#breadcrumb"},"inLanguage":"es-ES","potentialAction":[{"@type":"ReadAction","target":["https:\/\/fcou.uvigo.es\/es\/estudios\/master-nutricion\/"]}]},{"@type":"BreadcrumbList","@id":"https:\/\/fcou.uvigo.es\/es\/estudios\/master-nutricion\/#breadcrumb","itemListElement":[{"@type":"ListItem","position":1,"name":"Estudios","item":"https:\/\/fcou.uvigo.es\/es\/estudios\/"},{"@type":"ListItem","position":2,"name":"M\u00e1ster en Nutrici\u00f3n"}]},{"@type":"WebSite","@id":"https:\/\/fcou.uvigo.es\/#website","url":"https:\/\/fcou.uvigo.es\/","name":"Facultade de Ciencias da Universidade de Vigo","description":"Sitio web da Facultade de Ciencias","publisher":{"@id":"https:\/\/fcou.uvigo.es\/#organization"},"potentialAction":[{"@type":"SearchAction","target":{"@type":"EntryPoint","urlTemplate":"https:\/\/fcou.uvigo.es\/?s={search_term_string}"},"query-input":{"@type":"PropertyValueSpecification","valueRequired":true,"valueName":"search_term_string"}}],"inLanguage":"es-ES"},{"@type":"Organization","@id":"https:\/\/fcou.uvigo.es\/#organization","name":"Facultade de Ciencias da Universidade de Vigo","url":"https:\/\/fcou.uvigo.es\/","logo":{"@type":"ImageObject","inLanguage":"es-ES","@id":"https:\/\/fcou.uvigo.es\/#\/schema\/logo\/image\/","url":"https:\/\/cytaa.uvigo.es\/wp-content\/uploads\/2024\/04\/facultade-ciencias-ourense.png","contentUrl":"https:\/\/cytaa.uvigo.es\/wp-content\/uploads\/2024\/04\/facultade-ciencias-ourense.png","width":717,"height":165,"caption":"Facultade de Ciencias da Universidade de Vigo"},"image":{"@id":"https:\/\/fcou.uvigo.es\/#\/schema\/logo\/image\/"}}]}},"_links":{"self":[{"href":"https:\/\/cytaa.uvigo.es\/es\/wp-json\/wp\/v2\/pages\/2135"}],"collection":[{"href":"https:\/\/cytaa.uvigo.es\/es\/wp-json\/wp\/v2\/pages"}],"about":[{"href":"https:\/\/cytaa.uvigo.es\/es\/wp-json\/wp\/v2\/types\/page"}],"author":[{"embeddable":true,"href":"https:\/\/cytaa.uvigo.es\/es\/wp-json\/wp\/v2\/users\/8"}],"replies":[{"embeddable":true,"href":"https:\/\/cytaa.uvigo.es\/es\/wp-json\/wp\/v2\/comments?post=2135"}],"version-history":[{"count":12,"href":"https:\/\/cytaa.uvigo.es\/es\/wp-json\/wp\/v2\/pages\/2135\/revisions"}],"predecessor-version":[{"id":267820,"href":"https:\/\/cytaa.uvigo.es\/es\/wp-json\/wp\/v2\/pages\/2135\/revisions\/267820"}],"up":[{"embeddable":true,"href":"https:\/\/cytaa.uvigo.es\/es\/wp-json\/wp\/v2\/pages\/2117"}],"wp:attachment":[{"href":"https:\/\/cytaa.uvigo.es\/es\/wp-json\/wp\/v2\/media?parent=2135"}],"curies":[{"name":"wp","href":"https:\/\/api.w.org\/{rel}","templated":true}]}}