{"id":2109,"date":"2013-11-16T00:00:00","date_gmt":"2013-11-15T23:00:00","guid":{"rendered":"http:\/\/fcce.webs.uvigo.es\/facultade\/recursos-materiais-e-servizos\/"},"modified":"2024-05-23T16:44:02","modified_gmt":"2024-05-23T14:44:02","slug":"recursos-materiales-y-servicios","status":"publish","type":"page","link":"https:\/\/cytaa.uvigo.es\/es\/facultad\/recursos-materiales-y-servicios\/","title":{"rendered":"Recursos materiales y servicios"},"content":{"rendered":"<h2>Recursos materiales<\/h2>\n<div id=\"accordion\" class=\"accordion\" role=\"tablist\" aria-multiselectable=\"true\">\n<div class=\"card\" style=\"margin-top: -5px;\">\n<div class=\"card-header\"><a class=\"collapse h3 collapsed\" href=\"#aulas\" data-toggle=\"collapse\" data-parent=\"#accordion\" aria-controls=\"aulas\">Aulas<\/a><\/div>\n<div id=\"aulas\" class=\"collapse\" data-parent=\"#accordion\">\n<div class=\"card-body\">\n<h3>Aula te\u00f3rica mediana<\/h3>\n<p>Capacidad: 54 puestos<\/p>\n<p>Aula de mediana capacidad. El estudiantado permanece sentado. El mobiliario es de silla de distribuci\u00f3n y organizaci\u00f3n variable.<\/p>\n<p>Uso habitual: clases magistrales a grupos medianos y peque\u00f1os. Seminarios y talleres.<\/p>\n<p><b>Aulas B.1, B.2, B.3, B.4, 1.1, 1.2, 1.3, 1.4, 3.3, 3.4, 3.5 y 3.6<\/b><\/p>\n<p><!--<img decoding=\"async\" src=\"\/images\/recursos\/aulatm.jpg\" alt=\"aula te\u00f3rica mediana\" \/>--><\/p>\n<p>Equipos inform\u00e1ticos de proyecci\u00f3n anal\u00f3gica y digital para presentaciones multimedia. Conexi\u00f3n a Internet. Otros medios para la docencia.<\/p>\n<p>Aulas dotadas de sillas individuales con pala de escritura.<\/p>\n<p>&nbsp;<\/p>\n<h3>Aula te\u00f3rica grande<\/h3>\n<p>Capacidad: 140 puestos<\/p>\n<p>Aula de gran capacidad. El estudiantado permanece sentado.<\/p>\n<p>Uso habitual: clases magistrales a grupos medianos y peque\u00f1os. Seminarios y talleres.<\/p>\n<p><b>Aulas B.5 y 1.5<\/b><\/p>\n<p><!--<img decoding=\"async\" src=\"\/images\/recursos\/aulatg.jpg\" alt=\"aula te\u00f3rica grande\" \/>--><\/p>\n<p>Equipos inform\u00e1ticos de proyecci\u00f3n anal\u00f3gica y digital para presentaciones multimedia. Conexi\u00f3n a Internet. Otros medios para la docencia.<\/p>\n<p>Aulas dotadas de mobiliario fijo.<\/p>\n<\/div>\n<\/div>\n<\/div>\n<div class=\"card\" style=\"margin-top: -5px;\">\n<div class=\"card-header\"><a class=\"collapse h3 collapsed\" href=\"#labs\" data-toggle=\"collapse\" data-parent=\"#accordion\" aria-controls=\"labs\">Laboratorios docentes<\/a><\/div>\n<div id=\"labs\" class=\"collapse\" data-parent=\"#accordion\">\n<div class=\"card-body\">\n<h3>Laboratorios<\/h3>\n<p>Capacidad: 12-24 puestos<\/p>\n<p>Espacio dotado de material y equipamiento de laboratorio adecuado para la realizaci\u00f3n de las pr\u00e1cticas de las diferentes asignaturas de las titulaciones del centro.<\/p>\n<p>Uso habitual: desarrollo de pr\u00e1cticas, trabajos, ejercicios o proyectos de car\u00e1cter te\u00f3rico-pr\u00e1ctico con uso de tecnolog\u00eda espec\u00edfica.<\/p>\n<ul class=\"list-peak\" style=\"margin-top: 10px;\">\n<li>Laboratorio de Bot\u00e1nica (24 puestos)<\/li>\n<li>Laboratorio de Bromatolog\u00eda<\/li>\n<li>Laboratorio de Ciencia y Tecnolog\u00eda de los Alimentos (24 puestos)<\/li>\n<li>Laboratorio de F\u00edsica (24 puestos)<\/li>\n<li>Laboratorio de Geodin\u00e1mica (24 puestos)<\/li>\n<li>Laboratorio de Ingenier\u00eda Qu\u00edmica (18 puestos)<\/li>\n<li>Laboratorio de Microbiolog\u00eda (24 puestos)<\/li>\n<li>Laboratorio de Qu\u00edmica (24 puestos)<\/li>\n<li>Laboratorio de An\u00e1lisis Instrumental (24 puestos)<\/li>\n<li>Laboratorio de Toxicolog\u00eda (12 puestos)<\/li>\n<\/ul>\n<\/div>\n<\/div>\n<\/div>\n<div class=\"card\" style=\"margin-top: -5px;\">\n<div class=\"card-header\"><a class=\"collapse h3 collapsed\" href=\"#leira\" data-toggle=\"collapse\" data-parent=\"#accordion\" aria-controls=\"leira\">Invernadero y campo de pr\u00e1cticas<\/a><\/div>\n<div id=\"leira\" class=\"collapse\" data-parent=\"#accordion\">\n<div class=\"card-body\">\n<p>La Facultad de Ciencias dispone adem\u00e1s de un invernadero y un campo de pr\u00e1cticas en el campus universitario.<\/p>\n<\/div>\n<\/div>\n<\/div>\n<div class=\"card\" style=\"margin-top: -5px;\">\n<div class=\"card-header\"><a class=\"collapse h3 collapsed\" href=\"#otras\" data-toggle=\"collapse\" data-parent=\"#accordion\" aria-controls=\"otras\">Otras infraestructuras del centro<\/a><\/div>\n<div id=\"otras\" class=\"collapse\" data-parent=\"#accordion\">\n<div class=\"card-body\">\n<p><strong>Despachos del profesorado<\/strong><br \/>\nEl profesorado con docencia en el centro dispone de un despacho para sus tareas docentes, realizaci\u00f3n de tutor\u00edas,&#8230;<\/p>\n<p class=\"mb-2\"><a class=\"btn btn-outline-primary btn-icon\" style=\"text-transform: none;\" href=\"\/es\/docencia\/profesorado\/\">Listado de profesorado<\/a><\/p>\n<p><strong>Sal\u00f3n de Grados<\/strong><br \/>\nEl Sal\u00f3n de Grados, con capacidad para 250 personas, se usa para celebrar actos acad\u00e9micos y protocolarios, conferencias,&#8230;<\/p>\n<p><strong>Aula Magna<\/strong><br \/>\nEl Aula Magna, con capacidad para 400 personas, se usa para celebrar actos acad\u00e9micos y protocolarios, conferencias,&#8230;<\/p>\n<p><strong>Sala de Xuntas y de Profesorado<\/strong><br \/>\nEspacios para 12-20 personas, con medios audiovisuales, para la realizaci\u00f3n de reuniones o seminarios.<\/p>\n<p><strong>Delegaci\u00f3n de estudiantes<\/strong><\/p>\n<p class=\"mb-2\"><a class=\"btn btn-outline-primary btn-icon\" style=\"text-transform: none;\" href=\"\/es\/estudiantes\/asociacion-ecous\/\">Asociaci\u00f3n ECOUS<\/a><\/p>\n<p><strong>Otros recursos materiales del centro<\/strong><br \/>\nAdem\u00e1s de las infraestructuras y dotaciones ubicadas en espacios concretos de docencia y aprendizaje, existe diverso material que puede ser empleado por el profesorado y estudiantado en su actividad en el centro. El uso de este material es controlado por el servicio de conserjer\u00eda de la facultad mediante un sistema establecido que incluye el compromiso para una utilizaci\u00f3n id\u00f3nea por parte del personal usuario. El material disponible consiste en: ordenadores port\u00e1tiles, proyectores digitales, reproductores de v\u00eddeo en diversos formatos, monitores, escaleras de mano, cables de conexi\u00f3n, etc. Si bien en general el estudiantado debe costearse los materiales necesarios para desarrollar los ejercicios y trabajos programados en las distintas asignaturas.<\/p>\n<\/div>\n<\/div>\n<\/div>\n<div class=\"card\" style=\"margin-top: -5px;\">\n<div class=\"card-header\"><a class=\"collapse h3 collapsed\" href=\"#biblioteca\" data-toggle=\"collapse\" data-parent=\"#accordion\" aria-controls=\"biblioteca\">Biblioteca<\/a><\/div>\n<div id=\"biblioteca\" class=\"collapse\" data-parent=\"#accordion\">\n<div class=\"card-body\">\n<p><!--\n\n<img decoding=\"async\" src=\"\/images\/biblioteca.jpg\" alt=\"vigo\" \/>\n\n-->La Biblioteca central del campus de Ourense ofrece los siguientes servicios:<\/p>\n<ul class=\"list-peak\" style=\"margin-top: 10px;\">\n<li>Sala de lectura<\/li>\n<li>Ordenadores de informaci\u00f3n<\/li>\n<li>Red WIFI<\/li>\n<\/ul>\n<p><b>Horario<\/b><\/p>\n<p>Lunes a viernes de 8.30 a 21.00 h<\/p>\n<p>&nbsp;<\/p>\n<p>En la biblioteca se dispone, en sus fondos de car\u00e1cter docente, de por lo menos un ejemplar de todas las obras recomendadas por los docentes en las distintas asignaturas impartidas en la Facultad de Ciencias. Dicha lista es revisada todos los a\u00f1os, en el momento en el que el profesorado remite al decanato la gu\u00eda docente de cada una de las asignaturas de las titulaciones que se imparten en el centro.<\/p>\n<\/div>\n<\/div>\n<\/div>\n<\/div>\n<p>Adicionalmente, las instalaciones de la facultad cumplen con los requisitos de accesibilidad que marca la normativa vigente. Regularmente se eval\u00faa la accesibilidad de las mismas para personas discapacitadas y todos los a\u00f1os se revisan y se enmiendan las posibles incidencias respecto a ello en colaboraci\u00f3n con el vicerrectorado correspondiente y la Unidad T\u00e9cnica de la Universidade de Vigo.<\/p>\n<p>&nbsp;<\/p>\n<h2>Servicios Generales<\/h2>\n<p><b>Conexi\u00f3n inal\u00e1mbrica<\/b><\/p>\n<p>El edificio de la facultad dispone de conexi\u00f3n inal\u00e1mbrica a la red de la universidad y, a trav\u00e9s de ella, a Internet. Toda la comunidad universitaria tiene acceso a este servicio mediante clave vinculada a su cuenta de correo personal proporcionada por la universidad.<\/p>\n<p>&nbsp;<\/p>\n<p><b>Recursos docentes en red<\/b><\/p>\n<p>Como apoyo a la actividad docente presencial, la Universidade de Vigo pone a disposici\u00f3n del profesorado la plataforma inform\u00e1tica <a href=\"https:\/\/moovi.uvigo.gal\">MooVi<\/a> con recursos en l\u00ednea destinados a la teleformaci\u00f3n. Se trata de un servicio de especial utilidad tanto para el estudiantado como para el profesorado, ya que permite la comunicaci\u00f3n continua entre ambos as\u00ed como el intercambio de material docente, realizaci\u00f3n de test, etc. Est\u00e1 siendo ampliamente utilizada hoy en d\u00eda en la docencia en el centro.<\/p>\n<p>&nbsp;<\/p>\n<p><b>Servicio de reprograf\u00eda<\/b><\/p>\n<p>La Biblioteca Universitaria dispone de m\u00e1quinas de reprograf\u00eda de uso libre que se gestionan a trav\u00e9s de cart\u00f3n de fotocopias. As\u00ed mismo, en el entorno de la facultad existen servicios de reprograf\u00eda gestionados por una empresa externa.<\/p>\n<p>&nbsp;<\/p>\n<p><b>Servicio de cafeter\u00eda y restauraci\u00f3n<\/b><\/p>\n<p>El centro dispone de servicio de cafeter\u00eda. As\u00ed mismo, se situaron en la planta baja y en el primer piso maquinas de caf\u00e9, bebida y alimentos para toda la comunidad. En el campus existe un servicio de restauraci\u00f3n central gestionado por una empresa externa, a precios reducidos fijados por la Universidade de Vigo.<\/p>\n","protected":false},"excerpt":{"rendered":"<p>Recursos materiales Aulas Aula te\u00f3rica mediana Capacidad: 54 puestos Aula de mediana capacidad. El estudiantado permanece sentado. El mobiliario es de silla de distribuci\u00f3n y &hellip; <a class=\"excerpt_more\" href=\"https:\/\/cytaa.uvigo.es\/es\/facultad\/recursos-materiales-y-servicios\/\">Contin\u00faa<\/a><\/p>\n","protected":false},"author":8,"featured_media":0,"parent":2094,"menu_order":8,"comment_status":"closed","ping_status":"closed","template":"","meta":{"_acf_changed":false,"footnotes":""},"acf":[],"yoast_head":"<title>Recursos materiales y servicios | Facultade de Ciencias<\/title>\n<meta name=\"robots\" content=\"index, follow, max-snippet:-1, max-image-preview:large, max-video-preview:-1\" \/>\n<link rel=\"canonical\" href=\"https:\/\/cytaa.uvigo.es\/es\/facultad\/recursos-materiales-y-servicios\/\" \/>\n<meta property=\"og:locale\" content=\"es_ES\" \/>\n<meta property=\"og:type\" content=\"article\" \/>\n<meta property=\"og:title\" content=\"Recursos materiales y servicios | Facultade de Ciencias\" \/>\n<meta property=\"og:description\" content=\"Recursos materiales Aulas Aula te\u00f3rica mediana Capacidad: 54 puestos Aula de mediana capacidad. El estudiantado permanece sentado. El mobiliario es de silla de distribuci\u00f3n y &hellip; Contin\u00faa\" \/>\n<meta property=\"og:url\" content=\"https:\/\/cytaa.uvigo.es\/es\/facultad\/recursos-materiales-y-servicios\/\" \/>\n<meta property=\"og:site_name\" content=\"Facultade de Ciencias\" \/>\n<meta property=\"article:modified_time\" content=\"2024-05-23T14:44:02+00:00\" \/>\n<meta name=\"twitter:card\" content=\"summary_large_image\" \/>\n<meta name=\"twitter:label1\" content=\"Est. reading time\" \/>\n\t<meta name=\"twitter:data1\" content=\"5 minutes\" \/>\n<script type=\"application\/ld+json\" class=\"yoast-schema-graph\">{\"@context\":\"https:\/\/schema.org\",\"@graph\":[{\"@type\":\"WebPage\",\"@id\":\"https:\/\/cytaa.uvigo.es\/es\/facultad\/recursos-materiales-y-servicios\/\",\"url\":\"https:\/\/cytaa.uvigo.es\/es\/facultad\/recursos-materiales-y-servicios\/\",\"name\":\"Recursos materiales y servicios | Facultade de Ciencias\",\"isPartOf\":{\"@id\":\"https:\/\/fcou.uvigo.es\/#website\"},\"datePublished\":\"2013-11-15T23:00:00+00:00\",\"dateModified\":\"2024-05-23T14:44:02+00:00\",\"breadcrumb\":{\"@id\":\"https:\/\/cytaa.uvigo.es\/es\/facultad\/recursos-materiales-y-servicios\/#breadcrumb\"},\"inLanguage\":\"es-ES\",\"potentialAction\":[{\"@type\":\"ReadAction\",\"target\":[\"https:\/\/cytaa.uvigo.es\/es\/facultad\/recursos-materiales-y-servicios\/\"]}]},{\"@type\":\"BreadcrumbList\",\"@id\":\"https:\/\/cytaa.uvigo.es\/es\/facultad\/recursos-materiales-y-servicios\/#breadcrumb\",\"itemListElement\":[{\"@type\":\"ListItem\",\"position\":1,\"name\":\"Facultad\",\"item\":\"https:\/\/www.fcou.uvigo.es\/es\/facultad\/\"},{\"@type\":\"ListItem\",\"position\":2,\"name\":\"Recursos materiales y servicios\"}]},{\"@type\":\"WebSite\",\"@id\":\"https:\/\/fcou.uvigo.es\/#website\",\"url\":\"https:\/\/fcou.uvigo.es\/\",\"name\":\"Facultade de Ciencias da Universidade de Vigo\",\"description\":\"Sitio web da Facultade de Ciencias\",\"publisher\":{\"@id\":\"https:\/\/fcou.uvigo.es\/#organization\"},\"potentialAction\":[{\"@type\":\"SearchAction\",\"target\":{\"@type\":\"EntryPoint\",\"urlTemplate\":\"https:\/\/fcou.uvigo.es\/?s={search_term_string}\"},\"query-input\":{\"@type\":\"PropertyValueSpecification\",\"valueRequired\":true,\"valueName\":\"search_term_string\"}}],\"inLanguage\":\"es-ES\"},{\"@type\":\"Organization\",\"@id\":\"https:\/\/fcou.uvigo.es\/#organization\",\"name\":\"Facultade de Ciencias da Universidade de Vigo\",\"url\":\"https:\/\/fcou.uvigo.es\/\",\"logo\":{\"@type\":\"ImageObject\",\"inLanguage\":\"es-ES\",\"@id\":\"https:\/\/fcou.uvigo.es\/#\/schema\/logo\/image\/\",\"url\":\"https:\/\/cytaa.uvigo.es\/wp-content\/uploads\/2024\/04\/facultade-ciencias-ourense.png\",\"contentUrl\":\"https:\/\/cytaa.uvigo.es\/wp-content\/uploads\/2024\/04\/facultade-ciencias-ourense.png\",\"width\":717,\"height\":165,\"caption\":\"Facultade de Ciencias da Universidade de Vigo\"},\"image\":{\"@id\":\"https:\/\/fcou.uvigo.es\/#\/schema\/logo\/image\/\"}}]}<\/script>","yoast_head_json":{"title":"Recursos materiales y servicios | Facultade de Ciencias","robots":{"index":"index","follow":"follow","max-snippet":"max-snippet:-1","max-image-preview":"max-image-preview:large","max-video-preview":"max-video-preview:-1"},"canonical":"https:\/\/cytaa.uvigo.es\/es\/facultad\/recursos-materiales-y-servicios\/","og_locale":"es_ES","og_type":"article","og_title":"Recursos materiales y servicios | Facultade de Ciencias","og_description":"Recursos materiales Aulas Aula te\u00f3rica mediana Capacidad: 54 puestos Aula de mediana capacidad. El estudiantado permanece sentado. El mobiliario es de silla de distribuci\u00f3n y &hellip; Contin\u00faa","og_url":"https:\/\/cytaa.uvigo.es\/es\/facultad\/recursos-materiales-y-servicios\/","og_site_name":"Facultade de Ciencias","article_modified_time":"2024-05-23T14:44:02+00:00","twitter_card":"summary_large_image","twitter_misc":{"Est. reading time":"5 minutes"},"schema":{"@context":"https:\/\/schema.org","@graph":[{"@type":"WebPage","@id":"https:\/\/cytaa.uvigo.es\/es\/facultad\/recursos-materiales-y-servicios\/","url":"https:\/\/cytaa.uvigo.es\/es\/facultad\/recursos-materiales-y-servicios\/","name":"Recursos materiales y servicios | Facultade de Ciencias","isPartOf":{"@id":"https:\/\/fcou.uvigo.es\/#website"},"datePublished":"2013-11-15T23:00:00+00:00","dateModified":"2024-05-23T14:44:02+00:00","breadcrumb":{"@id":"https:\/\/cytaa.uvigo.es\/es\/facultad\/recursos-materiales-y-servicios\/#breadcrumb"},"inLanguage":"es-ES","potentialAction":[{"@type":"ReadAction","target":["https:\/\/cytaa.uvigo.es\/es\/facultad\/recursos-materiales-y-servicios\/"]}]},{"@type":"BreadcrumbList","@id":"https:\/\/cytaa.uvigo.es\/es\/facultad\/recursos-materiales-y-servicios\/#breadcrumb","itemListElement":[{"@type":"ListItem","position":1,"name":"Facultad","item":"https:\/\/www.fcou.uvigo.es\/es\/facultad\/"},{"@type":"ListItem","position":2,"name":"Recursos materiales y servicios"}]},{"@type":"WebSite","@id":"https:\/\/fcou.uvigo.es\/#website","url":"https:\/\/fcou.uvigo.es\/","name":"Facultade de Ciencias da Universidade de Vigo","description":"Sitio web da Facultade de Ciencias","publisher":{"@id":"https:\/\/fcou.uvigo.es\/#organization"},"potentialAction":[{"@type":"SearchAction","target":{"@type":"EntryPoint","urlTemplate":"https:\/\/fcou.uvigo.es\/?s={search_term_string}"},"query-input":{"@type":"PropertyValueSpecification","valueRequired":true,"valueName":"search_term_string"}}],"inLanguage":"es-ES"},{"@type":"Organization","@id":"https:\/\/fcou.uvigo.es\/#organization","name":"Facultade de Ciencias da Universidade de Vigo","url":"https:\/\/fcou.uvigo.es\/","logo":{"@type":"ImageObject","inLanguage":"es-ES","@id":"https:\/\/fcou.uvigo.es\/#\/schema\/logo\/image\/","url":"https:\/\/cytaa.uvigo.es\/wp-content\/uploads\/2024\/04\/facultade-ciencias-ourense.png","contentUrl":"https:\/\/cytaa.uvigo.es\/wp-content\/uploads\/2024\/04\/facultade-ciencias-ourense.png","width":717,"height":165,"caption":"Facultade de Ciencias da Universidade de Vigo"},"image":{"@id":"https:\/\/fcou.uvigo.es\/#\/schema\/logo\/image\/"}}]}},"_links":{"self":[{"href":"https:\/\/cytaa.uvigo.es\/es\/wp-json\/wp\/v2\/pages\/2109"}],"collection":[{"href":"https:\/\/cytaa.uvigo.es\/es\/wp-json\/wp\/v2\/pages"}],"about":[{"href":"https:\/\/cytaa.uvigo.es\/es\/wp-json\/wp\/v2\/types\/page"}],"author":[{"embeddable":true,"href":"https:\/\/cytaa.uvigo.es\/es\/wp-json\/wp\/v2\/users\/8"}],"replies":[{"embeddable":true,"href":"https:\/\/cytaa.uvigo.es\/es\/wp-json\/wp\/v2\/comments?post=2109"}],"version-history":[{"count":29,"href":"https:\/\/cytaa.uvigo.es\/es\/wp-json\/wp\/v2\/pages\/2109\/revisions"}],"predecessor-version":[{"id":267777,"href":"https:\/\/cytaa.uvigo.es\/es\/wp-json\/wp\/v2\/pages\/2109\/revisions\/267777"}],"up":[{"embeddable":true,"href":"https:\/\/cytaa.uvigo.es\/es\/wp-json\/wp\/v2\/pages\/2094"}],"wp:attachment":[{"href":"https:\/\/cytaa.uvigo.es\/es\/wp-json\/wp\/v2\/media?parent=2109"}],"curies":[{"name":"wp","href":"https:\/\/api.w.org\/{rel}","templated":true}]}}