{"id":2104,"date":"2013-11-16T00:00:00","date_gmt":"2013-11-15T23:00:00","guid":{"rendered":"http:\/\/fcce.webs.uvigo.es\/facultade\/departamentos\/"},"modified":"2024-05-23T17:45:22","modified_gmt":"2024-05-23T15:45:22","slug":"departamentos","status":"publish","type":"page","link":"https:\/\/cytaa.uvigo.es\/es\/facultad\/departamentos\/","title":{"rendered":"Departamentos"},"content":{"rendered":"<h3>Departamentos del \u00e1mbito cient\u00edfico<\/h3>\n<ul class=\"list-peak\">\n<li><a href=\"https:\/\/www.uvigo.gal\/estudar\/organizacion-academica\/departamentos\/bioloxia-funcional-ciencias-saude\" hreflang=\"gl\">C01 &#8211; Biolog\u00eda funcional y ciencias de la salud<\/a><\/li>\n<li><a href=\"https:\/\/www.uvigo.gal\/estudar\/organizacion-academica\/departamentos\/bioloxia-vexetal-ciencias-solo\" hreflang=\"gl\">C02 &#8211; Biolog\u00eda vegetal y ciencias del suelo<\/a><\/li>\n<li><a href=\"https:\/\/www.uvigo.gal\/estudar\/organizacion-academica\/departamentos\/ecoloxia-bioloxia-animal\" hreflang=\"gl\">C04 &#8211; Ecolog\u00eda y biolog\u00eda animal<\/a><\/li>\n<li><a href=\"https:\/\/www.uvigo.gal\/estudar\/organizacion-academica\/departamentos\/matematicas\" hreflang=\"gl\">C06 &#8211; Matem\u00e1ticas<\/a><\/li>\n<li><a href=\"https:\/\/www.uvigo.gal\/estudar\/organizacion-academica\/departamentos\/quimica-analitica-alimentaria\" hreflang=\"gl\">C07 &#8211; Qu\u00edmica anal\u00edtica y alimentaria<\/a><\/li>\n<li><a href=\"https:\/\/www.uvigo.gal\/estudar\/organizacion-academica\/departamentos\/xeociencias-marinas-ordenacion-territorio\" hreflang=\"gl\">C10 &#8211; Geociencias marinas y ordenaci\u00f3n del territorio<\/a><\/li>\n<li><a href=\"https:\/\/www.uvigo.gal\/estudar\/organizacion-academica\/departamentos\/quimica-fisica\" hreflang=\"gl\">C11 &#8211; Qu\u00edmica F\u00edsica<\/a><\/li>\n<li><a href=\"https:\/\/www.uvigo.gal\/estudar\/organizacion-academica\/departamentos\/quimica-organica\" hreflang=\"gl\">C12 &#8211; Qu\u00edmica org\u00e1nica<\/a><\/li>\n<\/ul>\n<p>&nbsp;<\/p>\n<h3>Departamentos del \u00e1mbito tecnol\u00f3gico<\/h3>\n<ul class=\"list-peak\">\n<li><a href=\"https:\/\/www.uvigo.gal\/estudar\/organizacion-academica\/departamentos\/enxenaria-electrica\" target=\"_blank\" rel=\"noopener noreferrer\">T02 &#8211; Ingenier\u00eda el\u00e9ctrica<\/a><\/li>\n<li><a href=\"https:\/\/www.uvigo.gal\/estudar\/organizacion-academica\/departamentos\/enxenaria-quimica\" target=\"_blank\" rel=\"noopener noreferrer\">T04 &#8211; Ingenier\u00eda qu\u00edmica<\/a><\/li>\n<li><a href=\"https:\/\/www.uvigo.gal\/estudar\/organizacion-academica\/departamentos\/enxenaria-materiais-mecanica-aplicada-construcion\" target=\"_blank\" rel=\"noopener noreferrer\">T05 &#8211; Ingenier\u00eda de los materiales, mec\u00e1nica aplicada y construcci\u00f3n<\/a><\/li>\n<li><a href=\"https:\/\/www.uvigo.gal\/estudar\/organizacion-academica\/departamentos\/enxenaria-recursos-naturais-medio-ambiente\" target=\"_blank\" rel=\"noopener noreferrer\">T06 &#8211; Ingenier\u00eda de los recursos naturales y medio ambiente<\/a><\/li>\n<li><a href=\"https:\/\/www.uvigo.gal\/estudar\/organizacion-academica\/departamentos\/fisica-aplicada\" target=\"_blank\" rel=\"noopener noreferrer\">T08 &#8211; F\u00edsica aplicada<\/a><\/li>\n<li><a href=\"https:\/\/www.uvigo.gal\/estudar\/organizacion-academica\/departamentos\/informatica\" target=\"_blank\" rel=\"noopener noreferrer\">T15 &#8211; Inform\u00e1tica<\/a><\/li>\n<li><a href=\"https:\/\/www.uvigo.gal\/estudar\/organizacion-academica\/departamentos\/matematica-aplicada-i\" target=\"_blank\" rel=\"noopener noreferrer\">T16 &#8211; Matem\u00e1tica aplicada I<\/a><\/li>\n<li><a href=\"https:\/\/www.uvigo.gal\/estudar\/organizacion-academica\/departamentos\/matematica-aplicada-ii\" target=\"_blank\" rel=\"noopener noreferrer\">T17 &#8211; Matem\u00e1tica aplicada II<\/a><\/li>\n<\/ul>\n<p>&nbsp;<\/p>\n<h3>Departamentos del \u00e1mbito jur\u00eddico-social<\/h3>\n<ul class=\"list-peak\">\n<li><a href=\"https:\/\/www.uvigo.gal\/estudar\/organizacion-academica\/departamentos\/dereito-publico\" target=\"_blank\" rel=\"noopener noreferrer\">X03 &#8211; Derecho P\u00fablico<\/a><\/li>\n<li><a href=\"https:\/\/www.uvigo.gal\/estudar\/organizacion-academica\/departamentos\/economia-aplicada\" target=\"_blank\" rel=\"noopener noreferrer\">X06 &#8211; Econom\u00eda aplicada<\/a><\/li>\n<\/ul>\n<p>&nbsp;<\/p>\n<h2>Elecciones<\/h2>\n<h3>Elecciones a representantes de estudiantado en los Consejos de Departamento<\/h3>\n<p>Consulta toda la documentaci\u00f3n del proceso en el tabl\u00f3n electr\u00f3nico oficial de la sede electr\u00f3nica:<\/p>\n<p class=\"mb-2\"><a class=\"btn btn-outline-primary btn-icon\" style=\"text-transform: none!important;\" href=\"https:\/\/sede.uvigo.gal\/public\/bulletin\/bulletin-index.xhtml?filterFormHidden%3AcategoryFilterCriteria=Procesos%20electorais\" target=\"_blank\" rel=\"noopener noreferrer\">Procesos electorales<\/a><\/p>\n<p><!--\n\n\n<ul class=\"list-peak\">\n \t\n\n<li><a href=\"https:\/\/www.xunta.gal\/dog\/Publicados\/2019\/20191028\/AnuncioU500-171019-0001_gl.html\" target=\"_blank\" rel=\"noopener noreferrer\">Reglamento electoral general en la UVigo<\/a><\/li>\n\n\n \t\n\n<li><a href=\"\/images\/docs\/facultade\/goberno\/CD2021\/Convocatoria_eleccion_rep_estudantes_2021.pdf\" target=\"_blank\" rel=\"noopener noreferrer\">Convocatoria de elecciones y calendario<\/a> | <a href=\"https:\/\/sede.uvigo.gal\/public\/bulletin\/bulletin-details.xhtml?idtaskdata=22337651\" target=\"_blank\" rel=\"noopener noreferrer\"> Modificaci\u00f3n del calendario<\/a><\/li>\n\n\n \t\n\n<li><a href=\"\/images\/docs\/facultade\/goberno\/CD2021\/Censo_provisorio_primer_segundo_ciclo.pdf\" target=\"_blank\" rel=\"noopener noreferrer\">Censos provisionales del 1\u00ba y 2\u00ba ciclo<\/a><\/li>\n\n\n \t\n\n<li><a href=\"\/images\/docs\/facultade\/goberno\/CD2021\/Censo_provisorio_tercer_ciclo.pdf\" target=\"_blank\" rel=\"noopener noreferrer\">Censos provisionales del 3\u00ba ciclo<\/a><\/li>\n\n\n \t\n\n<li><a href=\"\/images\/docs\/facultade\/goberno\/CD2021\/Cadro_eleccions.pdf\" target=\"_blank\" rel=\"noopener noreferrer\">Cuadro de elecciones<\/a><\/li>\n\n\n \t\n\n<li><a href=\"\/images\/docs\/facultade\/goberno\/CD2021\/Modelo_candidatura.pdf\" target=\"_blank\" rel=\"noopener noreferrer\">Modelo de candidatura<\/a><\/li>\n\n\n \t\n\n<li><a href=\"\/images\/docs\/facultade\/goberno\/CD2021\/Xunta_electoral.pdf\" target=\"_blank\" rel=\"noopener noreferrer\">Junta electoral<\/a><\/li>\n\n\n \t\n\n<li><a href=\"\/images\/docs\/facultade\/goberno\/CD2021\/Censo_definitivo_primer_segundo_ciclo.pdf\" target=\"_blank\" rel=\"noopener noreferrer\">Censos definitivos del 1\u00ba y 2\u00ba ciclo<\/a><\/li>\n\n\n \t\n\n<li><a href=\"\/images\/docs\/facultade\/goberno\/CD2021\/Censo_definitivo_tercer_ciclo.pdf\" target=\"_blank\" rel=\"noopener noreferrer\">Censos definitivos del 3\u00ba ciclo<\/a><\/li>\n\n\n \t\n\n<li><a href=\"\/images\/docs\/facultade\/goberno\/CD2021\/Cadro_eleccions_corrixido.pdf\" target=\"_blank\" rel=\"noopener noreferrer\">Cuadro de elecciones corregido<\/a><\/li>\n\n\n \t\n\n<li><a href=\"\/images\/docs\/facultade\/goberno\/CD2021\/PP_candidaturas.pdf\" target=\"_blank\" rel=\"noopener noreferrer\">Resoluci\u00f3n de la proclamaci\u00f3n provisional de candidaturas<\/a><\/li>\n\n\n \t\n\n<li><a href=\"\/images\/docs\/facultade\/goberno\/CD2021\/LP_candidaturas_alfabetica.pdf\" target=\"_blank\" rel=\"noopener noreferrer\">Proclamaci\u00f3n provisional de candidaturas por orden alfab\u00e9tico<\/a><\/li>\n\n\n \t\n\n<li><a href=\"\/images\/docs\/facultade\/goberno\/CD2021\/LP_candidaturas_dptos.pdf\" target=\"_blank\" rel=\"noopener noreferrer\">Proclamaci\u00f3n provisional de candidaturas por departamento<\/a><\/li>\n\n\n \t\n\n<li><a href=\"https:\/\/sede.uvigo.gal\/public\/bulletin\/bulletin-details.xhtml?idtaskdata=22292921\" target=\"_blank\" rel=\"noopener noreferrer\">Proclamaci\u00f3n definitiva de candidaturas<\/a><\/li>\n\n\n \t\n\n<li><a href=\"https:\/\/sede.uvigo.gal\/public\/bulletin\/bulletin-details.xhtml?idtaskdata=22578401\" target=\"_blank\" rel=\"noopener noreferrer\">Proclamaci\u00f3n definitiva de candidatos electos<\/a><\/li>\n\n\n<\/ul>\n\n\n--><\/p>\n","protected":false},"excerpt":{"rendered":"<p>Departamentos del \u00e1mbito cient\u00edfico C01 &#8211; Biolog\u00eda funcional y ciencias de la salud C02 &#8211; Biolog\u00eda vegetal y ciencias del suelo C04 &#8211; Ecolog\u00eda y &hellip; <a class=\"excerpt_more\" href=\"https:\/\/cytaa.uvigo.es\/es\/facultad\/departamentos\/\">Contin\u00faa<\/a><\/p>\n","protected":false},"author":8,"featured_media":0,"parent":2094,"menu_order":5,"comment_status":"closed","ping_status":"closed","template":"","meta":{"_acf_changed":false,"footnotes":""},"acf":[],"yoast_head":"<title>Departamentos | Facultade de Ciencias<\/title>\n<meta name=\"robots\" content=\"index, follow, max-snippet:-1, max-image-preview:large, max-video-preview:-1\" \/>\n<link rel=\"canonical\" href=\"https:\/\/fcou.uvigo.es\/es\/facultad\/departamentos\/\" \/>\n<meta property=\"og:locale\" content=\"es_ES\" \/>\n<meta property=\"og:type\" content=\"article\" \/>\n<meta property=\"og:title\" content=\"Departamentos | Facultade de Ciencias\" \/>\n<meta property=\"og:description\" content=\"Departamentos del \u00e1mbito cient\u00edfico C01 &#8211; Biolog\u00eda funcional y ciencias de la salud C02 &#8211; Biolog\u00eda vegetal y ciencias del suelo C04 &#8211; Ecolog\u00eda y &hellip; Contin\u00faa\" \/>\n<meta property=\"og:url\" content=\"https:\/\/fcou.uvigo.es\/es\/facultad\/departamentos\/\" \/>\n<meta property=\"og:site_name\" content=\"Facultade de Ciencias\" \/>\n<meta property=\"article:modified_time\" content=\"2024-05-23T15:45:22+00:00\" \/>\n<meta name=\"twitter:card\" content=\"summary_large_image\" \/>\n<meta name=\"twitter:label1\" content=\"Est. reading time\" \/>\n\t<meta name=\"twitter:data1\" content=\"1 minute\" \/>\n<script type=\"application\/ld+json\" class=\"yoast-schema-graph\">{\"@context\":\"https:\/\/schema.org\",\"@graph\":[{\"@type\":\"WebPage\",\"@id\":\"https:\/\/fcou.uvigo.es\/es\/facultad\/departamentos\/\",\"url\":\"https:\/\/fcou.uvigo.es\/es\/facultad\/departamentos\/\",\"name\":\"Departamentos | Facultade de Ciencias\",\"isPartOf\":{\"@id\":\"https:\/\/fcou.uvigo.es\/#website\"},\"datePublished\":\"2013-11-15T23:00:00+00:00\",\"dateModified\":\"2024-05-23T15:45:22+00:00\",\"breadcrumb\":{\"@id\":\"https:\/\/fcou.uvigo.es\/es\/facultad\/departamentos\/#breadcrumb\"},\"inLanguage\":\"es-ES\",\"potentialAction\":[{\"@type\":\"ReadAction\",\"target\":[\"https:\/\/fcou.uvigo.es\/es\/facultad\/departamentos\/\"]}]},{\"@type\":\"BreadcrumbList\",\"@id\":\"https:\/\/fcou.uvigo.es\/es\/facultad\/departamentos\/#breadcrumb\",\"itemListElement\":[{\"@type\":\"ListItem\",\"position\":1,\"name\":\"Facultad\",\"item\":\"https:\/\/www.fcou.uvigo.es\/es\/facultad\/\"},{\"@type\":\"ListItem\",\"position\":2,\"name\":\"Departamentos\"}]},{\"@type\":\"WebSite\",\"@id\":\"https:\/\/fcou.uvigo.es\/#website\",\"url\":\"https:\/\/fcou.uvigo.es\/\",\"name\":\"Facultade de Ciencias da Universidade de Vigo\",\"description\":\"Sitio web da Facultade de Ciencias\",\"publisher\":{\"@id\":\"https:\/\/fcou.uvigo.es\/#organization\"},\"potentialAction\":[{\"@type\":\"SearchAction\",\"target\":{\"@type\":\"EntryPoint\",\"urlTemplate\":\"https:\/\/fcou.uvigo.es\/?s={search_term_string}\"},\"query-input\":{\"@type\":\"PropertyValueSpecification\",\"valueRequired\":true,\"valueName\":\"search_term_string\"}}],\"inLanguage\":\"es-ES\"},{\"@type\":\"Organization\",\"@id\":\"https:\/\/fcou.uvigo.es\/#organization\",\"name\":\"Facultade de Ciencias da Universidade de Vigo\",\"url\":\"https:\/\/fcou.uvigo.es\/\",\"logo\":{\"@type\":\"ImageObject\",\"inLanguage\":\"es-ES\",\"@id\":\"https:\/\/fcou.uvigo.es\/#\/schema\/logo\/image\/\",\"url\":\"https:\/\/cytaa.uvigo.es\/wp-content\/uploads\/2024\/04\/facultade-ciencias-ourense.png\",\"contentUrl\":\"https:\/\/cytaa.uvigo.es\/wp-content\/uploads\/2024\/04\/facultade-ciencias-ourense.png\",\"width\":717,\"height\":165,\"caption\":\"Facultade de Ciencias da Universidade de Vigo\"},\"image\":{\"@id\":\"https:\/\/fcou.uvigo.es\/#\/schema\/logo\/image\/\"}}]}<\/script>","yoast_head_json":{"title":"Departamentos | Facultade de Ciencias","robots":{"index":"index","follow":"follow","max-snippet":"max-snippet:-1","max-image-preview":"max-image-preview:large","max-video-preview":"max-video-preview:-1"},"canonical":"https:\/\/fcou.uvigo.es\/es\/facultad\/departamentos\/","og_locale":"es_ES","og_type":"article","og_title":"Departamentos | Facultade de Ciencias","og_description":"Departamentos del \u00e1mbito cient\u00edfico C01 &#8211; Biolog\u00eda funcional y ciencias de la salud C02 &#8211; Biolog\u00eda vegetal y ciencias del suelo C04 &#8211; Ecolog\u00eda y &hellip; Contin\u00faa","og_url":"https:\/\/fcou.uvigo.es\/es\/facultad\/departamentos\/","og_site_name":"Facultade de Ciencias","article_modified_time":"2024-05-23T15:45:22+00:00","twitter_card":"summary_large_image","twitter_misc":{"Est. reading time":"1 minute"},"schema":{"@context":"https:\/\/schema.org","@graph":[{"@type":"WebPage","@id":"https:\/\/fcou.uvigo.es\/es\/facultad\/departamentos\/","url":"https:\/\/fcou.uvigo.es\/es\/facultad\/departamentos\/","name":"Departamentos | Facultade de Ciencias","isPartOf":{"@id":"https:\/\/fcou.uvigo.es\/#website"},"datePublished":"2013-11-15T23:00:00+00:00","dateModified":"2024-05-23T15:45:22+00:00","breadcrumb":{"@id":"https:\/\/fcou.uvigo.es\/es\/facultad\/departamentos\/#breadcrumb"},"inLanguage":"es-ES","potentialAction":[{"@type":"ReadAction","target":["https:\/\/fcou.uvigo.es\/es\/facultad\/departamentos\/"]}]},{"@type":"BreadcrumbList","@id":"https:\/\/fcou.uvigo.es\/es\/facultad\/departamentos\/#breadcrumb","itemListElement":[{"@type":"ListItem","position":1,"name":"Facultad","item":"https:\/\/www.fcou.uvigo.es\/es\/facultad\/"},{"@type":"ListItem","position":2,"name":"Departamentos"}]},{"@type":"WebSite","@id":"https:\/\/fcou.uvigo.es\/#website","url":"https:\/\/fcou.uvigo.es\/","name":"Facultade de Ciencias da Universidade de Vigo","description":"Sitio web da Facultade de Ciencias","publisher":{"@id":"https:\/\/fcou.uvigo.es\/#organization"},"potentialAction":[{"@type":"SearchAction","target":{"@type":"EntryPoint","urlTemplate":"https:\/\/fcou.uvigo.es\/?s={search_term_string}"},"query-input":{"@type":"PropertyValueSpecification","valueRequired":true,"valueName":"search_term_string"}}],"inLanguage":"es-ES"},{"@type":"Organization","@id":"https:\/\/fcou.uvigo.es\/#organization","name":"Facultade de Ciencias da Universidade de Vigo","url":"https:\/\/fcou.uvigo.es\/","logo":{"@type":"ImageObject","inLanguage":"es-ES","@id":"https:\/\/fcou.uvigo.es\/#\/schema\/logo\/image\/","url":"https:\/\/cytaa.uvigo.es\/wp-content\/uploads\/2024\/04\/facultade-ciencias-ourense.png","contentUrl":"https:\/\/cytaa.uvigo.es\/wp-content\/uploads\/2024\/04\/facultade-ciencias-ourense.png","width":717,"height":165,"caption":"Facultade de Ciencias da Universidade de Vigo"},"image":{"@id":"https:\/\/fcou.uvigo.es\/#\/schema\/logo\/image\/"}}]}},"_links":{"self":[{"href":"https:\/\/cytaa.uvigo.es\/es\/wp-json\/wp\/v2\/pages\/2104"}],"collection":[{"href":"https:\/\/cytaa.uvigo.es\/es\/wp-json\/wp\/v2\/pages"}],"about":[{"href":"https:\/\/cytaa.uvigo.es\/es\/wp-json\/wp\/v2\/types\/page"}],"author":[{"embeddable":true,"href":"https:\/\/cytaa.uvigo.es\/es\/wp-json\/wp\/v2\/users\/8"}],"replies":[{"embeddable":true,"href":"https:\/\/cytaa.uvigo.es\/es\/wp-json\/wp\/v2\/comments?post=2104"}],"version-history":[{"count":19,"href":"https:\/\/cytaa.uvigo.es\/es\/wp-json\/wp\/v2\/pages\/2104\/revisions"}],"predecessor-version":[{"id":267828,"href":"https:\/\/cytaa.uvigo.es\/es\/wp-json\/wp\/v2\/pages\/2104\/revisions\/267828"}],"up":[{"embeddable":true,"href":"https:\/\/cytaa.uvigo.es\/es\/wp-json\/wp\/v2\/pages\/2094"}],"wp:attachment":[{"href":"https:\/\/cytaa.uvigo.es\/es\/wp-json\/wp\/v2\/media?parent=2104"}],"curies":[{"name":"wp","href":"https:\/\/api.w.org\/{rel}","templated":true}]}}