{"id":2103,"date":"2015-05-10T17:51:00","date_gmt":"2015-05-10T15:51:00","guid":{"rendered":"http:\/\/fcce.webs.uvigo.es\/facultade\/coordinacion-das-titulacions\/"},"modified":"2025-09-09T10:14:53","modified_gmt":"2025-09-09T08:14:53","slug":"coordinacion","status":"publish","type":"page","link":"https:\/\/cytaa.uvigo.es\/es\/facultad\/coordinacion\/","title":{"rendered":"Coordinaci\u00f3n"},"content":{"rendered":"<h3>Estudios de grado<\/h3>\n<table style=\"margin-left: 0px;\" cellspacing=\"0\" cellpadding=\"0\">\n<thead>\n<tr>\n<th style=\"width: 50%;\" scope=\"col\">Coordinaci\u00f3n<\/th>\n<th style=\"width: 50%;\" scope=\"col\">Responsable<\/th>\n<\/tr>\n<\/thead>\n<tbody>\n<tr>\n<td>Grado en CyTA<\/td>\n<td><a href=\"https:\/\/fcou.uvigo.es\/docencia\/profesorado\/profesor\/martinez-carballo-elena\/\" target=\"_blank\" rel=\"noopener\">Elena Mart\u00ednez Carballo<\/a><\/td>\n<\/tr>\n<tr>\n<td>Grado en CC Ambientales<\/td>\n<td><a href=\"https:\/\/fcou.uvigo.es\/docencia\/profesorado\/profesor\/garrote-velasco-gil\/\" target=\"_blank\" rel=\"noopener\">Gil Garrote Velasco<\/a><\/td>\n<\/tr>\n<tr>\n<td>Grado en Ing. Agraria<\/td>\n<td><a href=\"https:\/\/fcou.uvigo.es\/docencia\/profesorado\/profesor\/seijo-coello-maria-del-carmen\/\" target=\"_blank\" rel=\"noopener\">M\u00aa Carmen Seijo Coello<\/a><\/td>\n<\/tr>\n<tr>\n<td>Grados &#8211; 1\u00ba curso<\/td>\n<td><a href=\"https:\/\/fcou.uvigo.es\/docencia\/profesorado\/profesor\/cabrera-crespo-alejandro-jacobo\/\" target=\"_blank\" rel=\"noopener\">Alejandro J. Cabrera Crespo<\/a><\/td>\n<\/tr>\n<tr>\n<td>Grados &#8211; 2\u00ba curso<\/td>\n<td><a href=\"https:\/\/fcou.uvigo.es\/docencia\/profesorado\/profesor\/rodriguez-seijo-andres\/\" target=\"_blank\" rel=\"noopener\">Andr\u00e9s Rodr\u00edguez Seijo<\/a><\/td>\n<\/tr>\n<tr>\n<td>Grados &#8211; 3\u00ba curso<\/td>\n<td><a href=\"https:\/\/fcou.uvigo.es\/docencia\/profesorado\/profesor\/garcia-del-rio-pablo\/\" target=\"_blank\" rel=\"noopener\">Pablo Garc\u00eda del R\u00edo<\/a><\/td>\n<\/tr>\n<tr>\n<td>Grados &#8211; 4\u00ba curso<\/td>\n<td><a href=\"https:\/\/fcou.uvigo.es\/docencia\/profesorado\/profesor\/cancho-grande-beatriz\/\" target=\"_blank\" rel=\"noopener\">Beatriz Cancho Grande<\/a><\/td>\n<\/tr>\n<\/tbody>\n<\/table>\n<p>&nbsp;<\/p>\n<h3>Estudios de m\u00e1ster<\/h3>\n<table style=\"margin-left: 0px;\" cellspacing=\"0\" cellpadding=\"0\">\n<thead>\n<tr>\n<th style=\"width: 50%;\" scope=\"col\">Coordinaci\u00f3n<\/th>\n<th style=\"width: 50%;\" scope=\"col\">Responsable<\/th>\n<\/tr>\n<\/thead>\n<tbody>\n<tr>\n<td>M\u00e1ster en CyTAA<\/td>\n<td><a href=\"https:\/\/fcou.uvigo.es\/docencia\/profesorado\/profesor\/fernandez-gonzalez-maria\/\" target=\"_blank\" rel=\"noopener\">Mar\u00eda Fern\u00e1ndez Gonz\u00e1lez<\/a><\/td>\n<\/tr>\n<tr>\n<td>M\u00e1ster en Nutrici\u00f3n<\/td>\n<td>Lucas C. Gonz\u00e1lez Mat\u00edas<\/td>\n<\/tr>\n<\/tbody>\n<\/table>\n<p>&nbsp;<\/p>\n<h3>Estudios de doctorado<\/h3>\n<table style=\"margin-left: 0px;\" cellspacing=\"0\" cellpadding=\"0\">\n<thead>\n<tr>\n<th style=\"width: 50%;\" scope=\"col\">Coordinaci\u00f3n<\/th>\n<th style=\"width: 50%;\" scope=\"col\">Responsable<\/th>\n<\/tr>\n<\/thead>\n<tbody>\n<tr>\n<td>Doctorado en CyTAA<\/td>\n<td><a href=\"https:\/\/fcou.uvigo.es\/docencia\/profesorado\/profesor\/arias-estevez-manuel\/\" target=\"_blank\" rel=\"noopener\">Manuel Arias Est\u00e9vez<\/a><\/td>\n<\/tr>\n<tr>\n<td>Doctorado en ETUSIA<\/td>\n<td>Adela M\u00aa S\u00e1nchez Moreiras<\/td>\n<\/tr>\n<\/tbody>\n<\/table>\n","protected":false},"excerpt":{"rendered":"<p>Estudios de grado Coordinaci\u00f3n Responsable Grado en CyTA Elena Mart\u00ednez Carballo Grado en CC Ambientales Gil Garrote Velasco Grado en Ing. Agraria M\u00aa Carmen Seijo &hellip; <a class=\"excerpt_more\" href=\"https:\/\/cytaa.uvigo.es\/es\/facultad\/coordinacion\/\">Contin\u00faa<\/a><\/p>\n","protected":false},"author":8,"featured_media":0,"parent":2094,"menu_order":4,"comment_status":"closed","ping_status":"closed","template":"","meta":{"_acf_changed":false,"footnotes":""},"acf":[],"yoast_head":"<title>Coordinaci\u00f3n | Facultade de Ciencias<\/title>\n<meta name=\"robots\" content=\"index, follow, max-snippet:-1, max-image-preview:large, max-video-preview:-1\" \/>\n<link rel=\"canonical\" href=\"https:\/\/fcou.uvigo.es\/es\/facultad\/coordinacion\/\" \/>\n<meta property=\"og:locale\" content=\"es_ES\" \/>\n<meta property=\"og:type\" content=\"article\" \/>\n<meta property=\"og:title\" content=\"Coordinaci\u00f3n | Facultade de Ciencias\" \/>\n<meta property=\"og:description\" content=\"Estudios de grado Coordinaci\u00f3n Responsable Grado en CyTA Elena Mart\u00ednez Carballo Grado en CC Ambientales Gil Garrote Velasco Grado en Ing. Agraria M\u00aa Carmen Seijo &hellip; Contin\u00faa\" \/>\n<meta property=\"og:url\" content=\"https:\/\/fcou.uvigo.es\/es\/facultad\/coordinacion\/\" \/>\n<meta property=\"og:site_name\" content=\"Facultade de Ciencias\" \/>\n<meta property=\"article:modified_time\" content=\"2025-09-09T08:14:53+00:00\" \/>\n<meta name=\"twitter:card\" content=\"summary_large_image\" \/>\n<meta name=\"twitter:label1\" content=\"Est. reading time\" \/>\n\t<meta name=\"twitter:data1\" content=\"1 minute\" \/>\n<script type=\"application\/ld+json\" class=\"yoast-schema-graph\">{\"@context\":\"https:\/\/schema.org\",\"@graph\":[{\"@type\":\"WebPage\",\"@id\":\"https:\/\/fcou.uvigo.es\/es\/facultad\/coordinacion\/\",\"url\":\"https:\/\/fcou.uvigo.es\/es\/facultad\/coordinacion\/\",\"name\":\"Coordinaci\u00f3n | Facultade de Ciencias\",\"isPartOf\":{\"@id\":\"https:\/\/fcou.uvigo.es\/#website\"},\"datePublished\":\"2015-05-10T15:51:00+00:00\",\"dateModified\":\"2025-09-09T08:14:53+00:00\",\"breadcrumb\":{\"@id\":\"https:\/\/fcou.uvigo.es\/es\/facultad\/coordinacion\/#breadcrumb\"},\"inLanguage\":\"es-ES\",\"potentialAction\":[{\"@type\":\"ReadAction\",\"target\":[\"https:\/\/fcou.uvigo.es\/es\/facultad\/coordinacion\/\"]}]},{\"@type\":\"BreadcrumbList\",\"@id\":\"https:\/\/fcou.uvigo.es\/es\/facultad\/coordinacion\/#breadcrumb\",\"itemListElement\":[{\"@type\":\"ListItem\",\"position\":1,\"name\":\"Facultad\",\"item\":\"https:\/\/www.fcou.uvigo.es\/es\/facultad\/\"},{\"@type\":\"ListItem\",\"position\":2,\"name\":\"Coordinaci\u00f3n\"}]},{\"@type\":\"WebSite\",\"@id\":\"https:\/\/fcou.uvigo.es\/#website\",\"url\":\"https:\/\/fcou.uvigo.es\/\",\"name\":\"Facultade de Ciencias da Universidade de Vigo\",\"description\":\"Sitio web da Facultade de Ciencias\",\"publisher\":{\"@id\":\"https:\/\/fcou.uvigo.es\/#organization\"},\"potentialAction\":[{\"@type\":\"SearchAction\",\"target\":{\"@type\":\"EntryPoint\",\"urlTemplate\":\"https:\/\/fcou.uvigo.es\/?s={search_term_string}\"},\"query-input\":{\"@type\":\"PropertyValueSpecification\",\"valueRequired\":true,\"valueName\":\"search_term_string\"}}],\"inLanguage\":\"es-ES\"},{\"@type\":\"Organization\",\"@id\":\"https:\/\/fcou.uvigo.es\/#organization\",\"name\":\"Facultade de Ciencias da Universidade de Vigo\",\"url\":\"https:\/\/fcou.uvigo.es\/\",\"logo\":{\"@type\":\"ImageObject\",\"inLanguage\":\"es-ES\",\"@id\":\"https:\/\/fcou.uvigo.es\/#\/schema\/logo\/image\/\",\"url\":\"https:\/\/cytaa.uvigo.es\/wp-content\/uploads\/2024\/04\/facultade-ciencias-ourense.png\",\"contentUrl\":\"https:\/\/cytaa.uvigo.es\/wp-content\/uploads\/2024\/04\/facultade-ciencias-ourense.png\",\"width\":717,\"height\":165,\"caption\":\"Facultade de Ciencias da Universidade de Vigo\"},\"image\":{\"@id\":\"https:\/\/fcou.uvigo.es\/#\/schema\/logo\/image\/\"}}]}<\/script>","yoast_head_json":{"title":"Coordinaci\u00f3n | Facultade de Ciencias","robots":{"index":"index","follow":"follow","max-snippet":"max-snippet:-1","max-image-preview":"max-image-preview:large","max-video-preview":"max-video-preview:-1"},"canonical":"https:\/\/fcou.uvigo.es\/es\/facultad\/coordinacion\/","og_locale":"es_ES","og_type":"article","og_title":"Coordinaci\u00f3n | Facultade de Ciencias","og_description":"Estudios de grado Coordinaci\u00f3n Responsable Grado en CyTA Elena Mart\u00ednez Carballo Grado en CC Ambientales Gil Garrote Velasco Grado en Ing. Agraria M\u00aa Carmen Seijo &hellip; Contin\u00faa","og_url":"https:\/\/fcou.uvigo.es\/es\/facultad\/coordinacion\/","og_site_name":"Facultade de Ciencias","article_modified_time":"2025-09-09T08:14:53+00:00","twitter_card":"summary_large_image","twitter_misc":{"Est. reading time":"1 minute"},"schema":{"@context":"https:\/\/schema.org","@graph":[{"@type":"WebPage","@id":"https:\/\/fcou.uvigo.es\/es\/facultad\/coordinacion\/","url":"https:\/\/fcou.uvigo.es\/es\/facultad\/coordinacion\/","name":"Coordinaci\u00f3n | Facultade de Ciencias","isPartOf":{"@id":"https:\/\/fcou.uvigo.es\/#website"},"datePublished":"2015-05-10T15:51:00+00:00","dateModified":"2025-09-09T08:14:53+00:00","breadcrumb":{"@id":"https:\/\/fcou.uvigo.es\/es\/facultad\/coordinacion\/#breadcrumb"},"inLanguage":"es-ES","potentialAction":[{"@type":"ReadAction","target":["https:\/\/fcou.uvigo.es\/es\/facultad\/coordinacion\/"]}]},{"@type":"BreadcrumbList","@id":"https:\/\/fcou.uvigo.es\/es\/facultad\/coordinacion\/#breadcrumb","itemListElement":[{"@type":"ListItem","position":1,"name":"Facultad","item":"https:\/\/www.fcou.uvigo.es\/es\/facultad\/"},{"@type":"ListItem","position":2,"name":"Coordinaci\u00f3n"}]},{"@type":"WebSite","@id":"https:\/\/fcou.uvigo.es\/#website","url":"https:\/\/fcou.uvigo.es\/","name":"Facultade de Ciencias da Universidade de Vigo","description":"Sitio web da Facultade de Ciencias","publisher":{"@id":"https:\/\/fcou.uvigo.es\/#organization"},"potentialAction":[{"@type":"SearchAction","target":{"@type":"EntryPoint","urlTemplate":"https:\/\/fcou.uvigo.es\/?s={search_term_string}"},"query-input":{"@type":"PropertyValueSpecification","valueRequired":true,"valueName":"search_term_string"}}],"inLanguage":"es-ES"},{"@type":"Organization","@id":"https:\/\/fcou.uvigo.es\/#organization","name":"Facultade de Ciencias da Universidade de Vigo","url":"https:\/\/fcou.uvigo.es\/","logo":{"@type":"ImageObject","inLanguage":"es-ES","@id":"https:\/\/fcou.uvigo.es\/#\/schema\/logo\/image\/","url":"https:\/\/cytaa.uvigo.es\/wp-content\/uploads\/2024\/04\/facultade-ciencias-ourense.png","contentUrl":"https:\/\/cytaa.uvigo.es\/wp-content\/uploads\/2024\/04\/facultade-ciencias-ourense.png","width":717,"height":165,"caption":"Facultade de Ciencias da Universidade de Vigo"},"image":{"@id":"https:\/\/fcou.uvigo.es\/#\/schema\/logo\/image\/"}}]}},"_links":{"self":[{"href":"https:\/\/cytaa.uvigo.es\/es\/wp-json\/wp\/v2\/pages\/2103"}],"collection":[{"href":"https:\/\/cytaa.uvigo.es\/es\/wp-json\/wp\/v2\/pages"}],"about":[{"href":"https:\/\/cytaa.uvigo.es\/es\/wp-json\/wp\/v2\/types\/page"}],"author":[{"embeddable":true,"href":"https:\/\/cytaa.uvigo.es\/es\/wp-json\/wp\/v2\/users\/8"}],"replies":[{"embeddable":true,"href":"https:\/\/cytaa.uvigo.es\/es\/wp-json\/wp\/v2\/comments?post=2103"}],"version-history":[{"count":14,"href":"https:\/\/cytaa.uvigo.es\/es\/wp-json\/wp\/v2\/pages\/2103\/revisions"}],"predecessor-version":[{"id":269993,"href":"https:\/\/cytaa.uvigo.es\/es\/wp-json\/wp\/v2\/pages\/2103\/revisions\/269993"}],"up":[{"embeddable":true,"href":"https:\/\/cytaa.uvigo.es\/es\/wp-json\/wp\/v2\/pages\/2094"}],"wp:attachment":[{"href":"https:\/\/cytaa.uvigo.es\/es\/wp-json\/wp\/v2\/media?parent=2103"}],"curies":[{"name":"wp","href":"https:\/\/api.w.org\/{rel}","templated":true}]}}