{"id":2098,"date":"2015-02-28T22:28:56","date_gmt":"2015-02-28T21:28:56","guid":{"rendered":"http:\/\/fcce.webs.uvigo.es\/facultade\/organos-de-goberno\/xunta-de-facultade\/"},"modified":"2025-05-12T14:20:57","modified_gmt":"2025-05-12T12:20:57","slug":"junta-de-facultad","status":"publish","type":"page","link":"https:\/\/cytaa.uvigo.es\/es\/facultad\/organos-de-gobierno\/junta-de-facultad\/","title":{"rendered":"Junta de Facultad"},"content":{"rendered":"<h2>Composici\u00f3n<\/h2>\n<p class=\"header-list\">Personal Docente e Investigador<\/p>\n<div class=\"row\">\n<div class=\"col-sm-6\">\n<ul class=\"list-peak\">\n<li>Aira Vieira, Manuel<\/li>\n<li>Alonso Gonz\u00e1lez, Jos\u00e9 Luis<\/li>\n<li>Alonso Vega, Mar\u00eda Flora<\/li>\n<li>\u00c1lvarez Fern\u00e1ndez, Mar\u00eda In\u00e9s<\/li>\n<li>Araujo Nespereira, Pedro Antonio<\/li>\n<li>Arenas Lago, Daniel<\/li>\n<li>Arias Est\u00e9vez, Manuel<\/li>\n<li>Astray Dopazo, Gonzalo<\/li>\n<li>Benda\u00f1a J\u00e1come, Ricardo J.<\/li>\n<li>Berriochoa Esnaola, Elias Manuel Mar\u00eda<\/li>\n<li>Blas Varela, Esther de<\/li>\n<li>Cabrera Crespo, Alejandro Jacobo<\/li>\n<li>Cancho Grande, Beatriz<\/li>\n<li>Carballo Garc\u00eda, Fco. Javier<\/li>\n<li>Carballo Rodr\u00edguez, Julia<\/li>\n<li>Castro Rodr\u00edguez, Mar\u00eda Teresa de<\/li>\n<li>Centeno Dom\u00ednguez, Juan Antonio<\/li>\n<li>Cid Fern\u00e1ndez, Jos\u00e9 Angel<\/li>\n<li>Dom\u00ednguez Gonz\u00e1lez, Herminia<\/li>\n<li>Dom\u00ednguez Gonz\u00e1lez, Jos\u00e9 Manuel<\/li>\n<li>Escuredo P\u00e9rez, Olga<\/li>\n<li>Falqu\u00e9 L\u00f3pez, Elena<\/li>\n<li>Fern\u00e1ndez Calvi\u00f1o, David<\/li>\n<li>Fern\u00e1ndez Gonz\u00e1lez, Mar\u00eda<\/li>\n<li>Ferriz Mas, Antonio<\/li>\n<li>Franco Matilla, Mar\u00eda Inmaculada<\/li>\n<li>Fuci\u00f1os Gonz\u00e1lez, Clara<\/li>\n<li>Garrote Velasco, Gil<\/li>\n<li>Gimeno Presa, Luis<\/li>\n<li>G\u00f3mez Gesteira, Ram\u00f3n<\/li>\n<\/ul>\n<\/div>\n<div class=\"col-sm-6\">\n<ul class=\"list-peak\">\n<li>G\u00f3mez Gra\u00f1a, Sergio<\/li>\n<li>Gonz\u00e1lez Barreiro, Carmen<\/li>\n<li>Gull\u00f3n Est\u00e9vez, Beatriz<\/li>\n<li>L\u00f3pez Periago, Jos\u00e9 Eugenio<\/li>\n<li>Mart\u00ednez Carballo, Elena<\/li>\n<li>Mart\u00ednez Garc\u00eda, Sandra<\/li>\n<li>Mart\u00ednez Su\u00e1rez, Sidonia<\/li>\n<li>Mejuto Fern\u00e1ndez, Juan Carlos<\/li>\n<li>M\u00edguez Bern\u00e1rdez, Montserrat<\/li>\n<li>Nieto Mu\u00f1iz,\u00a0Raquel Olalla<\/li>\n<li>N\u00f3voa Mu\u00f1oz, Juan Carlos<\/li>\n<li>Paraj\u00f3 Li\u00f1ares, Juan Carlos<\/li>\n<li>P\u00e9rez \u00c1lvarez, Mar\u00eda Jos\u00e9<\/li>\n<li>P\u00e9rez Guerra, Nelson<\/li>\n<li>P\u00e9rez Lamela, M\u00aa de la Concepci\u00f3n<\/li>\n<li>P\u00e9rez Rodr\u00edguez, Paula<\/li>\n<li>Reboredo Rodr\u00edguez, Patricia<\/li>\n<li>Rial Otero, Raquel<\/li>\n<li>Rodr\u00edguez Flores, Mar\u00eda Shantal<\/li>\n<li>Rodr\u00edguez L\u00f3pez, Luis Alfonso<\/li>\n<li>Rodr\u00edguez Rajo, Fco. Javier<\/li>\n<li>R\u00faa Rodr\u00edguez, Mar\u00eda Luisa<\/li>\n<li>Seara Valero, Jos\u00e9 Ram\u00f3n<\/li>\n<li>Seijo Coello, M\u00aa del Carmen<\/li>\n<li>Simal G\u00e1ndara, Jes\u00fas<\/li>\n<li>Souto Salgado, Jos\u00e9 Antonio<\/li>\n<li>Torrado Agrasar, Ana<\/li>\n<li>Torres P\u00e9rez, Mar\u00eda Dolores<\/li>\n<li>Tovar Rodr\u00edguez, Clara Asunci\u00f3n<\/li>\n<li>Vila Romeu, Nuria<\/li>\n<\/ul>\n<\/div>\n<\/div>\n<p>&nbsp;<\/p>\n<p class=\"header-list\">Estudiantado<\/p>\n<div class=\"row\">\n<div class=\"col-sm-6\">\n<ul class=\"list-peak\">\n<li>\u00c1lvarez L\u00f3pez, Sabela<\/li>\n<li>\u00c1lvarez Vi\u00f1as, Milena<\/li>\n<li>Calvo Portela, Noemi<\/li>\n<li>Campillo Cora, Claudia<\/li>\n<li>Carrera Otero, Luc\u00eda<\/li>\n<li>Est\u00e9vez Garc\u00eda, Mara<\/li>\n<li>Fari\u00f1a Mart\u00ednez, Carlos Joel<\/li>\n<li>Garc\u00eda P\u00e9rez, Noelia<\/li>\n<li>Garrido Fern\u00e1ndez, Alejandro<\/li>\n<li>Garz\u00f3n Vidueira, Ra\u00fal<\/li>\n<li>Gonz\u00e1lez Feijo\u00f3, Roc\u00edo<\/li>\n<li>Lobato Rodr\u00edguez, \u00c1lvaro<\/li>\n<\/ul>\n<\/div>\n<div class=\"col-sm-6\">\n<ul class=\"list-peak\">\n<li>M\u00e9ndez L\u00f3pez, Melissa<\/li>\n<li>N\u00fa\u00f1ez Mourelle, Miguel<\/li>\n<li>Parente Send\u00edn, Andrea<\/li>\n<li>P\u00e9rez P\u00e9rez, Alba<\/li>\n<li>Rodr\u00edguez Gonz\u00e1lez, Laura<\/li>\n<li>Rodr\u00edguez L\u00f3pez, Luc\u00eda<\/li>\n<li>Rodr\u00edguez Mart\u00ednez, Beatriz<\/li>\n<li>Rodr\u00edguez Rebelo, Fernando<\/li>\n<li>Rojo Mart\u00ednez, Sergio<\/li>\n<li>Sant\u00e1s Miguel, Vanessa<\/li>\n<li>Souto Romero, \u00c1ngela<\/li>\n<li>V\u00e1zquez Blanco, Raquel<\/li>\n<\/ul>\n<\/div>\n<\/div>\n<p class=\"clearfloat header-list\">Personal de Administraci\u00f3n y Servicios<\/p>\n<div class=\"row\">\n<div class=\"col-sm-6\">\n<ul class=\"list-peak\">\n<li>Paula Cima, Mar\u00eda del Pilar<\/li>\n<\/ul>\n<\/div>\n<div class=\"col-sm-6\">\n<ul class=\"list-peak\">\n<li>Vi\u00f1as Gil, Mar\u00eda Teresa<\/li>\n<\/ul>\n<\/div>\n<\/div>\n<p>&nbsp;<\/p>\n<h2>Actas<\/h2>\n<p class=\"mb-2\"><strong>2025: <\/strong><a href=\"\/images\/docs\/facultade\/goberno\/xf\/actas\/2025\/Acta_XF_10-01-25_extraordinaria.pdf\" target=\"_blank\" rel=\"noopener noreferrer\">10-I<\/a> | <a href=\"\/images\/docs\/facultade\/goberno\/xf\/actas\/2025\/Acta_XF_27-02-25_ordinaria.pdf\" target=\"_blank\" rel=\"noopener noreferrer\">27-II<\/a><\/p>\n<p class=\"mb-2\"><strong>2024: <\/strong><a href=\"\/images\/docs\/facultade\/goberno\/xf\/actas\/2024\/Acta_XF_22-03-24_ordinaria.pdf\" target=\"_blank\" rel=\"noopener noreferrer\">22-III<\/a> | <a href=\"\/images\/docs\/facultade\/goberno\/xf\/actas\/2024\/Acta_XF_24-07-24_ordinaria.pdf\" target=\"_blank\" rel=\"noopener noreferrer\">24-VII<\/a> | <a href=\"\/images\/docs\/facultade\/goberno\/xf\/actas\/2024\/Acta_XF_18-10-24_extraordinaria.pdf\" target=\"_blank\" rel=\"noopener noreferrer\">18-X<\/a> | <a href=\"\/images\/docs\/facultade\/goberno\/xf\/actas\/2024\/Acta_XF_22-11-24_extraordinaria.pdf\" target=\"_blank\" rel=\"noopener noreferrer\">22-XI<\/a> | <a href=\"\/images\/docs\/facultade\/goberno\/xf\/actas\/2024\/Acta_XF_13-12-24_ordinaria.pdf\" target=\"_blank\" rel=\"noopener noreferrer\">13-XII<\/a><\/p>\n<p class=\"mb-2\"><strong>2023: <\/strong><a href=\"\/images\/docs\/facultade\/goberno\/xf\/actas\/2023\/Acta_XF_17-03-23-ordinaria.pdf\" target=\"_blank\" rel=\"noopener noreferrer\">17-III<\/a> | <a href=\"\/images\/docs\/facultade\/goberno\/xf\/actas\/2023\/Acta_XF_20-06-23-ordinaria.pdf\" target=\"_blank\" rel=\"noopener noreferrer\">20-VI<\/a> | <a href=\"\/images\/docs\/facultade\/goberno\/xf\/actas\/2023\/Acta_XF_20-07-23-ordinaria.pdf\" target=\"_blank\" rel=\"noopener noreferrer\">20-VII<\/a> | <a href=\"\/images\/docs\/facultade\/goberno\/xf\/actas\/2023\/Acta_XF_27-10-23-extraordinaria.pdf\" target=\"_blank\" rel=\"noopener noreferrer\">27-X<\/a> | <a href=\"\/images\/docs\/facultade\/goberno\/xf\/actas\/2023\/Acta_XF_4-12-23-ordinaria.pdf\" target=\"_blank\" rel=\"noopener noreferrer\">4-XII<\/a><\/p>\n<p class=\"mb-2\"><strong>2022: <\/strong><a href=\"\/images\/docs\/facultade\/goberno\/xf\/actas\/2022\/Acta_XF_2022-03-18-ordinaria-virtual.pdf\" target=\"_blank\" rel=\"noopener noreferrer\">18-III<\/a> | <a href=\"\/images\/docs\/facultade\/goberno\/xf\/actas\/2022\/Acta_XF_22-04-22-extraordinaria.pd\" target=\"_blank\" rel=\"noopener noreferrer\">22-IV<\/a> | <a href=\"\/images\/docs\/facultade\/goberno\/xf\/actas\/2022\/Acta_XF_2022-05-02-extraordinaria-virtual.pdf\" target=\"_blank\" rel=\"noopener noreferrer\">2-V<\/a> | <a href=\"\/images\/docs\/facultade\/goberno\/xf\/actas\/2022\/Acta_XF_11-07-22-ordinaria.pdf\" target=\"_blank\" rel=\"noopener noreferrer\">11-VII<\/a> | <a href=\"\/images\/docs\/facultade\/goberno\/xf\/actas\/2022\/Acta_XF_28-09-22-extraordinaria.pdf\" target=\"_blank\" rel=\"noopener noreferrer\">28-IX<\/a> | <a href=\"\/images\/docs\/facultade\/goberno\/xf\/actas\/2022\/Acta_XF_16-12-22-ordinaria.pdf\" target=\"_blank\" rel=\"noopener noreferrer\">16-XII<\/a><\/p>\n<p class=\"mb-2\"><strong>2021: <\/strong><a href=\"\/images\/docs\/facultade\/goberno\/xf\/actas\/2021\/Acta_XF_2021-02-02-Extraordinaria.pdf\" target=\"_blank\" rel=\"noopener noreferrer\">2-II<\/a> | <a href=\"\/images\/docs\/facultade\/goberno\/xf\/actas\/2021\/Acta_XF_2021-02-26-ordinaria-virtual.pdf\" target=\"_blank\" rel=\"noopener noreferrer\">26-II<\/a> | <a href=\"\/images\/docs\/facultade\/goberno\/xf\/actas\/2021\/Acta_XF_2021-07-08-ordinaria-virtual.pdf\" target=\"_blank\" rel=\"noopener noreferrer\">8-VII<\/a> | <a href=\"\/images\/docs\/facultade\/goberno\/xf\/actas\/2021\/Acta_XF_2021-12-17-extraordinaria-virtual.pdf\" target=\"_blank\" rel=\"noopener noreferrer\">17-XII <\/a><\/p>\n<p class=\"mb-2\"><strong>2020: <\/strong> <a href=\"\/images\/docs\/facultade\/goberno\/xf\/actas\/2020\/Acta_XF_2020-02-18.pdf\" target=\"_blank\" rel=\"noopener noreferrer\">18-II<\/a> | <a href=\"\/images\/docs\/facultade\/goberno\/xf\/actas\/2020\/Acta_XF_2020-06-26-Extraordinaria.pdf\" target=\"_blank\" rel=\"noopener noreferrer\">26-VI<\/a> | <a href=\"\/images\/docs\/facultade\/goberno\/xf\/actas\/2020\/Acta_XF_2020-07-29.pdf\" target=\"_blank\" rel=\"noopener noreferrer\">29-VII<\/a> | <a href=\"\/images\/docs\/facultade\/goberno\/xf\/actas\/2020\/Acta_XF_2020-12-18-Extraordinaria.pdf\" target=\"_blank\" rel=\"noopener noreferrer\">18-XII<\/a><\/p>\n<p class=\"mb-2\"><strong>2019:<\/strong> <a href=\"\/images\/docs\/facultade\/goberno\/xf\/actas\/2019\/Acta_XF_2019-02-22.pdf\" target=\"_blank\" rel=\"noopener noreferrer\">22-II<\/a> | <a href=\"\/images\/docs\/facultade\/goberno\/xf\/actas\/2019\/Acta_XF_2019-03-27.pdf\" target=\"_blank\" rel=\"noopener noreferrer\">27-III<\/a> | <a href=\"\/images\/docs\/facultade\/goberno\/xf\/actas\/2019\/Acta_XF_2019-06-21.pdf\" target=\"_blank\" rel=\"noopener noreferrer\">21-VI<\/a>\u00a0|\u00a0<a href=\"\/images\/docs\/facultade\/goberno\/xf\/actas\/2019\/Acta_XF_2019-07-15.pdf\" target=\"_blank\" rel=\"noopener noreferrer\">15-VII<\/a> | <a href=\"\/images\/docs\/facultade\/goberno\/xf\/actas\/2019\/Acta_XF_2019-12-18.pdf\" target=\"_blank\" rel=\"noopener noreferrer\">18-X<\/a><\/p>\n<p class=\"mb-2\"><strong>2018:<\/strong> <a href=\"\/images\/docs\/facultade\/goberno\/xf\/actas\/2018\/Acta_XF_2018-02-28.pdf\" target=\"_blank\" rel=\"noopener noreferrer\">28-II<\/a> | <a href=\"\/images\/docs\/facultade\/goberno\/xf\/actas\/2018\/Acta_XF_2018-07-10.pdf\" target=\"_blank\" rel=\"noopener noreferrer\">10-VII<\/a> | <a href=\"\/images\/docs\/facultade\/goberno\/xf\/actas\/2018\/Acta_XF_2018-12-12.pdf\" target=\"_blank\" rel=\"noopener noreferrer\">12-XII<\/a> |\u00a0<a href=\"\/images\/docs\/facultade\/goberno\/xf\/actas\/2018\/Acta_XF_2018-12-19.pdf\" target=\"_blank\" rel=\"noopener noreferrer\">19-XII<\/a><\/p>\n<p class=\"mb-2\"><strong>2017:<\/strong> <a href=\"\/images\/docs\/facultade\/goberno\/xf\/actas\/2017\/Acta_XF_2017-01-31.pdf\" target=\"_blank\" rel=\"noopener noreferrer\">31-I<\/a> | <a href=\"\/images\/docs\/facultade\/goberno\/xf\/actas\/2017\/Acta_XF_2017-03-02.pdf\" target=\"_blank\" rel=\"noopener noreferrer\">2-III<\/a> | <a href=\"\/images\/docs\/facultade\/goberno\/xf\/actas\/2017\/Acta_XF_2017-07-13.pdf\" target=\"_blank\" rel=\"noopener noreferrer\">13-VII<\/a> | <a href=\"\/images\/docs\/facultade\/goberno\/xf\/actas\/2017\/Acta_XF_2017-12-20.pdf\" target=\"_blank\" rel=\"noopener noreferrer\">20-XII<\/a><\/p>\n<p class=\"mb-2\"><strong>2016:<\/strong> <a href=\"\/images\/docs\/facultade\/goberno\/xf\/actas\/2016\/Acta_XF_2016-02-24.pdf\" target=\"_blank\" rel=\"noopener noreferrer\">24-II<\/a> | <a href=\"\/images\/docs\/facultade\/goberno\/xf\/actas\/2016\/Acta_XF_2016-03-04.pdf\" target=\"_blank\" rel=\"noopener noreferrer\">4-III<\/a> | <a href=\"\/images\/docs\/facultade\/goberno\/xf\/actas\/2016\/Acta_XF_2016-06-10.pdf\" target=\"_blank\" rel=\"noopener noreferrer\">10-VI<\/a> | <a href=\"\/images\/docs\/facultade\/goberno\/xf\/actas\/2016\/Acta_XF_2016-12-14.pdf\" target=\"_blank\" rel=\"noopener noreferrer\">14-XII<\/a> | <a href=\"\/images\/docs\/facultade\/goberno\/xf\/actas\/2016\/Acta_XF_2016-12-22.pdf\" target=\"_blank\" rel=\"noopener noreferrer\">22-XII<\/a><\/p>\n<p class=\"mb-2\"><strong>2015:<\/strong> <a href=\"\/images\/docs\/facultade\/goberno\/xf\/actas\/2015\/Acta_XF_2015-02-20.pdf\" target=\"_blank\" rel=\"noopener noreferrer\">20-II<\/a> | <a href=\"\/images\/docs\/facultade\/goberno\/xf\/actas\/2015\/Acta_XF_2015-06-19.pdf\" target=\"_blank\" rel=\"noopener noreferrer\">19-VI<\/a> | <a href=\"\/images\/docs\/facultade\/goberno\/xf\/actas\/2015\/Acta_XF_2015-07-24.pdf\" target=\"_blank\" rel=\"noopener noreferrer\">24-VII<\/a> | <a href=\"\/images\/docs\/facultade\/goberno\/xf\/actas\/2015\/Acta_XF_2015-10-14.pdf\" target=\"_blank\" rel=\"noopener noreferrer\">14-X<\/a> | <a href=\"\/images\/docs\/facultade\/goberno\/xf\/actas\/2015\/Acta_XF_2015-11-04.pdf\" target=\"_blank\" rel=\"noopener noreferrer\">4-XI<\/a> | <a href=\"\/images\/docs\/facultade\/goberno\/xf\/actas\/2015\/Acta_XF_2015-12-21.pdf\" target=\"_blank\" rel=\"noopener noreferrer\">21-XII<\/a><\/p>\n<p class=\"mb-2\"><strong>2014:<\/strong> <a href=\"\/images\/docs\/facultade\/goberno\/xf\/actas\/2014\/Acta_XF_2014-02-05.pdf\" target=\"_blank\" rel=\"noopener noreferrer\">5-II<\/a> | <a href=\"\/images\/docs\/facultade\/goberno\/xf\/actas\/2014\/Acta_XF_2014-03-12.pdf\" target=\"_blank\" rel=\"noopener noreferrer\">12-III<\/a> | <a href=\"\/images\/docs\/facultade\/goberno\/xf\/actas\/2014\/Acta_XF_2014-06-18a.pdf\" target=\"_blank\" rel=\"noopener noreferrer\">18-VI<\/a> | <a href=\"\/images\/docs\/facultade\/goberno\/xf\/actas\/2014\/Acta_XF_2014-06-18b.pdf\" target=\"_blank\" rel=\"noopener noreferrer\">18-VI<\/a> | <a href=\"\/images\/docs\/facultade\/goberno\/xf\/actas\/2014\/Acta_XF_2014-07-24.pdf\" target=\"_blank\" rel=\"noopener noreferrer\">24-VII<\/a> | <a href=\"\/images\/docs\/facultade\/goberno\/xf\/actas\/2014\/Acta_XF_2014-10-09.pdf\" target=\"_blank\" rel=\"noopener noreferrer\">9-X<\/a> | <a href=\"\/images\/docs\/facultade\/goberno\/xf\/actas\/2014\/Acta_XF_2014-12-18.pdf\" target=\"_blank\" rel=\"noopener noreferrer\">18-XII<\/a><\/p>\n<p class=\"mb-2\"><strong>2013:<\/strong> <a href=\"\/images\/docs\/facultade\/goberno\/xf\/actas\/2013\/Acta_XF_2013-02-07.pdf\" target=\"_blank\" rel=\"noopener noreferrer\">7-II<\/a> | <a href=\"\/images\/docs\/facultade\/goberno\/xf\/actas\/2013\/Acta_XF_2013-04-02.pdf\" target=\"_blank\" rel=\"noopener noreferrer\">2-IV<\/a> | <a href=\"\/images\/docs\/facultade\/goberno\/xf\/actas\/2013\/Acta_XF_2013-05-02.pdf\" target=\"_blank\" rel=\"noopener noreferrer\">2-V<\/a> | <a href=\"\/images\/docs\/facultade\/goberno\/xf\/actas\/2013\/Acta_XF_2013-05-30.pdf\" target=\"_blank\" rel=\"noopener noreferrer\">30-V<\/a> | <a href=\"\/images\/docs\/facultade\/goberno\/xf\/actas\/2013\/Acta_XF_2013-07-15.pdf\" target=\"_blank\" rel=\"noopener noreferrer\">15-VII<\/a> | <a href=\"\/images\/docs\/facultade\/goberno\/xf\/actas\/2013\/Acta_XF_2013-09-30.pdf\" target=\"_blank\" rel=\"noopener noreferrer\">30-IX<\/a> | <a href=\"\/images\/docs\/facultade\/goberno\/xf\/actas\/2013\/Acta_XF_2013-12-11.pdf\" target=\"_blank\" rel=\"noopener noreferrer\">11-XII<\/a><\/p>\n<p class=\"mb-2\"><strong>2012:<\/strong> <a href=\"\/images\/docs\/facultade\/goberno\/xf\/actas\/2012\/Acta_XF_2012-02-22.pdf\" target=\"_blank\" rel=\"noopener noreferrer\">22-II<\/a> | <a href=\"\/images\/docs\/facultade\/goberno\/xf\/actas\/2012\/Acta_XF_2012-07-19a.pdf\" target=\"_blank\" rel=\"noopener noreferrer\">19-VII<\/a> | <a href=\"\/images\/docs\/facultade\/goberno\/xf\/actas\/2012\/Acta_XF_2012-07-19b.pdf\" target=\"_blank\" rel=\"noopener noreferrer\">19-VII<\/a> | <a href=\"\/images\/docs\/facultade\/goberno\/xf\/actas\/2012\/Acta_XF_2012-09-26.pdf\" target=\"_blank\" rel=\"noopener noreferrer\">26-IX<\/a> | <a href=\"\/images\/docs\/facultade\/goberno\/xf\/actas\/2012\/Acta_XF_2012-10-17.pdf\" target=\"_blank\" rel=\"noopener noreferrer\">17-X<\/a> | <a href=\"\/images\/docs\/facultade\/goberno\/xf\/actas\/2012\/Acta_XF_2012-11-07.pdf\" target=\"_blank\" rel=\"noopener noreferrer\">7-XI<\/a> | <a href=\"\/images\/docs\/facultade\/goberno\/xf\/actas\/2012\/Acta_XF_2012-12-20.pdf\" target=\"_blank\" rel=\"noopener noreferrer\">20-XII<\/a><\/p>\n<p class=\"mb-2\"><strong>2011:<\/strong> <a href=\"\/images\/docs\/facultade\/goberno\/xf\/actas\/2011\/Acta_XF_2011-03-25.pdf\" target=\"_blank\" rel=\"noopener noreferrer\">25-III<\/a> | <a href=\"\/images\/docs\/facultade\/goberno\/xf\/actas\/2011\/Acta_XF_2011-04-12.pdf\" target=\"_blank\" rel=\"noopener noreferrer\">12-IV<\/a> | <a href=\"\/images\/docs\/facultade\/goberno\/xf\/actas\/2011\/Acta_XF_2011-07-19.pdf\" target=\"_blank\" rel=\"noopener noreferrer\">19-VII<\/a> | <a href=\"\/images\/docs\/facultade\/goberno\/xf\/actas\/2011\/Acta_XF_2011-09-29.pdf\" target=\"_blank\" rel=\"noopener noreferrer\">29-IX<\/a> | <a href=\"\/images\/docs\/facultade\/goberno\/xf\/actas\/2011\/Acta_XF_2011-10-28.pdf\" target=\"_blank\" rel=\"noopener noreferrer\">28-X<\/a> | <a href=\"\/images\/docs\/facultade\/goberno\/xf\/actas\/2011\/Acta_XF_2011-12-21.pdf\" target=\"_blank\" rel=\"noopener noreferrer\">21-XII<\/a><\/p>\n<p class=\"mb-2\"><strong>2010:<\/strong> <a href=\"\/images\/docs\/facultade\/goberno\/xf\/actas\/2010\/Acta_XF_2010-03-10.pdf\" target=\"_blank\" rel=\"noopener noreferrer\">10-III<\/a> | <a href=\"\/images\/docs\/facultade\/goberno\/xf\/actas\/2010\/Acta_XF_2010-07-20.pdf\" target=\"_blank\" rel=\"noopener noreferrer\">20-VII<\/a> | <a href=\"\/images\/docs\/facultade\/goberno\/xf\/actas\/2010\/Acta_XF_2010-12-22.pdf\" target=\"_blank\" rel=\"noopener noreferrer\">22-XII<\/a><\/p>\n","protected":false},"excerpt":{"rendered":"<p>Composici\u00f3n Personal Docente e Investigador &nbsp; Estudiantado Personal de Administraci\u00f3n y Servicios &nbsp; Actas 2025: 10-I | 27-II 2024: 22-III | 24-VII | 18-X | &hellip; <a class=\"excerpt_more\" href=\"https:\/\/cytaa.uvigo.es\/es\/facultad\/organos-de-gobierno\/junta-de-facultad\/\">Contin\u00faa<\/a><\/p>\n","protected":false},"author":8,"featured_media":0,"parent":2097,"menu_order":2,"comment_status":"closed","ping_status":"closed","template":"","meta":{"_acf_changed":false,"footnotes":""},"acf":[],"yoast_head":"<title>Junta de Facultad | Facultade de Ciencias<\/title>\n<meta name=\"robots\" content=\"index, follow, max-snippet:-1, max-image-preview:large, max-video-preview:-1\" \/>\n<link rel=\"canonical\" href=\"https:\/\/fcou.uvigo.es\/es\/facultad\/organos-de-gobierno\/junta-de-facultad\/\" \/>\n<meta property=\"og:locale\" content=\"es_ES\" \/>\n<meta property=\"og:type\" content=\"article\" \/>\n<meta property=\"og:title\" content=\"Junta de Facultad | Facultade de Ciencias\" \/>\n<meta property=\"og:description\" content=\"Composici\u00f3n Personal Docente e Investigador &nbsp; Estudiantado Personal de Administraci\u00f3n y Servicios &nbsp; Actas 2025: 10-I | 27-II 2024: 22-III | 24-VII | 18-X | &hellip; Contin\u00faa\" \/>\n<meta property=\"og:url\" content=\"https:\/\/fcou.uvigo.es\/es\/facultad\/organos-de-gobierno\/junta-de-facultad\/\" \/>\n<meta property=\"og:site_name\" content=\"Facultade de Ciencias\" \/>\n<meta property=\"article:modified_time\" content=\"2025-05-12T12:20:57+00:00\" \/>\n<meta name=\"twitter:card\" content=\"summary_large_image\" \/>\n<meta name=\"twitter:label1\" content=\"Est. reading time\" \/>\n\t<meta name=\"twitter:data1\" content=\"3 minutes\" \/>\n<script type=\"application\/ld+json\" class=\"yoast-schema-graph\">{\"@context\":\"https:\/\/schema.org\",\"@graph\":[{\"@type\":\"WebPage\",\"@id\":\"https:\/\/fcou.uvigo.es\/es\/facultad\/organos-de-gobierno\/junta-de-facultad\/\",\"url\":\"https:\/\/fcou.uvigo.es\/es\/facultad\/organos-de-gobierno\/junta-de-facultad\/\",\"name\":\"Junta de Facultad | Facultade de Ciencias\",\"isPartOf\":{\"@id\":\"https:\/\/fcou.uvigo.es\/#website\"},\"datePublished\":\"2015-02-28T21:28:56+00:00\",\"dateModified\":\"2025-05-12T12:20:57+00:00\",\"breadcrumb\":{\"@id\":\"https:\/\/fcou.uvigo.es\/es\/facultad\/organos-de-gobierno\/junta-de-facultad\/#breadcrumb\"},\"inLanguage\":\"es-ES\",\"potentialAction\":[{\"@type\":\"ReadAction\",\"target\":[\"https:\/\/fcou.uvigo.es\/es\/facultad\/organos-de-gobierno\/junta-de-facultad\/\"]}]},{\"@type\":\"BreadcrumbList\",\"@id\":\"https:\/\/fcou.uvigo.es\/es\/facultad\/organos-de-gobierno\/junta-de-facultad\/#breadcrumb\",\"itemListElement\":[{\"@type\":\"ListItem\",\"position\":1,\"name\":\"Facultad\",\"item\":\"https:\/\/www.fcou.uvigo.es\/es\/facultad\/\"},{\"@type\":\"ListItem\",\"position\":2,\"name\":\"\u00d3rganos de gobierno\",\"item\":\"https:\/\/fcou.uvigo.es\/es\/facultad\/organos-de-gobierno\/\"},{\"@type\":\"ListItem\",\"position\":3,\"name\":\"Junta de Facultad\"}]},{\"@type\":\"WebSite\",\"@id\":\"https:\/\/fcou.uvigo.es\/#website\",\"url\":\"https:\/\/fcou.uvigo.es\/\",\"name\":\"Facultade de Ciencias da Universidade de Vigo\",\"description\":\"Sitio web da Facultade de Ciencias\",\"publisher\":{\"@id\":\"https:\/\/fcou.uvigo.es\/#organization\"},\"potentialAction\":[{\"@type\":\"SearchAction\",\"target\":{\"@type\":\"EntryPoint\",\"urlTemplate\":\"https:\/\/fcou.uvigo.es\/?s={search_term_string}\"},\"query-input\":{\"@type\":\"PropertyValueSpecification\",\"valueRequired\":true,\"valueName\":\"search_term_string\"}}],\"inLanguage\":\"es-ES\"},{\"@type\":\"Organization\",\"@id\":\"https:\/\/fcou.uvigo.es\/#organization\",\"name\":\"Facultade de Ciencias da Universidade de Vigo\",\"url\":\"https:\/\/fcou.uvigo.es\/\",\"logo\":{\"@type\":\"ImageObject\",\"inLanguage\":\"es-ES\",\"@id\":\"https:\/\/fcou.uvigo.es\/#\/schema\/logo\/image\/\",\"url\":\"https:\/\/cytaa.uvigo.es\/wp-content\/uploads\/2024\/04\/facultade-ciencias-ourense.png\",\"contentUrl\":\"https:\/\/cytaa.uvigo.es\/wp-content\/uploads\/2024\/04\/facultade-ciencias-ourense.png\",\"width\":717,\"height\":165,\"caption\":\"Facultade de Ciencias da Universidade de Vigo\"},\"image\":{\"@id\":\"https:\/\/fcou.uvigo.es\/#\/schema\/logo\/image\/\"}}]}<\/script>","yoast_head_json":{"title":"Junta de Facultad | Facultade de Ciencias","robots":{"index":"index","follow":"follow","max-snippet":"max-snippet:-1","max-image-preview":"max-image-preview:large","max-video-preview":"max-video-preview:-1"},"canonical":"https:\/\/fcou.uvigo.es\/es\/facultad\/organos-de-gobierno\/junta-de-facultad\/","og_locale":"es_ES","og_type":"article","og_title":"Junta de Facultad | Facultade de Ciencias","og_description":"Composici\u00f3n Personal Docente e Investigador &nbsp; Estudiantado Personal de Administraci\u00f3n y Servicios &nbsp; Actas 2025: 10-I | 27-II 2024: 22-III | 24-VII | 18-X | &hellip; Contin\u00faa","og_url":"https:\/\/fcou.uvigo.es\/es\/facultad\/organos-de-gobierno\/junta-de-facultad\/","og_site_name":"Facultade de Ciencias","article_modified_time":"2025-05-12T12:20:57+00:00","twitter_card":"summary_large_image","twitter_misc":{"Est. reading time":"3 minutes"},"schema":{"@context":"https:\/\/schema.org","@graph":[{"@type":"WebPage","@id":"https:\/\/fcou.uvigo.es\/es\/facultad\/organos-de-gobierno\/junta-de-facultad\/","url":"https:\/\/fcou.uvigo.es\/es\/facultad\/organos-de-gobierno\/junta-de-facultad\/","name":"Junta de Facultad | Facultade de Ciencias","isPartOf":{"@id":"https:\/\/fcou.uvigo.es\/#website"},"datePublished":"2015-02-28T21:28:56+00:00","dateModified":"2025-05-12T12:20:57+00:00","breadcrumb":{"@id":"https:\/\/fcou.uvigo.es\/es\/facultad\/organos-de-gobierno\/junta-de-facultad\/#breadcrumb"},"inLanguage":"es-ES","potentialAction":[{"@type":"ReadAction","target":["https:\/\/fcou.uvigo.es\/es\/facultad\/organos-de-gobierno\/junta-de-facultad\/"]}]},{"@type":"BreadcrumbList","@id":"https:\/\/fcou.uvigo.es\/es\/facultad\/organos-de-gobierno\/junta-de-facultad\/#breadcrumb","itemListElement":[{"@type":"ListItem","position":1,"name":"Facultad","item":"https:\/\/www.fcou.uvigo.es\/es\/facultad\/"},{"@type":"ListItem","position":2,"name":"\u00d3rganos de gobierno","item":"https:\/\/fcou.uvigo.es\/es\/facultad\/organos-de-gobierno\/"},{"@type":"ListItem","position":3,"name":"Junta de Facultad"}]},{"@type":"WebSite","@id":"https:\/\/fcou.uvigo.es\/#website","url":"https:\/\/fcou.uvigo.es\/","name":"Facultade de Ciencias da Universidade de Vigo","description":"Sitio web da Facultade de Ciencias","publisher":{"@id":"https:\/\/fcou.uvigo.es\/#organization"},"potentialAction":[{"@type":"SearchAction","target":{"@type":"EntryPoint","urlTemplate":"https:\/\/fcou.uvigo.es\/?s={search_term_string}"},"query-input":{"@type":"PropertyValueSpecification","valueRequired":true,"valueName":"search_term_string"}}],"inLanguage":"es-ES"},{"@type":"Organization","@id":"https:\/\/fcou.uvigo.es\/#organization","name":"Facultade de Ciencias da Universidade de Vigo","url":"https:\/\/fcou.uvigo.es\/","logo":{"@type":"ImageObject","inLanguage":"es-ES","@id":"https:\/\/fcou.uvigo.es\/#\/schema\/logo\/image\/","url":"https:\/\/cytaa.uvigo.es\/wp-content\/uploads\/2024\/04\/facultade-ciencias-ourense.png","contentUrl":"https:\/\/cytaa.uvigo.es\/wp-content\/uploads\/2024\/04\/facultade-ciencias-ourense.png","width":717,"height":165,"caption":"Facultade de Ciencias da Universidade de Vigo"},"image":{"@id":"https:\/\/fcou.uvigo.es\/#\/schema\/logo\/image\/"}}]}},"_links":{"self":[{"href":"https:\/\/cytaa.uvigo.es\/es\/wp-json\/wp\/v2\/pages\/2098"}],"collection":[{"href":"https:\/\/cytaa.uvigo.es\/es\/wp-json\/wp\/v2\/pages"}],"about":[{"href":"https:\/\/cytaa.uvigo.es\/es\/wp-json\/wp\/v2\/types\/page"}],"author":[{"embeddable":true,"href":"https:\/\/cytaa.uvigo.es\/es\/wp-json\/wp\/v2\/users\/8"}],"replies":[{"embeddable":true,"href":"https:\/\/cytaa.uvigo.es\/es\/wp-json\/wp\/v2\/comments?post=2098"}],"version-history":[{"count":24,"href":"https:\/\/cytaa.uvigo.es\/es\/wp-json\/wp\/v2\/pages\/2098\/revisions"}],"predecessor-version":[{"id":269638,"href":"https:\/\/cytaa.uvigo.es\/es\/wp-json\/wp\/v2\/pages\/2098\/revisions\/269638"}],"up":[{"embeddable":true,"href":"https:\/\/cytaa.uvigo.es\/es\/wp-json\/wp\/v2\/pages\/2097"}],"wp:attachment":[{"href":"https:\/\/cytaa.uvigo.es\/es\/wp-json\/wp\/v2\/media?parent=2098"}],"curies":[{"name":"wp","href":"https:\/\/api.w.org\/{rel}","templated":true}]}}