{"id":15567,"date":"2019-08-04T21:23:22","date_gmt":"2019-08-04T19:23:22","guid":{"rendered":"http:\/\/fcou.uvigo.es\/idi\/centros-e-laboratorios\/"},"modified":"2024-06-03T10:20:39","modified_gmt":"2024-06-03T08:20:39","slug":"centros-y-laboratorios","status":"publish","type":"page","link":"https:\/\/cytaa.uvigo.es\/es\/idi\/centros-y-laboratorios\/","title":{"rendered":"Centros y laboratorios"},"content":{"rendered":"<h2>Edificio del Campus Auga<\/h2>\n<p>El Edificio del Campus Agua acoge <strong>once laboratorios<\/strong> en los que diversos grupos de investigaci\u00f3n desarrollan sus proyectos cient\u00edficos.<\/p>\n<h3>Laboratorios<\/h3>\n<ul>\n<li><strong>Ingenier\u00eda Qu\u00edmica I<\/strong><br \/>\nGrupo de Investigaci\u00f3n Ingenier\u00eda Qu\u00edmica<\/li>\n<li><strong>Ingenier\u00eda Qu\u00edmica II<\/strong><br \/>\nGrupo de Investigaci\u00f3n Pranta, Solo e Aproveitamento de Subprodutos<\/li>\n<li><strong>Ingenier\u00eda Qu\u00edmica III<\/strong><br \/>\nGrupo de Investigaci\u00f3n Biotecnolog\u00eda Industrial e Ingenier\u00eda Ambiental<\/li>\n<li><strong>Biotecnolog\u00eda Industrial e Ingenier\u00eda Ambiental<\/strong><br \/>\nGrupo de Investigaci\u00f3n Biotecnolog\u00eda Industrial e Ingenier\u00eda Ambiental<\/li>\n<li><strong>Multidisciplinar<\/strong> (Qu\u00edmica F\u00edsica + Nutrici\u00f3n y Bromatolog\u00eda)<br \/>\nGrupo de Investigaciones Agrarias y Alimentarias<\/li>\n<li><strong>Tecnolog\u00eda de Alimentos<\/strong><br \/>\nGrupo de Investigaci\u00f3n Ingenier\u00eda Qu\u00edmica 4<\/li>\n<li><strong>Edafolox\u00eda y Qu\u00edmica Agr\u00edcola<\/strong><br \/>\nGrupo de Investigaci\u00f3n Planta, Suelo y Aprovechamento de Subprodutos<\/li>\n<li><strong>F\u00edsica de la Terra<\/strong><br \/>\nGrupo de Investigaci\u00f3n Environmental Physics Laboratory<\/li>\n<li><strong>Arqueolog\u00eda<\/strong><br \/>\nGrupo de Investigaci\u00f3n Estudios de Arqueoloxga, Antig\u00fcidad y Territorio<\/li>\n<li><strong>Lenguaje y Sistemas Inform\u00e1ticos<\/strong><br \/>\nGrupo de Investigaci\u00f3n Laboratorio de Inform\u00e1tica Aplicada<\/li>\n<li><strong>Hidr\u00e1ulica<\/strong><br \/>\n\u2013 Grupo de Investigaci\u00f3n Planta, Suelo y Aproveitamento de Subprodutos<br \/>\n\u2013 Grupo de Investigaci\u00f3n Estudos de Arqueolog\u00eda, Antig\u00fcidad y Territorio<\/li>\n<\/ul>\n<h2>Planta Piloto de Industrias Agroalimentarias<\/h2>\n<p><img loading=\"lazy\" decoding=\"async\" class=\"size-medium wp-image-267234 alignleft\" src=\"https:\/\/fcou.uvigo.es\/wp-content\/uploads\/2024\/05\/plantapiloto-300x300.jpg\" alt=\"\" width=\"300\" height=\"300\" srcset=\"https:\/\/cytaa.uvigo.es\/wp-content\/uploads\/2024\/05\/plantapiloto-300x300.jpg 300w, https:\/\/cytaa.uvigo.es\/wp-content\/uploads\/2024\/05\/plantapiloto-1024x1024.jpg 1024w, https:\/\/cytaa.uvigo.es\/wp-content\/uploads\/2024\/05\/plantapiloto-150x150.jpg 150w, https:\/\/cytaa.uvigo.es\/wp-content\/uploads\/2024\/05\/plantapiloto-768x768.jpg 768w, https:\/\/cytaa.uvigo.es\/wp-content\/uploads\/2024\/05\/plantapiloto-400x400.jpg 400w, https:\/\/cytaa.uvigo.es\/wp-content\/uploads\/2024\/05\/plantapiloto.jpg 1200w\" sizes=\"(max-width: 300px) 100vw, 300px\" \/>Espacio destinado a labores de investigaci\u00f3n y docencia, relacionadas con las industrias alimentarias.<\/p>\n<p class=\"clearfix\">&nbsp;<\/p>\n<h2>Centro de Apoyo Cient\u00edfico y Tecnol\u00f3gico a la Investigaci\u00f3n (CACTI)<\/h2>\n<p><img loading=\"lazy\" decoding=\"async\" class=\"alignleft wp-image-267229\" src=\"https:\/\/fcou.uvigo.es\/wp-content\/uploads\/2024\/05\/CentroApoio-Cacti-300x300.jpg\" alt=\"\" width=\"250\" height=\"250\" srcset=\"https:\/\/cytaa.uvigo.es\/wp-content\/uploads\/2024\/05\/CentroApoio-Cacti-300x300.jpg 300w, https:\/\/cytaa.uvigo.es\/wp-content\/uploads\/2024\/05\/CentroApoio-Cacti-150x150.jpg 150w, https:\/\/cytaa.uvigo.es\/wp-content\/uploads\/2024\/05\/CentroApoio-Cacti.jpg 400w\" sizes=\"(max-width: 250px) 100vw, 250px\" \/>Constituye nuestra apuesta por la investigaci\u00f3n b\u00e1sica y aplicada de calidad en el \u00e1mbito nacional e internacional desde 1991. Entre sus objetivos est\u00e1 la adquisici\u00f3n, gesti\u00f3n y utilizaci\u00f3n centralizada de grandes equipaciones con la vocaci\u00f3n de proporcionar apoyo cient\u00edfico y tecnol\u00f3gico tanto a miembros de la comunidad universitaria como a Organismos P\u00fablicos de Investigaci\u00f3n (OPIs) en el \u00e1mbito nacional e internacional y entidades personales de nuestro entorno.<\/p>\n","protected":false},"excerpt":{"rendered":"<p>Dentro do Campus de Ourense contamos con diversas infraestruturas que nos dan soporte e axudan no labor investigador do persoal PDI e dos grupos de investigaci\u00f3n<\/p>\n","protected":false},"author":8,"featured_media":267226,"parent":15558,"menu_order":3,"comment_status":"closed","ping_status":"closed","template":"","meta":{"_acf_changed":false,"footnotes":""},"acf":[],"yoast_head":"<title>Centros y laboratorios | Facultade de Ciencias<\/title>\n<meta name=\"robots\" content=\"index, follow, max-snippet:-1, max-image-preview:large, max-video-preview:-1\" \/>\n<link rel=\"canonical\" href=\"https:\/\/www.fcou.uvigo.es\/es\/idi\/centros-y-laboratorios\/\" \/>\n<meta property=\"og:locale\" content=\"es_ES\" \/>\n<meta property=\"og:type\" content=\"article\" \/>\n<meta property=\"og:title\" content=\"Centros y laboratorios | Facultade de Ciencias\" \/>\n<meta property=\"og:description\" content=\"Dentro do Campus de Ourense contamos con diversas infraestruturas que nos dan soporte e axudan no labor investigador do persoal PDI e dos grupos de investigaci\u00f3n\" \/>\n<meta property=\"og:url\" content=\"https:\/\/www.fcou.uvigo.es\/es\/idi\/centros-y-laboratorios\/\" \/>\n<meta property=\"og:site_name\" content=\"Facultade de Ciencias\" \/>\n<meta property=\"article:modified_time\" content=\"2024-06-03T08:20:39+00:00\" \/>\n<meta property=\"og:image\" content=\"https:\/\/www.fcou.uvigo.es\/wp-content\/uploads\/2024\/05\/campusauga.jpg\" \/>\n\t<meta property=\"og:image:width\" content=\"1200\" \/>\n\t<meta property=\"og:image:height\" content=\"750\" \/>\n\t<meta property=\"og:image:type\" content=\"image\/jpeg\" \/>\n<meta name=\"twitter:card\" content=\"summary_large_image\" \/>\n<meta name=\"twitter:label1\" content=\"Est. reading time\" \/>\n\t<meta name=\"twitter:data1\" content=\"2 minutes\" \/>\n<script type=\"application\/ld+json\" class=\"yoast-schema-graph\">{\"@context\":\"https:\/\/schema.org\",\"@graph\":[{\"@type\":\"WebPage\",\"@id\":\"https:\/\/www.fcou.uvigo.es\/es\/idi\/centros-y-laboratorios\/\",\"url\":\"https:\/\/www.fcou.uvigo.es\/es\/idi\/centros-y-laboratorios\/\",\"name\":\"Centros y laboratorios | Facultade de Ciencias\",\"isPartOf\":{\"@id\":\"https:\/\/fcou.uvigo.es\/#website\"},\"primaryImageOfPage\":{\"@id\":\"https:\/\/www.fcou.uvigo.es\/es\/idi\/centros-y-laboratorios\/#primaryimage\"},\"image\":{\"@id\":\"https:\/\/www.fcou.uvigo.es\/es\/idi\/centros-y-laboratorios\/#primaryimage\"},\"thumbnailUrl\":\"https:\/\/cytaa.uvigo.es\/wp-content\/uploads\/2024\/05\/campusauga.jpg\",\"datePublished\":\"2019-08-04T19:23:22+00:00\",\"dateModified\":\"2024-06-03T08:20:39+00:00\",\"breadcrumb\":{\"@id\":\"https:\/\/www.fcou.uvigo.es\/es\/idi\/centros-y-laboratorios\/#breadcrumb\"},\"inLanguage\":\"es-ES\",\"potentialAction\":[{\"@type\":\"ReadAction\",\"target\":[\"https:\/\/www.fcou.uvigo.es\/es\/idi\/centros-y-laboratorios\/\"]}]},{\"@type\":\"ImageObject\",\"inLanguage\":\"es-ES\",\"@id\":\"https:\/\/www.fcou.uvigo.es\/es\/idi\/centros-y-laboratorios\/#primaryimage\",\"url\":\"https:\/\/cytaa.uvigo.es\/wp-content\/uploads\/2024\/05\/campusauga.jpg\",\"contentUrl\":\"https:\/\/cytaa.uvigo.es\/wp-content\/uploads\/2024\/05\/campusauga.jpg\",\"width\":1200,\"height\":750},{\"@type\":\"BreadcrumbList\",\"@id\":\"https:\/\/www.fcou.uvigo.es\/es\/idi\/centros-y-laboratorios\/#breadcrumb\",\"itemListElement\":[{\"@type\":\"ListItem\",\"position\":1,\"name\":\"I+D+i\",\"item\":\"https:\/\/www.fcou.uvigo.es\/es\/idi\/\"},{\"@type\":\"ListItem\",\"position\":2,\"name\":\"Centros y laboratorios\"}]},{\"@type\":\"WebSite\",\"@id\":\"https:\/\/fcou.uvigo.es\/#website\",\"url\":\"https:\/\/fcou.uvigo.es\/\",\"name\":\"Facultade de Ciencias da Universidade de Vigo\",\"description\":\"Sitio web da Facultade de Ciencias\",\"publisher\":{\"@id\":\"https:\/\/fcou.uvigo.es\/#organization\"},\"potentialAction\":[{\"@type\":\"SearchAction\",\"target\":{\"@type\":\"EntryPoint\",\"urlTemplate\":\"https:\/\/fcou.uvigo.es\/?s={search_term_string}\"},\"query-input\":{\"@type\":\"PropertyValueSpecification\",\"valueRequired\":true,\"valueName\":\"search_term_string\"}}],\"inLanguage\":\"es-ES\"},{\"@type\":\"Organization\",\"@id\":\"https:\/\/fcou.uvigo.es\/#organization\",\"name\":\"Facultade de Ciencias da Universidade de Vigo\",\"url\":\"https:\/\/fcou.uvigo.es\/\",\"logo\":{\"@type\":\"ImageObject\",\"inLanguage\":\"es-ES\",\"@id\":\"https:\/\/fcou.uvigo.es\/#\/schema\/logo\/image\/\",\"url\":\"https:\/\/cytaa.uvigo.es\/wp-content\/uploads\/2024\/04\/facultade-ciencias-ourense.png\",\"contentUrl\":\"https:\/\/cytaa.uvigo.es\/wp-content\/uploads\/2024\/04\/facultade-ciencias-ourense.png\",\"width\":717,\"height\":165,\"caption\":\"Facultade de Ciencias da Universidade de Vigo\"},\"image\":{\"@id\":\"https:\/\/fcou.uvigo.es\/#\/schema\/logo\/image\/\"}}]}<\/script>","yoast_head_json":{"title":"Centros y laboratorios | Facultade de Ciencias","robots":{"index":"index","follow":"follow","max-snippet":"max-snippet:-1","max-image-preview":"max-image-preview:large","max-video-preview":"max-video-preview:-1"},"canonical":"https:\/\/www.fcou.uvigo.es\/es\/idi\/centros-y-laboratorios\/","og_locale":"es_ES","og_type":"article","og_title":"Centros y laboratorios | Facultade de Ciencias","og_description":"Dentro do Campus de Ourense contamos con diversas infraestruturas que nos dan soporte e axudan no labor investigador do persoal PDI e dos grupos de investigaci\u00f3n","og_url":"https:\/\/www.fcou.uvigo.es\/es\/idi\/centros-y-laboratorios\/","og_site_name":"Facultade de Ciencias","article_modified_time":"2024-06-03T08:20:39+00:00","og_image":[{"width":1200,"height":750,"url":"https:\/\/www.fcou.uvigo.es\/wp-content\/uploads\/2024\/05\/campusauga.jpg","type":"image\/jpeg"}],"twitter_card":"summary_large_image","twitter_misc":{"Est. reading time":"2 minutes"},"schema":{"@context":"https:\/\/schema.org","@graph":[{"@type":"WebPage","@id":"https:\/\/www.fcou.uvigo.es\/es\/idi\/centros-y-laboratorios\/","url":"https:\/\/www.fcou.uvigo.es\/es\/idi\/centros-y-laboratorios\/","name":"Centros y laboratorios | Facultade de Ciencias","isPartOf":{"@id":"https:\/\/fcou.uvigo.es\/#website"},"primaryImageOfPage":{"@id":"https:\/\/www.fcou.uvigo.es\/es\/idi\/centros-y-laboratorios\/#primaryimage"},"image":{"@id":"https:\/\/www.fcou.uvigo.es\/es\/idi\/centros-y-laboratorios\/#primaryimage"},"thumbnailUrl":"https:\/\/cytaa.uvigo.es\/wp-content\/uploads\/2024\/05\/campusauga.jpg","datePublished":"2019-08-04T19:23:22+00:00","dateModified":"2024-06-03T08:20:39+00:00","breadcrumb":{"@id":"https:\/\/www.fcou.uvigo.es\/es\/idi\/centros-y-laboratorios\/#breadcrumb"},"inLanguage":"es-ES","potentialAction":[{"@type":"ReadAction","target":["https:\/\/www.fcou.uvigo.es\/es\/idi\/centros-y-laboratorios\/"]}]},{"@type":"ImageObject","inLanguage":"es-ES","@id":"https:\/\/www.fcou.uvigo.es\/es\/idi\/centros-y-laboratorios\/#primaryimage","url":"https:\/\/cytaa.uvigo.es\/wp-content\/uploads\/2024\/05\/campusauga.jpg","contentUrl":"https:\/\/cytaa.uvigo.es\/wp-content\/uploads\/2024\/05\/campusauga.jpg","width":1200,"height":750},{"@type":"BreadcrumbList","@id":"https:\/\/www.fcou.uvigo.es\/es\/idi\/centros-y-laboratorios\/#breadcrumb","itemListElement":[{"@type":"ListItem","position":1,"name":"I+D+i","item":"https:\/\/www.fcou.uvigo.es\/es\/idi\/"},{"@type":"ListItem","position":2,"name":"Centros y laboratorios"}]},{"@type":"WebSite","@id":"https:\/\/fcou.uvigo.es\/#website","url":"https:\/\/fcou.uvigo.es\/","name":"Facultade de Ciencias da Universidade de Vigo","description":"Sitio web da Facultade de Ciencias","publisher":{"@id":"https:\/\/fcou.uvigo.es\/#organization"},"potentialAction":[{"@type":"SearchAction","target":{"@type":"EntryPoint","urlTemplate":"https:\/\/fcou.uvigo.es\/?s={search_term_string}"},"query-input":{"@type":"PropertyValueSpecification","valueRequired":true,"valueName":"search_term_string"}}],"inLanguage":"es-ES"},{"@type":"Organization","@id":"https:\/\/fcou.uvigo.es\/#organization","name":"Facultade de Ciencias da Universidade de Vigo","url":"https:\/\/fcou.uvigo.es\/","logo":{"@type":"ImageObject","inLanguage":"es-ES","@id":"https:\/\/fcou.uvigo.es\/#\/schema\/logo\/image\/","url":"https:\/\/cytaa.uvigo.es\/wp-content\/uploads\/2024\/04\/facultade-ciencias-ourense.png","contentUrl":"https:\/\/cytaa.uvigo.es\/wp-content\/uploads\/2024\/04\/facultade-ciencias-ourense.png","width":717,"height":165,"caption":"Facultade de Ciencias da Universidade de Vigo"},"image":{"@id":"https:\/\/fcou.uvigo.es\/#\/schema\/logo\/image\/"}}]}},"_links":{"self":[{"href":"https:\/\/cytaa.uvigo.es\/es\/wp-json\/wp\/v2\/pages\/15567"}],"collection":[{"href":"https:\/\/cytaa.uvigo.es\/es\/wp-json\/wp\/v2\/pages"}],"about":[{"href":"https:\/\/cytaa.uvigo.es\/es\/wp-json\/wp\/v2\/types\/page"}],"author":[{"embeddable":true,"href":"https:\/\/cytaa.uvigo.es\/es\/wp-json\/wp\/v2\/users\/8"}],"replies":[{"embeddable":true,"href":"https:\/\/cytaa.uvigo.es\/es\/wp-json\/wp\/v2\/comments?post=15567"}],"version-history":[{"count":19,"href":"https:\/\/cytaa.uvigo.es\/es\/wp-json\/wp\/v2\/pages\/15567\/revisions"}],"predecessor-version":[{"id":268315,"href":"https:\/\/cytaa.uvigo.es\/es\/wp-json\/wp\/v2\/pages\/15567\/revisions\/268315"}],"up":[{"embeddable":true,"href":"https:\/\/cytaa.uvigo.es\/es\/wp-json\/wp\/v2\/pages\/15558"}],"wp:featuredmedia":[{"embeddable":true,"href":"https:\/\/cytaa.uvigo.es\/es\/wp-json\/wp\/v2\/media\/267226"}],"wp:attachment":[{"href":"https:\/\/cytaa.uvigo.es\/es\/wp-json\/wp\/v2\/media?parent=15567"}],"curies":[{"name":"wp","href":"https:\/\/api.w.org\/{rel}","templated":true}]}}