{"id":15486,"date":"2019-04-01T19:24:31","date_gmt":"2019-04-01T17:24:31","guid":{"rendered":"http:\/\/fcou.uvigo.es\/estudios\/grao-en-ciencias-ambientais\/"},"modified":"2024-05-23T17:19:37","modified_gmt":"2024-05-23T15:19:37","slug":"grado-en-ciencias-ambientales","status":"publish","type":"page","link":"https:\/\/cytaa.uvigo.es\/es\/estudios\/grado-en-ciencias-ambientales\/","title":{"rendered":"Grado en Ciencias Ambientales"},"content":{"rendered":"<p class=\"lead\">El Grado en Ciencias Ambientales est\u00e1 constituido por unos estudios con un marcado contenido multidisciplinar y otorga a las personas tituladas la formaci\u00f3n adecuada para abarcar los problemas ambientales desde diversas \u00e1reas de conocimiento.<\/p>\n<p class=\"mb-2\"><a class=\"btn btn-outline-primary btn-icon\" style=\"text-transform: none;\" href=\"\/images\/docs\/estudos\/Ficha_GCA.pdf\" target=\"_blank\" rel=\"noopener noreferrer\">Consulta la ficha del T\u00edtulo<\/a><\/p>\n<p>&nbsp;<\/p>\n<div class=\"custom-block graylight\">\n<h3>Accesos directos<\/h3>\n<div class=\"row\">\n<div class=\"col-sm-6\">\n<ul class=\"list-peak\">\n<li><a href=\"..\/..\/docencia\/horarios\">Horarios y grupos<\/a><\/li>\n<li><a href=\"..\/..\/docencia\/examenes\">Ex\u00e1menes<\/a><\/li>\n<li><a href=\"..\/..\/docencia\/practicas-externas\">Pr\u00e1cticas externas<\/a><\/li>\n<li><a href=\"..\/..\/docencia\/trabajo-fin-de-grado\/\">Trabajo Fin de Grado<\/a><\/li>\n<\/ul>\n<\/div>\n<div class=\"col-sm-6\">\n<ul class=\"list-peak\">\n<li><a href=\"..\/..\/estudiantes\/plan-de-accion-tutorial\/\">Plan de Acci\u00f3n Tutorial<\/a><\/li>\n<li><a href=\"..\/..\/calidad\/sgc\/resultados-de-medicion\/\">Resultados del T\u00edtulo<\/a><\/li>\n<li><a href=\"..\/..\/calidad\/seguimiento-de-titulos\/grado-en-ca\/\">Seguimiento del T\u00edtulo<\/a><\/li>\n<li><a href=\"http:\/\/transparencia.uvigo.es\" target=\"_blank\" rel=\"noopener noreferrer\">Portal de Transparencia<\/a><\/li>\n<\/ul>\n<\/div>\n<\/div>\n<\/div>\n<div class=\"custom-block graylight\">\n<h3>Coordinaci\u00f3n<\/h3>\n<p><a href=\"\/docencia\/profesorado\/gil-garrote-velasco\/\">Gil Garrote Velasco<\/a><br \/>\n<a href=\"mailto:gil@uvigo.es\">gil@uvigo.es<\/a><\/p>\n<\/div>\n<p>&nbsp;<\/p>\n","protected":false},"excerpt":{"rendered":"<p>El Grado en Ciencias Ambientales est\u00e1 constituido por unos estudios con un marcado contenido multidisciplinar y otorga a las personas tituladas la formaci\u00f3n adecuada para &hellip; <a class=\"excerpt_more\" href=\"https:\/\/cytaa.uvigo.es\/es\/estudios\/grado-en-ciencias-ambientales\/\">Contin\u00faa<\/a><\/p>\n","protected":false},"author":8,"featured_media":0,"parent":2117,"menu_order":2,"comment_status":"closed","ping_status":"closed","template":"","meta":{"_acf_changed":false,"footnotes":""},"acf":[],"yoast_head":"<title>Grado en Ciencias Ambientales | Facultade de Ciencias<\/title>\n<meta name=\"robots\" content=\"index, follow, max-snippet:-1, max-image-preview:large, max-video-preview:-1\" \/>\n<link rel=\"canonical\" href=\"https:\/\/fcou.uvigo.es\/es\/estudios\/grado-en-ciencias-ambientales\/\" \/>\n<meta property=\"og:locale\" content=\"es_ES\" \/>\n<meta property=\"og:type\" content=\"article\" \/>\n<meta property=\"og:title\" content=\"Grado en Ciencias Ambientales | Facultade de Ciencias\" \/>\n<meta property=\"og:description\" content=\"El Grado en Ciencias Ambientales est\u00e1 constituido por unos estudios con un marcado contenido multidisciplinar y otorga a las personas tituladas la formaci\u00f3n adecuada para &hellip; Contin\u00faa\" \/>\n<meta property=\"og:url\" content=\"https:\/\/fcou.uvigo.es\/es\/estudios\/grado-en-ciencias-ambientales\/\" \/>\n<meta property=\"og:site_name\" content=\"Facultade de Ciencias\" \/>\n<meta property=\"article:modified_time\" content=\"2024-05-23T15:19:37+00:00\" \/>\n<meta name=\"twitter:card\" content=\"summary_large_image\" \/>\n<meta name=\"twitter:label1\" content=\"Est. reading time\" \/>\n\t<meta name=\"twitter:data1\" content=\"1 minute\" \/>\n<script type=\"application\/ld+json\" class=\"yoast-schema-graph\">{\"@context\":\"https:\/\/schema.org\",\"@graph\":[{\"@type\":\"WebPage\",\"@id\":\"https:\/\/fcou.uvigo.es\/es\/estudios\/grado-en-ciencias-ambientales\/\",\"url\":\"https:\/\/fcou.uvigo.es\/es\/estudios\/grado-en-ciencias-ambientales\/\",\"name\":\"Grado en Ciencias Ambientales | Facultade de Ciencias\",\"isPartOf\":{\"@id\":\"https:\/\/fcou.uvigo.es\/#website\"},\"datePublished\":\"2019-04-01T17:24:31+00:00\",\"dateModified\":\"2024-05-23T15:19:37+00:00\",\"breadcrumb\":{\"@id\":\"https:\/\/fcou.uvigo.es\/es\/estudios\/grado-en-ciencias-ambientales\/#breadcrumb\"},\"inLanguage\":\"es-ES\",\"potentialAction\":[{\"@type\":\"ReadAction\",\"target\":[\"https:\/\/fcou.uvigo.es\/es\/estudios\/grado-en-ciencias-ambientales\/\"]}]},{\"@type\":\"BreadcrumbList\",\"@id\":\"https:\/\/fcou.uvigo.es\/es\/estudios\/grado-en-ciencias-ambientales\/#breadcrumb\",\"itemListElement\":[{\"@type\":\"ListItem\",\"position\":1,\"name\":\"Estudios\",\"item\":\"https:\/\/fcou.uvigo.es\/es\/estudios\/\"},{\"@type\":\"ListItem\",\"position\":2,\"name\":\"Grado en Ciencias Ambientales\"}]},{\"@type\":\"WebSite\",\"@id\":\"https:\/\/fcou.uvigo.es\/#website\",\"url\":\"https:\/\/fcou.uvigo.es\/\",\"name\":\"Facultade de Ciencias da Universidade de Vigo\",\"description\":\"Sitio web da Facultade de Ciencias\",\"publisher\":{\"@id\":\"https:\/\/fcou.uvigo.es\/#organization\"},\"potentialAction\":[{\"@type\":\"SearchAction\",\"target\":{\"@type\":\"EntryPoint\",\"urlTemplate\":\"https:\/\/fcou.uvigo.es\/?s={search_term_string}\"},\"query-input\":{\"@type\":\"PropertyValueSpecification\",\"valueRequired\":true,\"valueName\":\"search_term_string\"}}],\"inLanguage\":\"es-ES\"},{\"@type\":\"Organization\",\"@id\":\"https:\/\/fcou.uvigo.es\/#organization\",\"name\":\"Facultade de Ciencias da Universidade de Vigo\",\"url\":\"https:\/\/fcou.uvigo.es\/\",\"logo\":{\"@type\":\"ImageObject\",\"inLanguage\":\"es-ES\",\"@id\":\"https:\/\/fcou.uvigo.es\/#\/schema\/logo\/image\/\",\"url\":\"https:\/\/cytaa.uvigo.es\/wp-content\/uploads\/2024\/04\/facultade-ciencias-ourense.png\",\"contentUrl\":\"https:\/\/cytaa.uvigo.es\/wp-content\/uploads\/2024\/04\/facultade-ciencias-ourense.png\",\"width\":717,\"height\":165,\"caption\":\"Facultade de Ciencias da Universidade de Vigo\"},\"image\":{\"@id\":\"https:\/\/fcou.uvigo.es\/#\/schema\/logo\/image\/\"}}]}<\/script>","yoast_head_json":{"title":"Grado en Ciencias Ambientales | Facultade de Ciencias","robots":{"index":"index","follow":"follow","max-snippet":"max-snippet:-1","max-image-preview":"max-image-preview:large","max-video-preview":"max-video-preview:-1"},"canonical":"https:\/\/fcou.uvigo.es\/es\/estudios\/grado-en-ciencias-ambientales\/","og_locale":"es_ES","og_type":"article","og_title":"Grado en Ciencias Ambientales | Facultade de Ciencias","og_description":"El Grado en Ciencias Ambientales est\u00e1 constituido por unos estudios con un marcado contenido multidisciplinar y otorga a las personas tituladas la formaci\u00f3n adecuada para &hellip; Contin\u00faa","og_url":"https:\/\/fcou.uvigo.es\/es\/estudios\/grado-en-ciencias-ambientales\/","og_site_name":"Facultade de Ciencias","article_modified_time":"2024-05-23T15:19:37+00:00","twitter_card":"summary_large_image","twitter_misc":{"Est. reading time":"1 minute"},"schema":{"@context":"https:\/\/schema.org","@graph":[{"@type":"WebPage","@id":"https:\/\/fcou.uvigo.es\/es\/estudios\/grado-en-ciencias-ambientales\/","url":"https:\/\/fcou.uvigo.es\/es\/estudios\/grado-en-ciencias-ambientales\/","name":"Grado en Ciencias Ambientales | Facultade de Ciencias","isPartOf":{"@id":"https:\/\/fcou.uvigo.es\/#website"},"datePublished":"2019-04-01T17:24:31+00:00","dateModified":"2024-05-23T15:19:37+00:00","breadcrumb":{"@id":"https:\/\/fcou.uvigo.es\/es\/estudios\/grado-en-ciencias-ambientales\/#breadcrumb"},"inLanguage":"es-ES","potentialAction":[{"@type":"ReadAction","target":["https:\/\/fcou.uvigo.es\/es\/estudios\/grado-en-ciencias-ambientales\/"]}]},{"@type":"BreadcrumbList","@id":"https:\/\/fcou.uvigo.es\/es\/estudios\/grado-en-ciencias-ambientales\/#breadcrumb","itemListElement":[{"@type":"ListItem","position":1,"name":"Estudios","item":"https:\/\/fcou.uvigo.es\/es\/estudios\/"},{"@type":"ListItem","position":2,"name":"Grado en Ciencias Ambientales"}]},{"@type":"WebSite","@id":"https:\/\/fcou.uvigo.es\/#website","url":"https:\/\/fcou.uvigo.es\/","name":"Facultade de Ciencias da Universidade de Vigo","description":"Sitio web da Facultade de Ciencias","publisher":{"@id":"https:\/\/fcou.uvigo.es\/#organization"},"potentialAction":[{"@type":"SearchAction","target":{"@type":"EntryPoint","urlTemplate":"https:\/\/fcou.uvigo.es\/?s={search_term_string}"},"query-input":{"@type":"PropertyValueSpecification","valueRequired":true,"valueName":"search_term_string"}}],"inLanguage":"es-ES"},{"@type":"Organization","@id":"https:\/\/fcou.uvigo.es\/#organization","name":"Facultade de Ciencias da Universidade de Vigo","url":"https:\/\/fcou.uvigo.es\/","logo":{"@type":"ImageObject","inLanguage":"es-ES","@id":"https:\/\/fcou.uvigo.es\/#\/schema\/logo\/image\/","url":"https:\/\/cytaa.uvigo.es\/wp-content\/uploads\/2024\/04\/facultade-ciencias-ourense.png","contentUrl":"https:\/\/cytaa.uvigo.es\/wp-content\/uploads\/2024\/04\/facultade-ciencias-ourense.png","width":717,"height":165,"caption":"Facultade de Ciencias da Universidade de Vigo"},"image":{"@id":"https:\/\/fcou.uvigo.es\/#\/schema\/logo\/image\/"}}]}},"_links":{"self":[{"href":"https:\/\/cytaa.uvigo.es\/es\/wp-json\/wp\/v2\/pages\/15486"}],"collection":[{"href":"https:\/\/cytaa.uvigo.es\/es\/wp-json\/wp\/v2\/pages"}],"about":[{"href":"https:\/\/cytaa.uvigo.es\/es\/wp-json\/wp\/v2\/types\/page"}],"author":[{"embeddable":true,"href":"https:\/\/cytaa.uvigo.es\/es\/wp-json\/wp\/v2\/users\/8"}],"replies":[{"embeddable":true,"href":"https:\/\/cytaa.uvigo.es\/es\/wp-json\/wp\/v2\/comments?post=15486"}],"version-history":[{"count":12,"href":"https:\/\/cytaa.uvigo.es\/es\/wp-json\/wp\/v2\/pages\/15486\/revisions"}],"predecessor-version":[{"id":267800,"href":"https:\/\/cytaa.uvigo.es\/es\/wp-json\/wp\/v2\/pages\/15486\/revisions\/267800"}],"up":[{"embeddable":true,"href":"https:\/\/cytaa.uvigo.es\/es\/wp-json\/wp\/v2\/pages\/2117"}],"wp:attachment":[{"href":"https:\/\/cytaa.uvigo.es\/es\/wp-json\/wp\/v2\/media?parent=15486"}],"curies":[{"name":"wp","href":"https:\/\/api.w.org\/{rel}","templated":true}]}}